{"id":281758,"date":"2023-03-16T12:59:18","date_gmt":"2025-06-23T10:37:09","guid":{"rendered":"https:\/\/www.huntersfriend.eu\/product\/warne-tikka-zielfernrohrhalterungen-mittlere-hoehe\/"},"modified":"2025-06-23T12:37:09","modified_gmt":"2025-06-23T10:37:09","slug":"warne-tikka-zielfernrohrhalterungen-mittlere-hoehe","status":"publish","type":"product","link":"https:\/\/www.huntersfriend.eu\/de\/produkt\/warne-tikka-zielfernrohrhalterungen-mittlere-hoehe\/","title":{"rendered":"Warne Tikka Zielfernrohrhalterungen, mittlere H\u00f6he"},"content":{"rendered":"<p class=\"\" data-start=\"0\" data-end=\"105\"><strong data-start=\"0\" data-end=\"105\">Warne Zielfernrohrmontagen \u2013 hochwertige und erschwingliche optische Montagen f\u00fcr praktisch orientierte J\u00e4ger und Sch\u00fctzen<\/strong><\/p>\n<p class=\"\" data-start=\"107\" data-end=\"295\">Warne Zielfernrohrmontagen sind hochwertig verarbeitet und preislich angemessen, konzipiert, um den Anforderungen praktisch orientierter J\u00e4ger und Sch\u00fctzen gerecht zu werden. Die in den Vereinigten Staaten von Amerika hergestellten Warne Maxima Montagen sind aus Stahl gefertigt. <\/p>\n<p class=\"\" data-start=\"297\" data-end=\"644\"><strong data-start=\"297\" data-end=\"325\">Warne Maxima Tikka Montage<\/strong> ist daf\u00fcr konzipiert, Zielfernrohre mit einem 30-mm-Tubus an einem Gewehr zu befestigen. Die Tikka-Montage verf\u00fcgt \u00fcber einen 17-mm-Keilnutschlitz, der \u00fcblicherweise bei Gewehren wie dem Tikka T3 Verwendung findet. Eine der Montagen ist mit einem R\u00fccksto\u00dfpuffer ausgestattet, der bei Bedarf entfernt werden kann. Das Zielfernrohr wird mittels vertikaler Montage \u00fcber vier Torx-T-15-Schrauben an der Warne Maxima Montage befestigt.   <\/p>\n<p class=\"\" data-start=\"646\" data-end=\"872\">Die Warne Tikka Montage ist in den H\u00f6hen <strong data-start=\"684\" data-end=\"694\">Medium<\/strong> und <strong data-start=\"699\" data-end=\"707\">Hoch<\/strong> erh\u00e4ltlich. Die Wahl der korrekten Montageh\u00f6he h\u00e4ngt von der St\u00e4rke des Gewehrlaufs und dem Profil des Systems in Relation zum montierten Zielfernrohr ab. <\/p>\n<p class=\"\" data-start=\"874\" data-end=\"893\"><strong data-start=\"874\" data-end=\"893\">Spezifikationen:<\/strong><\/p>\n<ul data-start=\"894\" data-end=\"1060\" data-is-last-node=\"\" data-is-only-node=\"\">\n<li class=\"\" data-start=\"894\" data-end=\"941\">\n<p class=\"\" data-start=\"896\" data-end=\"941\"><strong data-start=\"896\" data-end=\"907\">H\u00f6he:<\/strong> Mittelhoch (Max. 52mm Objektivlinsendurchmesser)<\/p>\n<\/li>\n<li class=\"\" data-start=\"942\" data-end=\"967\">\n<p class=\"\" data-start=\"944\" data-end=\"967\"><strong data-start=\"944\" data-end=\"955\">Gewicht:<\/strong> 150,3 Gramm<\/p>\n<\/li>\n<li class=\"\" data-start=\"968\" data-end=\"1060\">\n<p class=\"\" data-start=\"970\" data-end=\"985\"><strong data-start=\"970\" data-end=\"985\">Abmessungen:<\/strong><\/p>\n<ul data-start=\"988\" data-end=\"1060\" data-is-last-node=\"\">\n<li class=\"\" data-start=\"988\" data-end=\"1008\">\n<p class=\"\" data-start=\"990\" data-end=\"1008\"><strong data-start=\"990\" data-end=\"1003\">Tubus (A):<\/strong> 30mm<\/p>\n<\/li>\n<li class=\"\" data-start=\"1011\" data-end=\"1034\">\n<p class=\"\" data-start=\"1013\" data-end=\"1034\"><strong data-start=\"1013\" data-end=\"1026\">Basis (B):<\/strong> 11,68mm<\/p>\n<\/li>\n<li class=\"\" data-start=\"1037\" data-end=\"1060\">\n<p class=\"\" data-start=\"1039\" data-end=\"1060\"><strong data-start=\"1039\" data-end=\"1053\">Breite (C):<\/strong> 17,9 mm<\/p>\n<\/li>\n<\/ul>\n<\/li>\n<\/ul>\n","protected":false},"excerpt":{"rendered":"<p>Warne Zielfernrohrmontagen \u2013 hochwertige und erschwingliche optische Montagen f\u00fcr praktisch orientierte J\u00e4ger und Sch\u00fctzen Warne Zielfernrohrmontagen sind hochwertig verarbeitet und preislich angemessen, konzipiert, um den Anforderungen praktisch orientierter J\u00e4ger und Sch\u00fctzen gerecht zu werden. Die in den Vereinigten Staaten von Amerika hergestellten Warne Maxima Montagen sind aus Stahl gefertigt. Warne Maxima Tikka Montage ist daf\u00fcr [&#8230;]\n","protected":false},"featured_media":277511,"comment_status":"open","ping_status":"closed","template":"","meta":[],"product_brand":[],"product_cat":[1413],"product_tag":[],"class_list":{"0":"post-281758","1":"product","2":"type-product","3":"status-publish","4":"has-post-thumbnail","6":"product_cat-zielfernrohrringe-montagen","8":"first","9":"instock","10":"taxable","11":"shipping-taxable","12":"purchasable","13":"product-type-simple"},"composite_virtual":false,"composite_layout":"","composite_add_to_cart_form_location":"","composite_editable_in_cart":false,"composite_sold_individually_context":"","composite_shop_price_calc":"","composite_components":[],"composite_scenarios":[],"group_of_quantity":0,"min_quantity":0,"max_quantity":"","exclude_order_quantity_value_rules":"no","exclude_category_quantity_rules":"no","combine_variations":"no","exclude_global_add_ons":[],"addons":[],"_links":{"self":[{"href":"https:\/\/www.huntersfriend.eu\/de\/wp-json\/wp\/v2\/product\/281758","targetHints":{"allow":["GET"]}}],"collection":[{"href":"https:\/\/www.huntersfriend.eu\/de\/wp-json\/wp\/v2\/product"}],"about":[{"href":"https:\/\/www.huntersfriend.eu\/de\/wp-json\/wp\/v2\/types\/product"}],"replies":[{"embeddable":true,"href":"https:\/\/www.huntersfriend.eu\/de\/wp-json\/wp\/v2\/comments?post=281758"}],"wp:featuredmedia":[{"embeddable":true,"href":"https:\/\/www.huntersfriend.eu\/de\/wp-json\/wp\/v2\/media\/277511"}],"wp:attachment":[{"href":"https:\/\/www.huntersfriend.eu\/de\/wp-json\/wp\/v2\/media?parent=281758"}],"wp:term":[{"taxonomy":"product_brand","embeddable":true,"href":"https:\/\/www.huntersfriend.eu\/de\/wp-json\/wp\/v2\/product_brand?post=281758"},{"taxonomy":"product_cat","embeddable":true,"href":"https:\/\/www.huntersfriend.eu\/de\/wp-json\/wp\/v2\/product_cat?post=281758"},{"taxonomy":"product_tag","embeddable":true,"href":"https:\/\/www.huntersfriend.eu\/de\/wp-json\/wp\/v2\/product_tag?post=281758"}],"curies":[{"name":"wp","href":"https:\/\/api.w.org\/{rel}","templated":true}]}}