{"id":281756,"date":"2023-03-16T12:59:23","date_gmt":"2025-06-23T10:24:24","guid":{"rendered":"https:\/\/www.huntersfriend.eu\/product\/warne-weaver-zielfernrohrhalterungen-hoch\/"},"modified":"2025-06-23T12:24:24","modified_gmt":"2025-06-23T10:24:24","slug":"warne-weaver-zielfernrohrhalterungen-hoch","status":"publish","type":"product","link":"https:\/\/www.huntersfriend.eu\/de\/produkt\/warne-weaver-zielfernrohrhalterungen-hoch\/","title":{"rendered":"Warne Weaver Zielfernrohrhalterungen, hoch"},"content":{"rendered":"<p class=\"\" data-start=\"0\" data-end=\"105\"><strong data-start=\"0\" data-end=\"105\">Warne Zielfernrohrmontagen \u2013 hochwertige und erschwingliche optische Montagen f\u00fcr praktisch orientierte J\u00e4ger und Sch\u00fctzen<\/strong><\/p>\n<p class=\"\" data-start=\"107\" data-end=\"315\">Warne Zielfernrohrmontagen sind bekannt f\u00fcr ihre Qualit\u00e4t und Erschwinglichkeit und wurden entwickelt, um den Bed\u00fcrfnissen praktischer J\u00e4ger und Sch\u00fctzen gerecht zu werden. Die in den Vereinigten Staaten hergestellten Warne Maxima Montagen sind aus Stahl gefertigt. <\/p>\n<p class=\"\" data-start=\"317\" data-end=\"587\">Die <strong data-start=\"321\" data-end=\"350\">Warne Maxima Weaver Montage<\/strong> ist f\u00fcr die Befestigung von Zielfernrohren mit 30-mm-Tubus an Schusswaffen konzipiert. Die Weaver-Montage ist sowohl mit Weaver- als auch mit Picatinny-Schienen kompatibel. Das Zielfernrohr wird mittels vier Torx T-15 Schrauben mit einer vertikalen Befestigung sicher an der Warne Maxima Montage angebracht.  <\/p>\n<p class=\"\" data-start=\"589\" data-end=\"822\">Die <strong data-start=\"593\" data-end=\"615\">Warne Weaver Montage<\/strong> ist in <strong data-start=\"632\" data-end=\"639\">niedriger<\/strong>, <strong data-start=\"641\" data-end=\"651\">mittlerer<\/strong> und <strong data-start=\"657\" data-end=\"665\">hoher<\/strong> Ausf\u00fchrung erh\u00e4ltlich. Die korrekte H\u00f6he der Montage h\u00e4ngt von der St\u00e4rke des Gewehrlaufs und dem Profil des Verschlusses in Relation zum zu montierenden Zielfernrohr ab. <\/p>\n<p class=\"\" data-start=\"824\" data-end=\"843\"><strong data-start=\"824\" data-end=\"843\">Spezifikationen:<\/strong><\/p>\n<ul data-start=\"844\" data-end=\"1008\" data-is-last-node=\"\" data-is-only-node=\"\">\n<li class=\"\" data-start=\"844\" data-end=\"889\">\n<p class=\"\" data-start=\"846\" data-end=\"889\"><strong data-start=\"846\" data-end=\"857\">H\u00f6he:<\/strong> Hoch (Max. 56mm Objektivlinse)<\/p>\n<\/li>\n<li class=\"\" data-start=\"890\" data-end=\"916\">\n<p class=\"\" data-start=\"892\" data-end=\"916\"><strong data-start=\"892\" data-end=\"903\">Gewicht:<\/strong> 175,77 Gramm<\/p>\n<\/li>\n<li class=\"\" data-start=\"917\" data-end=\"1008\">\n<p class=\"\" data-start=\"919\" data-end=\"934\"><strong data-start=\"919\" data-end=\"934\">Abmessungen:<\/strong><\/p>\n<ul data-start=\"937\" data-end=\"1008\" data-is-last-node=\"\">\n<li class=\"\" data-start=\"937\" data-end=\"957\">\n<p class=\"\" data-start=\"939\" data-end=\"957\"><strong data-start=\"939\" data-end=\"952\">Tubus (A):<\/strong> 30mm<\/p>\n<\/li>\n<li class=\"\" data-start=\"960\" data-end=\"982\">\n<p class=\"\" data-start=\"962\" data-end=\"982\"><strong data-start=\"962\" data-end=\"975\">Basis (B):<\/strong> 13,3 mm<\/p>\n<\/li>\n<li class=\"\" data-start=\"985\" data-end=\"1008\">\n<p class=\"\" data-start=\"987\" data-end=\"1008\"><strong data-start=\"987\" data-end=\"1001\">Breite (C):<\/strong> 17,9 mm<\/p>\n<\/li>\n<\/ul>\n<\/li>\n<\/ul>\n","protected":false},"excerpt":{"rendered":"<p>Warne Zielfernrohrmontagen \u2013 hochwertige und erschwingliche optische Montagen f\u00fcr praktisch orientierte J\u00e4ger und Sch\u00fctzen Warne Zielfernrohrmontagen sind bekannt f\u00fcr ihre Qualit\u00e4t und Erschwinglichkeit und wurden entwickelt, um den Bed\u00fcrfnissen praktischer J\u00e4ger und Sch\u00fctzen gerecht zu werden. Die in den Vereinigten Staaten hergestellten Warne Maxima Montagen sind aus Stahl gefertigt. Die Warne Maxima Weaver Montage ist [&#8230;]\n","protected":false},"featured_media":277537,"comment_status":"open","ping_status":"closed","template":"","meta":[],"product_brand":[],"product_cat":[1413],"product_tag":[],"class_list":{"0":"post-281756","1":"product","2":"type-product","3":"status-publish","4":"has-post-thumbnail","6":"product_cat-zielfernrohrringe-montagen","8":"first","9":"instock","10":"taxable","11":"shipping-taxable","12":"purchasable","13":"product-type-simple"},"composite_virtual":false,"composite_layout":"","composite_add_to_cart_form_location":"","composite_editable_in_cart":false,"composite_sold_individually_context":"","composite_shop_price_calc":"","composite_components":[],"composite_scenarios":[],"group_of_quantity":0,"min_quantity":0,"max_quantity":"","exclude_order_quantity_value_rules":"no","exclude_category_quantity_rules":"no","combine_variations":"no","exclude_global_add_ons":[],"addons":[],"_links":{"self":[{"href":"https:\/\/www.huntersfriend.eu\/de\/wp-json\/wp\/v2\/product\/281756","targetHints":{"allow":["GET"]}}],"collection":[{"href":"https:\/\/www.huntersfriend.eu\/de\/wp-json\/wp\/v2\/product"}],"about":[{"href":"https:\/\/www.huntersfriend.eu\/de\/wp-json\/wp\/v2\/types\/product"}],"replies":[{"embeddable":true,"href":"https:\/\/www.huntersfriend.eu\/de\/wp-json\/wp\/v2\/comments?post=281756"}],"wp:featuredmedia":[{"embeddable":true,"href":"https:\/\/www.huntersfriend.eu\/de\/wp-json\/wp\/v2\/media\/277537"}],"wp:attachment":[{"href":"https:\/\/www.huntersfriend.eu\/de\/wp-json\/wp\/v2\/media?parent=281756"}],"wp:term":[{"taxonomy":"product_brand","embeddable":true,"href":"https:\/\/www.huntersfriend.eu\/de\/wp-json\/wp\/v2\/product_brand?post=281756"},{"taxonomy":"product_cat","embeddable":true,"href":"https:\/\/www.huntersfriend.eu\/de\/wp-json\/wp\/v2\/product_cat?post=281756"},{"taxonomy":"product_tag","embeddable":true,"href":"https:\/\/www.huntersfriend.eu\/de\/wp-json\/wp\/v2\/product_tag?post=281756"}],"curies":[{"name":"wp","href":"https:\/\/api.w.org\/{rel}","templated":true}]}}