{"id":281755,"date":"2023-03-16T12:59:20","date_gmt":"2025-06-23T10:24:22","guid":{"rendered":"https:\/\/www.huntersfriend.eu\/product\/warne-tikka-schnellspannringe-fuer-zielfernrohre-mittelhoch\/"},"modified":"2025-06-23T12:24:22","modified_gmt":"2025-06-23T10:24:22","slug":"warne-tikka-schnellspannringe-fuer-zielfernrohre-mittelhoch","status":"publish","type":"product","link":"https:\/\/www.huntersfriend.eu\/de\/produkt\/warne-tikka-schnellspannringe-fuer-zielfernrohre-mittelhoch\/","title":{"rendered":"Warne Tikka Schnellspannringe f\u00fcr Zielfernrohre, Mittelhoch"},"content":{"rendered":"<p class=\"\" data-start=\"0\" data-end=\"105\"><strong data-start=\"0\" data-end=\"105\">Warne Zielfernrohrmontagen \u2013 hochwertige und erschwingliche optische Montagen f\u00fcr praktisch orientierte J\u00e4ger und Sch\u00fctzen<\/strong><\/p>\n<p class=\"\" data-start=\"107\" data-end=\"305\">Warne Zielfernrohrmontagen sind qualitativ hochwertig gefertigt und angemessen bepreist, konzipiert, um den Anspr\u00fcchen praktischer J\u00e4ger und Sch\u00fctzen gerecht zu werden. Die in den Vereinigten Staaten hergestellten Warne Maxima Montagen sind aus Stahl gefertigt. <\/p>\n<p class=\"\" data-start=\"307\" data-end=\"678\">Die <strong data-start=\"311\" data-end=\"353\">Warne Maxima Tikka Schnellspannmontage<\/strong> ist f\u00fcr die Befestigung von Zielfernrohren mit 30-mm-Tubus an Schusswaffen konzipiert. Die Tikka-Montage verf\u00fcgt \u00fcber einen 17-mm-Keilnutenschlitz, der h\u00e4ufig bei Gewehren wie der Tikka T3 verwendet wird. Eine der Montagen beinhaltet einen R\u00fccksto\u00dfpuffer, der bei Bedarf entfernt werden kann. Das Zielfernrohr wird mittels vertikaler Montage unter Verwendung von vier Torx T-15 Schrauben an der Warne Maxima Montage befestigt.   <\/p>\n<p class=\"\" data-start=\"680\" data-end=\"896\">Die <strong data-start=\"684\" data-end=\"719\">Warne Tikka Schnellspannmontage<\/strong> ist in den H\u00f6hen <strong data-start=\"736\" data-end=\"746\">Mittelhoch<\/strong> und <strong data-start=\"751\" data-end=\"759\">Hoch<\/strong> erh\u00e4ltlich. Die korrekte Montageh\u00f6he h\u00e4ngt von der St\u00e4rke des Gewehrlaufs und dem Aktionsprofil in Relation zum montierten Zielfernrohr ab. <\/p>\n<p class=\"\" data-start=\"898\" data-end=\"917\"><strong data-start=\"898\" data-end=\"917\">Spezifikationen:<\/strong><\/p>\n<ul data-start=\"918\" data-end=\"1084\" data-is-last-node=\"\" data-is-only-node=\"\">\n<li class=\"\" data-start=\"918\" data-end=\"965\">\n<p class=\"\" data-start=\"920\" data-end=\"965\"><strong data-start=\"920\" data-end=\"931\">H\u00f6he:<\/strong> Mittelhoch (Max. 52mm Objektivlinsendurchmesser)<\/p>\n<\/li>\n<li class=\"\" data-start=\"966\" data-end=\"991\">\n<p class=\"\" data-start=\"968\" data-end=\"991\"><strong data-start=\"968\" data-end=\"979\">Gewicht:<\/strong> 172,9 Gramm<\/p>\n<\/li>\n<li class=\"\" data-start=\"992\" data-end=\"1084\">\n<p class=\"\" data-start=\"994\" data-end=\"1009\"><strong data-start=\"994\" data-end=\"1009\">Abmessungen:<\/strong><\/p>\n<ul data-start=\"1012\" data-end=\"1084\" data-is-last-node=\"\">\n<li class=\"\" data-start=\"1012\" data-end=\"1032\">\n<p class=\"\" data-start=\"1014\" data-end=\"1032\"><strong data-start=\"1014\" data-end=\"1027\">Tubus (A):<\/strong> 30mm<\/p>\n<\/li>\n<li class=\"\" data-start=\"1035\" data-end=\"1058\">\n<p class=\"\" data-start=\"1037\" data-end=\"1058\"><strong data-start=\"1037\" data-end=\"1050\">Basis (B):<\/strong> 11,68mm<\/p>\n<\/li>\n<li class=\"\" data-start=\"1061\" data-end=\"1084\">\n<p class=\"\" data-start=\"1063\" data-end=\"1084\"><strong data-start=\"1063\" data-end=\"1077\">Breite (C):<\/strong> 17,9 mm<\/p>\n<\/li>\n<\/ul>\n<\/li>\n<\/ul>\n","protected":false},"excerpt":{"rendered":"<p>Warne Zielfernrohrmontagen \u2013 hochwertige und erschwingliche optische Montagen f\u00fcr praktisch orientierte J\u00e4ger und Sch\u00fctzen Warne Zielfernrohrmontagen sind qualitativ hochwertig gefertigt und angemessen bepreist, konzipiert, um den Anspr\u00fcchen praktischer J\u00e4ger und Sch\u00fctzen gerecht zu werden. Die in den Vereinigten Staaten hergestellten Warne Maxima Montagen sind aus Stahl gefertigt. Die Warne Maxima Tikka Schnellspannmontage ist f\u00fcr die [&#8230;]\n","protected":false},"featured_media":277519,"comment_status":"open","ping_status":"closed","template":"","meta":[],"product_brand":[],"product_cat":[1413],"product_tag":[],"class_list":{"0":"post-281755","1":"product","2":"type-product","3":"status-publish","4":"has-post-thumbnail","6":"product_cat-zielfernrohrringe-montagen","8":"first","9":"instock","10":"taxable","11":"shipping-taxable","12":"purchasable","13":"product-type-simple"},"composite_virtual":false,"composite_layout":"","composite_add_to_cart_form_location":"","composite_editable_in_cart":false,"composite_sold_individually_context":"","composite_shop_price_calc":"","composite_components":[],"composite_scenarios":[],"group_of_quantity":0,"min_quantity":0,"max_quantity":"","exclude_order_quantity_value_rules":"no","exclude_category_quantity_rules":"no","combine_variations":"no","exclude_global_add_ons":[],"addons":[],"_links":{"self":[{"href":"https:\/\/www.huntersfriend.eu\/de\/wp-json\/wp\/v2\/product\/281755","targetHints":{"allow":["GET"]}}],"collection":[{"href":"https:\/\/www.huntersfriend.eu\/de\/wp-json\/wp\/v2\/product"}],"about":[{"href":"https:\/\/www.huntersfriend.eu\/de\/wp-json\/wp\/v2\/types\/product"}],"replies":[{"embeddable":true,"href":"https:\/\/www.huntersfriend.eu\/de\/wp-json\/wp\/v2\/comments?post=281755"}],"wp:featuredmedia":[{"embeddable":true,"href":"https:\/\/www.huntersfriend.eu\/de\/wp-json\/wp\/v2\/media\/277519"}],"wp:attachment":[{"href":"https:\/\/www.huntersfriend.eu\/de\/wp-json\/wp\/v2\/media?parent=281755"}],"wp:term":[{"taxonomy":"product_brand","embeddable":true,"href":"https:\/\/www.huntersfriend.eu\/de\/wp-json\/wp\/v2\/product_brand?post=281755"},{"taxonomy":"product_cat","embeddable":true,"href":"https:\/\/www.huntersfriend.eu\/de\/wp-json\/wp\/v2\/product_cat?post=281755"},{"taxonomy":"product_tag","embeddable":true,"href":"https:\/\/www.huntersfriend.eu\/de\/wp-json\/wp\/v2\/product_tag?post=281755"}],"curies":[{"name":"wp","href":"https:\/\/api.w.org\/{rel}","templated":true}]}}