{"id":281754,"date":"2023-03-16T13:15:11","date_gmt":"2023-03-16T11:15:11","guid":{"rendered":"https:\/\/www.huntersfriend.eu\/product\/alps-outdoorz-extreme-upland-game-vest-x-2-0\/"},"modified":"2026-01-04T10:42:20","modified_gmt":"2026-01-04T08:42:20","slug":"alps-outdoorz-extreme-upland-game-vest-x-2-0","status":"publish","type":"product","link":"https:\/\/www.huntersfriend.eu\/de\/produkt\/alps-outdoorz-extreme-upland-game-vest-x-2-0\/","title":{"rendered":"Alps outdoorz extreme Upland game vest x 2.0"},"content":{"rendered":"<p>Die Extreme Upland Game Vest X 2.0 ist das perfekte Zubeh\u00f6r f\u00fcr die Niederwild- und Kaninchenjagd und verf\u00fcgt \u00fcber eine Vielzahl innovativer Funktionen. Die Schultergurte sind ultraschmal f\u00fcr maximalen Schie\u00dfkomfort, und sie weist auch eine leichte, bel\u00fcftete R\u00fccken- und H\u00fcftgurtkonstruktion auf. Die Upland Game Vest X 2.0 ist die erste Weste auf dem Markt, die sowohl einen erweiterbaren als auch abnehmbaren H\u00fcftgurt bietet, der von 26 \u201ebis 62\u201c reicht. Sie verf\u00fcgt \u00fcber MOLLE-Gurtband am H\u00fcftgurt, 2 magnetische Patronentaschen mit rutschfesten Deckeln, eine erweiterte Wildtasche f\u00fcr einfachen Zugriff und zus\u00e4tzlichen Stauraum mit einer R\u00fcckentasche. Komfort steht an erster Stelle, und sowohl m\u00e4nnliche als auch weibliche J\u00e4ger werden mit dem Tragekomfort dieser Weste sicherlich zufrieden sein.    <\/p>\n<p>\u2022 Erweiterbarer und abnehmbarer H\u00fcftgurt verwandelt diese einzelne Weste vom kleinsten zum gr\u00f6\u00dften H\u00fcftgurt auf dem Markt (26 \u201e- 62\u201c)<\/p>\n<p>\u2022 Neu gestaltete, strukturierte Patronentaschen mit m\u00fchelosem einh\u00e4ndigem magnetischem \u00d6ffnen und Schlie\u00dfen, dienen gleichzeitig als Gewehrauflage<\/p>\n<p>\u2022 Leicht zug\u00e4ngliche, \u00fcbergro\u00dfe Wildtasche mit 40,64 cm Verstellm\u00f6glichkeit f\u00fcr schwere Lasten und einfache Reinigung<\/p>\n<p>\u2022 MOLLE-System am H\u00fcftgurt erm\u00f6glicht unbegrenzte Befestigungsm\u00f6glichkeiten<\/p>\n<p>\u2022 43,18 cm gro\u00dfes hinteres Staufach befindet sich unter einer ger\u00e4umigen, filzgef\u00fctterten Wertsachentasche<\/p>\n<p>\u2022 Ultrad\u00fcnne, sch\u00fctzenfreundliche Schultergurte f\u00fcr maximalen Komfort<\/p>\n<p>\u2022 Leichte, bel\u00fcftete R\u00fccken- und H\u00fcftgurtkonstruktion erh\u00f6ht Komfort und Leistung<\/p>\n<p>\u2022 Hydrationssystem-kompatibel<\/p>\n<p>\u2022 Zwei elastische Wasserflaschentaschen<\/p>\n<table border=\"3\">\n<tbody>\n<tr align=\"CENTER\">\n<td><b>H\u00fcftgurtbereich<\/b><\/td>\n<td>26 \u201e\u2013 62\u201c<\/td>\n<\/tr>\n<tr align=\"CENTER\">\n<td><b>Gewicht<\/b><\/td>\n<td>1,47 kg <\/td>\n<\/tr>\n<\/tbody>\n<\/table>\n","protected":false},"excerpt":{"rendered":"<p>Die Extreme Upland Game Vest X 2.0 ist das perfekte Zubeh\u00f6r f\u00fcr die Niederwild- und Kaninchenjagd und verf\u00fcgt \u00fcber eine Vielzahl innovativer Funktionen. Die Schultergurte sind ultraschmal f\u00fcr maximalen Schie\u00dfkomfort, und sie weist auch eine leichte, bel\u00fcftete R\u00fccken- und H\u00fcftgurtkonstruktion auf. Die Upland Game Vest X 2.0 ist die erste Weste auf dem Markt, die [&#8230;]\n","protected":false},"featured_media":245831,"comment_status":"open","ping_status":"closed","template":"","meta":[],"product_brand":[],"product_cat":[1386],"product_tag":[],"class_list":{"0":"post-281754","1":"product","2":"type-product","3":"status-publish","4":"has-post-thumbnail","6":"product_cat-westen","8":"first","9":"instock","10":"sale","11":"taxable","12":"shipping-taxable","13":"purchasable","14":"product-type-simple"},"composite_virtual":false,"composite_layout":"","composite_add_to_cart_form_location":"","composite_editable_in_cart":false,"composite_sold_individually_context":"","composite_shop_price_calc":"","composite_components":[],"composite_scenarios":[],"group_of_quantity":0,"min_quantity":0,"max_quantity":"","exclude_order_quantity_value_rules":"no","exclude_category_quantity_rules":"no","combine_variations":"no","exclude_global_add_ons":[],"addons":[],"_links":{"self":[{"href":"https:\/\/www.huntersfriend.eu\/de\/wp-json\/wp\/v2\/product\/281754","targetHints":{"allow":["GET"]}}],"collection":[{"href":"https:\/\/www.huntersfriend.eu\/de\/wp-json\/wp\/v2\/product"}],"about":[{"href":"https:\/\/www.huntersfriend.eu\/de\/wp-json\/wp\/v2\/types\/product"}],"replies":[{"embeddable":true,"href":"https:\/\/www.huntersfriend.eu\/de\/wp-json\/wp\/v2\/comments?post=281754"}],"wp:featuredmedia":[{"embeddable":true,"href":"https:\/\/www.huntersfriend.eu\/de\/wp-json\/wp\/v2\/media\/245831"}],"wp:attachment":[{"href":"https:\/\/www.huntersfriend.eu\/de\/wp-json\/wp\/v2\/media?parent=281754"}],"wp:term":[{"taxonomy":"product_brand","embeddable":true,"href":"https:\/\/www.huntersfriend.eu\/de\/wp-json\/wp\/v2\/product_brand?post=281754"},{"taxonomy":"product_cat","embeddable":true,"href":"https:\/\/www.huntersfriend.eu\/de\/wp-json\/wp\/v2\/product_cat?post=281754"},{"taxonomy":"product_tag","embeddable":true,"href":"https:\/\/www.huntersfriend.eu\/de\/wp-json\/wp\/v2\/product_tag?post=281754"}],"curies":[{"name":"wp","href":"https:\/\/api.w.org\/{rel}","templated":true}]}}