{"id":281753,"date":"2023-03-16T12:59:17","date_gmt":"2025-06-23T10:24:21","guid":{"rendered":"https:\/\/www.huntersfriend.eu\/product\/armytek-fernschalter-mrs-01\/"},"modified":"2025-09-17T13:10:39","modified_gmt":"2025-09-17T11:10:39","slug":"armytek-fernschalter-mrs-01","status":"publish","type":"product","link":"https:\/\/www.huntersfriend.eu\/de\/produkt\/armytek-fernschalter-mrs-01\/","title":{"rendered":"Armytek Fernschalter, MRS-01"},"content":{"rendered":"<p><big>Der neue MRS-01 Fernschalter ist f\u00fcr Schie\u00df- und Jagdaufgaben unerl\u00e4sslich. Er wird am Endst\u00fcck der Taschenlampe installiert und dient zur momentanen Aktivierung (nur bei gedr\u00fccktem Knopf) oder zur dauerhaften Einschaltung der Taschenlampe. <\/big><\/p>\n<p><big>Die Halterung f\u00fcr die Picatinny-Schiene ist im Lieferumfang enthalten.<\/big><\/p>\n<p><big>Die L\u00e4nge des Kabels kann zwischen 25 und 70 cm variieren.<\/big><\/p>\n<p><big><em>Der Fernschalter MRS-01 ist f\u00fcr Armytek taktische Taschenlampen mit magnetischem Ladeger\u00e4t konzipiert: Viking Pro Magnet USB, Dobermann Pro Magnet USB, Predator Pro Magnet USB.<\/em><\/big><\/p>\n","protected":false},"excerpt":{"rendered":"<p>Der neue MRS-01 Fernschalter ist f\u00fcr Schie\u00df- und Jagdaufgaben unerl\u00e4sslich. Er wird am Endst\u00fcck der Taschenlampe installiert und dient zur momentanen Aktivierung (nur bei gedr\u00fccktem Knopf) oder zur dauerhaften Einschaltung der Taschenlampe. Die Halterung f\u00fcr die Picatinny-Schiene ist im Lieferumfang enthalten. Die L\u00e4nge des Kabels kann zwischen 25 und 70 cm variieren. Der Fernschalter MRS-01 [&#8230;]\n","protected":false},"featured_media":250717,"comment_status":"open","ping_status":"closed","template":"","meta":[],"product_brand":[],"product_cat":[1408],"product_tag":[],"class_list":{"0":"post-281753","1":"product","2":"type-product","3":"status-publish","4":"has-post-thumbnail","6":"product_cat-jagdlampen","8":"first","9":"instock","10":"taxable","11":"shipping-taxable","12":"purchasable","13":"product-type-simple"},"composite_virtual":false,"composite_layout":"","composite_add_to_cart_form_location":"","composite_editable_in_cart":false,"composite_sold_individually_context":"","composite_shop_price_calc":"","composite_components":[],"composite_scenarios":[],"group_of_quantity":0,"min_quantity":0,"max_quantity":"","exclude_order_quantity_value_rules":"no","exclude_category_quantity_rules":"no","combine_variations":"no","exclude_global_add_ons":[],"addons":[],"_links":{"self":[{"href":"https:\/\/www.huntersfriend.eu\/de\/wp-json\/wp\/v2\/product\/281753","targetHints":{"allow":["GET"]}}],"collection":[{"href":"https:\/\/www.huntersfriend.eu\/de\/wp-json\/wp\/v2\/product"}],"about":[{"href":"https:\/\/www.huntersfriend.eu\/de\/wp-json\/wp\/v2\/types\/product"}],"replies":[{"embeddable":true,"href":"https:\/\/www.huntersfriend.eu\/de\/wp-json\/wp\/v2\/comments?post=281753"}],"wp:featuredmedia":[{"embeddable":true,"href":"https:\/\/www.huntersfriend.eu\/de\/wp-json\/wp\/v2\/media\/250717"}],"wp:attachment":[{"href":"https:\/\/www.huntersfriend.eu\/de\/wp-json\/wp\/v2\/media?parent=281753"}],"wp:term":[{"taxonomy":"product_brand","embeddable":true,"href":"https:\/\/www.huntersfriend.eu\/de\/wp-json\/wp\/v2\/product_brand?post=281753"},{"taxonomy":"product_cat","embeddable":true,"href":"https:\/\/www.huntersfriend.eu\/de\/wp-json\/wp\/v2\/product_cat?post=281753"},{"taxonomy":"product_tag","embeddable":true,"href":"https:\/\/www.huntersfriend.eu\/de\/wp-json\/wp\/v2\/product_tag?post=281753"}],"curies":[{"name":"wp","href":"https:\/\/api.w.org\/{rel}","templated":true}]}}