{"id":281750,"date":"2023-03-16T12:59:26","date_gmt":"2025-06-23T10:24:19","guid":{"rendered":"https:\/\/www.huntersfriend.eu\/product\/warne-weaver-schnellspannmontageringe-hoch\/"},"modified":"2025-06-23T12:24:19","modified_gmt":"2025-06-23T10:24:19","slug":"warne-weaver-schnellspannmontageringe-hoch","status":"publish","type":"product","link":"https:\/\/www.huntersfriend.eu\/de\/produkt\/warne-weaver-schnellspannmontageringe-hoch\/","title":{"rendered":"Warne Weaver Schnellspannmontageringe, hoch"},"content":{"rendered":"<p class=\"\" data-start=\"0\" data-end=\"100\"><strong data-start=\"0\" data-end=\"100\">Warne Zielfernrohrmontagen \u2013 qualitativ hochwertige und erschwingliche optische Halterungen f\u00fcr praxisorientierte J\u00e4ger und Sch\u00fctzen<\/strong><\/p>\n<p class=\"\" data-start=\"102\" data-end=\"287\">Warne Zielfernrohrmontagen sind qualitativ hochwertig und preislich angemessen, konzipiert f\u00fcr die praktischen Bed\u00fcrfnisse von J\u00e4gern und Sch\u00fctzen. Die in den USA hergestellten Warne Maxima Montagen sind aus Stahl gefertigt. <\/p>\n<p class=\"\" data-start=\"289\" data-end=\"573\">Die <strong data-start=\"293\" data-end=\"336\">Warne Maxima Weaver Schnellspannmontage<\/strong> ist f\u00fcr die Befestigung von Zielfernrohren mit 30-mm-Tubus an Schusswaffen konzipiert. Das Weaver-Montagesystem erm\u00f6glicht die Verwendung sowohl auf Weaver- als auch auf Picatinny-Schienen. Das Zielfernrohr wird mittels einer vertikalen Befestigung mit vier Torx T-15 Schrauben an der Warne Maxima Montage angebracht.  <\/p>\n<p class=\"\" data-start=\"575\" data-end=\"819\">Die <strong data-start=\"579\" data-end=\"615\">Warne Weaver Schnellspannmontage<\/strong> ist in <strong data-start=\"632\" data-end=\"639\">niedriger<\/strong>, <strong data-start=\"641\" data-end=\"651\">mittlerer<\/strong> und <strong data-start=\"657\" data-end=\"665\">hoher<\/strong> Ausf\u00fchrung erh\u00e4ltlich. Die korrekte H\u00f6he der Montage h\u00e4ngt von der St\u00e4rke des Waffenlaufs und dem Profil des Verschlusssystems in Relation zum zu montierenden Zielfernrohr ab. <\/p>\n<p class=\"\" data-start=\"821\" data-end=\"840\"><strong data-start=\"821\" data-end=\"840\">Spezifikationen:<\/strong><\/p>\n<ul data-start=\"841\" data-end=\"1004\" data-is-last-node=\"\" data-is-only-node=\"\">\n<li class=\"\" data-start=\"841\" data-end=\"885\">\n<p class=\"\" data-start=\"843\" data-end=\"885\"><strong data-start=\"843\" data-end=\"854\">H\u00f6he:<\/strong> Niedrig (Max. 56mm Objektivlinse)<\/p>\n<\/li>\n<li class=\"\" data-start=\"886\" data-end=\"911\">\n<p class=\"\" data-start=\"888\" data-end=\"911\"><strong data-start=\"888\" data-end=\"899\">Gewicht:<\/strong> 195,6 Gramm<\/p>\n<\/li>\n<li class=\"\" data-start=\"912\" data-end=\"1004\">\n<p class=\"\" data-start=\"914\" data-end=\"929\"><strong data-start=\"914\" data-end=\"929\">Abmessungen:<\/strong><\/p>\n<ul data-start=\"932\" data-end=\"1004\" data-is-last-node=\"\">\n<li class=\"\" data-start=\"932\" data-end=\"952\">\n<p class=\"\" data-start=\"934\" data-end=\"952\"><strong data-start=\"934\" data-end=\"947\">Tubus (A):<\/strong> 30mm<\/p>\n<\/li>\n<li class=\"\" data-start=\"955\" data-end=\"978\">\n<p class=\"\" data-start=\"957\" data-end=\"978\"><strong data-start=\"957\" data-end=\"970\">Basis (B):<\/strong> 13,34mm<\/p>\n<\/li>\n<li class=\"\" data-start=\"981\" data-end=\"1004\">\n<p class=\"\" data-start=\"983\" data-end=\"1004\"><strong data-start=\"983\" data-end=\"997\">Breite (C):<\/strong> 17,9 mm<\/p>\n<\/li>\n<\/ul>\n<\/li>\n<\/ul>\n","protected":false},"excerpt":{"rendered":"<p>Warne Zielfernrohrmontagen \u2013 qualitativ hochwertige und erschwingliche optische Halterungen f\u00fcr praxisorientierte J\u00e4ger und Sch\u00fctzen Warne Zielfernrohrmontagen sind qualitativ hochwertig und preislich angemessen, konzipiert f\u00fcr die praktischen Bed\u00fcrfnisse von J\u00e4gern und Sch\u00fctzen. Die in den USA hergestellten Warne Maxima Montagen sind aus Stahl gefertigt. Die Warne Maxima Weaver Schnellspannmontage ist f\u00fcr die Befestigung von Zielfernrohren mit [&#8230;]\n","protected":false},"featured_media":277544,"comment_status":"open","ping_status":"closed","template":"","meta":[],"product_brand":[],"product_cat":[1413],"product_tag":[],"class_list":{"0":"post-281750","1":"product","2":"type-product","3":"status-publish","4":"has-post-thumbnail","6":"product_cat-zielfernrohrringe-montagen","8":"first","9":"instock","10":"taxable","11":"shipping-taxable","12":"purchasable","13":"product-type-simple"},"composite_virtual":false,"composite_layout":"","composite_add_to_cart_form_location":"","composite_editable_in_cart":false,"composite_sold_individually_context":"","composite_shop_price_calc":"","composite_components":[],"composite_scenarios":[],"group_of_quantity":0,"min_quantity":0,"max_quantity":"","exclude_order_quantity_value_rules":"no","exclude_category_quantity_rules":"no","combine_variations":"no","exclude_global_add_ons":[],"addons":[],"_links":{"self":[{"href":"https:\/\/www.huntersfriend.eu\/de\/wp-json\/wp\/v2\/product\/281750","targetHints":{"allow":["GET"]}}],"collection":[{"href":"https:\/\/www.huntersfriend.eu\/de\/wp-json\/wp\/v2\/product"}],"about":[{"href":"https:\/\/www.huntersfriend.eu\/de\/wp-json\/wp\/v2\/types\/product"}],"replies":[{"embeddable":true,"href":"https:\/\/www.huntersfriend.eu\/de\/wp-json\/wp\/v2\/comments?post=281750"}],"wp:featuredmedia":[{"embeddable":true,"href":"https:\/\/www.huntersfriend.eu\/de\/wp-json\/wp\/v2\/media\/277544"}],"wp:attachment":[{"href":"https:\/\/www.huntersfriend.eu\/de\/wp-json\/wp\/v2\/media?parent=281750"}],"wp:term":[{"taxonomy":"product_brand","embeddable":true,"href":"https:\/\/www.huntersfriend.eu\/de\/wp-json\/wp\/v2\/product_brand?post=281750"},{"taxonomy":"product_cat","embeddable":true,"href":"https:\/\/www.huntersfriend.eu\/de\/wp-json\/wp\/v2\/product_cat?post=281750"},{"taxonomy":"product_tag","embeddable":true,"href":"https:\/\/www.huntersfriend.eu\/de\/wp-json\/wp\/v2\/product_tag?post=281750"}],"curies":[{"name":"wp","href":"https:\/\/api.w.org\/{rel}","templated":true}]}}