{"id":281749,"date":"2023-03-16T12:59:24","date_gmt":"2025-06-23T10:24:18","guid":{"rendered":"https:\/\/www.huntersfriend.eu\/product\/warne-weaver-schnellspann-zielfernrohrhalterungen-niedrig\/"},"modified":"2025-06-23T12:24:18","modified_gmt":"2025-06-23T10:24:18","slug":"warne-weaver-schnellspann-zielfernrohrhalterungen-niedrig","status":"publish","type":"product","link":"https:\/\/www.huntersfriend.eu\/de\/produkt\/warne-weaver-schnellspann-zielfernrohrhalterungen-niedrig\/","title":{"rendered":"Warne Weaver Schnellspann-Zielfernrohrhalterungen, niedrig"},"content":{"rendered":"<div>Warne Zielfernrohrmontagen sind hochwertige und preislich angemessene Montagen f\u00fcr den praktisch orientierten J\u00e4ger und Sch\u00fctzen. Warne Zielfernrohrmontagen werden in den Vereinigten Staaten hergestellt, und die Warne Maxima Montagen sind aus Stahl gefertigt. <\/div>\n<div><\/div>\n<div>Die Warne Maxima Weaver Schnellspann-Zielfernrohrmontage ist f\u00fcr die Befestigung von Zielfernrohren mit einem 30-mm-Tubus an einer Schusswaffe konzipiert. Die Warne Weaver Montage ist so konstruiert, dass sie sowohl mit Weaver- als auch mit Picatinny-Schienen kompatibel ist. Das Zielfernrohr wird mittels vertikaler Befestigung mit vier Torx T-15 Schrauben an der Warne Maxima Montage angebracht.  <\/div>\n<div><\/div>\n<div>Die Warne Weaver Schnellspann-Montage ist in den H\u00f6hen Niedrig, Mittel und Hoch erh\u00e4ltlich. Die korrekte Montageh\u00f6he h\u00e4ngt von der Dicke des Gewehrlaufs und dem Profil des Gewehrverschlusses in Relation zum zu montierenden Zielfernrohr ab. <\/div>\n<div><\/div>\n<div>H\u00f6he: Niedrig (Max. 42mm Objektivlinse)<\/div>\n<div><\/div>\n<div>Gewicht: 147,42 Gramm<\/div>\n<div><\/div>\n<div>\n<div class=\"group\/conversation-turn relative flex w-full min-w-0 flex-col agent-turn\">\n<div class=\"flex-col gap-1 md:gap-3\">\n<div class=\"flex max-w-full flex-col flex-grow\">\n<div class=\"min-h-8 text-message flex w-full flex-col items-end gap-2 whitespace-normal break-words [.text-message+&amp;]:mt-5\" dir=\"auto\" data-message-author-role=\"assistant\" data-message-id=\"4696911f-53bd-4024-9ec7-fb52a95265dc\">\n<div class=\"flex w-full flex-col gap-1 empty:hidden first:pt-[3px]\">\n<div class=\"markdown prose w-full break-words dark:prose-invert light\">\n<p>Abmessungen:<\/p>\n<ul>\n<li><strong>Tubendurchmesser (A):<\/strong> 30mm<\/li>\n<li><strong>Basish\u00f6he (B):<\/strong> 6,35mm<\/li>\n<li><strong>Breite (C):<\/strong> 17,9 mm<br \/>\n<img decoding=\"async\" class=\"wp-image-273951 alignleft\" src=\"https:\/\/www.huntersfriend.eu\/app\/uploads\/2023\/03\/warne-vertical-qd-ring-specs-600x600.jpg\" alt=\"\" width=\"275\" height=\"275\" srcset=\"https:\/\/www.huntersfriend.eu\/app\/uploads\/2023\/03\/warne-vertical-qd-ring-specs-600x600.jpg 600w, https:\/\/www.huntersfriend.eu\/app\/uploads\/2023\/03\/warne-vertical-qd-ring-specs-1024x1024.jpg 1024w, https:\/\/www.huntersfriend.eu\/app\/uploads\/2023\/03\/warne-vertical-qd-ring-specs-150x150.jpg 150w, https:\/\/www.huntersfriend.eu\/app\/uploads\/2023\/03\/warne-vertical-qd-ring-specs-768x768.jpg 768w, https:\/\/www.huntersfriend.eu\/app\/uploads\/2023\/03\/warne-vertical-qd-ring-specs-1536x1536.jpg 1536w, https:\/\/www.huntersfriend.eu\/app\/uploads\/2023\/03\/warne-vertical-qd-ring-specs-300x300.jpg 300w, https:\/\/www.huntersfriend.eu\/app\/uploads\/2023\/03\/warne-vertical-qd-ring-specs-200x200.jpg 200w, https:\/\/www.huntersfriend.eu\/app\/uploads\/2023\/03\/warne-vertical-qd-ring-specs.jpg 1920w\" sizes=\"(max-width: 275px) 100vw, 275px\" \/><\/li>\n<\/ul>\n<\/div>\n<\/div>\n<\/div>\n<\/div>\n<\/div>\n<\/div>\n<\/div>\n","protected":false},"excerpt":{"rendered":"<p>Warne Zielfernrohrmontagen sind hochwertige und preislich angemessene Montagen f\u00fcr den praktisch orientierten J\u00e4ger und Sch\u00fctzen. Warne Zielfernrohrmontagen werden in den Vereinigten Staaten hergestellt, und die Warne Maxima Montagen sind aus Stahl gefertigt. Die Warne Maxima Weaver Schnellspann-Zielfernrohrmontage ist f\u00fcr die Befestigung von Zielfernrohren mit einem 30-mm-Tubus an einer Schusswaffe konzipiert. Die Warne Weaver Montage ist [&#8230;]\n","protected":false},"featured_media":273955,"comment_status":"open","ping_status":"closed","template":"","meta":[],"product_brand":[],"product_cat":[1413],"product_tag":[],"class_list":{"0":"post-281749","1":"product","2":"type-product","3":"status-publish","4":"has-post-thumbnail","6":"product_cat-zielfernrohrringe-montagen","8":"first","9":"instock","10":"taxable","11":"shipping-taxable","12":"purchasable","13":"product-type-simple"},"composite_virtual":false,"composite_layout":"","composite_add_to_cart_form_location":"","composite_editable_in_cart":false,"composite_sold_individually_context":"","composite_shop_price_calc":"","composite_components":[],"composite_scenarios":[],"group_of_quantity":0,"min_quantity":0,"max_quantity":"","exclude_order_quantity_value_rules":"no","exclude_category_quantity_rules":"no","combine_variations":"no","exclude_global_add_ons":[],"addons":[],"_links":{"self":[{"href":"https:\/\/www.huntersfriend.eu\/de\/wp-json\/wp\/v2\/product\/281749","targetHints":{"allow":["GET"]}}],"collection":[{"href":"https:\/\/www.huntersfriend.eu\/de\/wp-json\/wp\/v2\/product"}],"about":[{"href":"https:\/\/www.huntersfriend.eu\/de\/wp-json\/wp\/v2\/types\/product"}],"replies":[{"embeddable":true,"href":"https:\/\/www.huntersfriend.eu\/de\/wp-json\/wp\/v2\/comments?post=281749"}],"wp:featuredmedia":[{"embeddable":true,"href":"https:\/\/www.huntersfriend.eu\/de\/wp-json\/wp\/v2\/media\/273955"}],"wp:attachment":[{"href":"https:\/\/www.huntersfriend.eu\/de\/wp-json\/wp\/v2\/media?parent=281749"}],"wp:term":[{"taxonomy":"product_brand","embeddable":true,"href":"https:\/\/www.huntersfriend.eu\/de\/wp-json\/wp\/v2\/product_brand?post=281749"},{"taxonomy":"product_cat","embeddable":true,"href":"https:\/\/www.huntersfriend.eu\/de\/wp-json\/wp\/v2\/product_cat?post=281749"},{"taxonomy":"product_tag","embeddable":true,"href":"https:\/\/www.huntersfriend.eu\/de\/wp-json\/wp\/v2\/product_tag?post=281749"}],"curies":[{"name":"wp","href":"https:\/\/api.w.org\/{rel}","templated":true}]}}