{"id":281748,"date":"2023-03-16T12:59:14","date_gmt":"2023-03-16T10:59:14","guid":{"rendered":"https:\/\/www.huntersfriend.eu\/product\/primedge-ergosteel-ii-schaerfgeraet\/"},"modified":"2025-08-26T14:48:36","modified_gmt":"2025-08-26T12:48:36","slug":"primedge-ergosteel-ii-schaerfgeraet","status":"publish","type":"product","link":"https:\/\/www.huntersfriend.eu\/de\/produkt\/primedge-ergosteel-ii-schaerfgeraet\/","title":{"rendered":"PRIMedge ErgoSteel II Sch\u00e4rfger\u00e4t"},"content":{"rendered":"<p>Unabh\u00e4ngig davon, ob Sie H\u00fchner-, Rind-, Schweine- oder Fischfleisch verarbeiten, ist die Aufrechterhaltung scharfer Messerklingen am Flie\u00dfband von essentieller Bedeutung. Durch den Gebrauch stumpfen scharfe Messer ab. Der Ergo Steel II ist ein Werkzeug zur Kantenpflege, das direkt in der Produktion eingesetzt wird. Im Laufe des Tages, wenn eine Messerklinge abstumpft, kann der Bediener die Klinge durch die einzigartigen federgespannten St\u00e4be des Ergo Steel II ziehen und die Kante innerhalb von Sekunden begradigen. Es ist eine schnelle und einfache Methode, um Messerklingen zu begradigen und ihre rasiermesserscharfe Leistung wiederherzustellen. Die Bedienung des Ergo Steel II erfordert praktisch keine Einarbeitung. Er kann sowohl handgehalten als auch an der Arbeitsstation montiert verwendet werden.      <\/p>\n<p>Hauptmerkmale:<\/p>\n<ul>\n<li>Perfekte Kante in Sekundenschnelle<\/li>\n<li>Richtet beide Seiten der Klinge simultan aus<\/li>\n<li>Begradigt und verl\u00e4ngert die Lebensdauer der Kante aller Messer<\/li>\n<li>Kann handgehalten oder auf der Werkbank montiert verwendet werden<\/li>\n<li>Optionaler Griff f\u00fcr den handgehaltenen Betrieb kann f\u00fcr Links- oder Rechtsh\u00e4nder angebracht werden<\/li>\n<li>Vollst\u00e4ndig gekapselte, hygienische Federmechanismen<\/li>\n<li>Einfache Wartung und Reinigung<\/li>\n<li>USDA- und CE-zertifiziert<\/li>\n<li>Geh\u00e4rtete St\u00e4be richten die Kante perfekt im korrekten Winkel aus<\/li>\n<\/ul>\n","protected":false},"excerpt":{"rendered":"<p>Unabh\u00e4ngig davon, ob Sie H\u00fchner-, Rind-, Schweine- oder Fischfleisch verarbeiten, ist die Aufrechterhaltung scharfer Messerklingen am Flie\u00dfband von essentieller Bedeutung. Durch den Gebrauch stumpfen scharfe Messer ab. Der Ergo Steel II ist ein Werkzeug zur Kantenpflege, das direkt in der Produktion eingesetzt wird. Im Laufe des Tages, wenn eine Messerklinge abstumpft, kann der Bediener die [&#8230;]\n","protected":false},"featured_media":295741,"comment_status":"open","ping_status":"closed","template":"","meta":[],"product_brand":[],"product_cat":[1134],"product_tag":[],"class_list":{"0":"post-281748","1":"product","2":"type-product","3":"status-publish","4":"has-post-thumbnail","6":"product_cat-messer-aexte-und-schaerfer","8":"first","9":"instock","10":"taxable","11":"shipping-taxable","12":"purchasable","13":"product-type-simple"},"composite_virtual":false,"composite_layout":"","composite_add_to_cart_form_location":"","composite_editable_in_cart":false,"composite_sold_individually_context":"","composite_shop_price_calc":"","composite_components":[],"composite_scenarios":[],"group_of_quantity":0,"min_quantity":0,"max_quantity":"","exclude_order_quantity_value_rules":"no","exclude_category_quantity_rules":"no","combine_variations":"no","exclude_global_add_ons":[],"addons":[],"_links":{"self":[{"href":"https:\/\/www.huntersfriend.eu\/de\/wp-json\/wp\/v2\/product\/281748","targetHints":{"allow":["GET"]}}],"collection":[{"href":"https:\/\/www.huntersfriend.eu\/de\/wp-json\/wp\/v2\/product"}],"about":[{"href":"https:\/\/www.huntersfriend.eu\/de\/wp-json\/wp\/v2\/types\/product"}],"replies":[{"embeddable":true,"href":"https:\/\/www.huntersfriend.eu\/de\/wp-json\/wp\/v2\/comments?post=281748"}],"wp:featuredmedia":[{"embeddable":true,"href":"https:\/\/www.huntersfriend.eu\/de\/wp-json\/wp\/v2\/media\/295741"}],"wp:attachment":[{"href":"https:\/\/www.huntersfriend.eu\/de\/wp-json\/wp\/v2\/media?parent=281748"}],"wp:term":[{"taxonomy":"product_brand","embeddable":true,"href":"https:\/\/www.huntersfriend.eu\/de\/wp-json\/wp\/v2\/product_brand?post=281748"},{"taxonomy":"product_cat","embeddable":true,"href":"https:\/\/www.huntersfriend.eu\/de\/wp-json\/wp\/v2\/product_cat?post=281748"},{"taxonomy":"product_tag","embeddable":true,"href":"https:\/\/www.huntersfriend.eu\/de\/wp-json\/wp\/v2\/product_tag?post=281748"}],"curies":[{"name":"wp","href":"https:\/\/api.w.org\/{rel}","templated":true}]}}