{"id":281747,"date":"2023-03-16T13:14:33","date_gmt":"2025-06-23T10:24:04","guid":{"rendered":"https:\/\/www.huntersfriend.eu\/product\/mammoth-ranger-65-kuehlbox\/"},"modified":"2026-01-14T15:27:22","modified_gmt":"2026-01-14T13:27:22","slug":"mammoth-ranger-65-kuehlbox","status":"publish","type":"product","link":"https:\/\/www.huntersfriend.eu\/de\/produkt\/mammoth-ranger-65-kuehlbox\/","title":{"rendered":"Mammoth Ranger 65 K\u00fchlbox"},"content":{"rendered":"<p>Farbe &#8211; Beige<\/p>\n<p>Ideal f\u00fcr Situationen, in denen Sie reichlich gek\u00fchlte Speisen und Getr\u00e4nke au\u00dferhalb des Hauses ben\u00f6tigen. Hervorragend geeignet f\u00fcr Fu\u00dfballturniere oder einen Tag am See. Die Gr\u00f6\u00dfe ist optimal f\u00fcr Wasserflaschen, Sportgetr\u00e4nke, Sandwiches und Snacks. Seien Sie versichert, dass Ihre Artikel selbst an den hei\u00dfesten Sommertagen k\u00fchl bleiben. Zweifellos ausgezeichnet f\u00fcr die Jagd und den Fischfang!    <\/p>\n<h4><strong>SPEZIFIKATIONEN<\/strong><\/h4>\n<p>Fassungsverm\u00f6gen: 65 Quart (61,5 Liter) \u2013 54 Dosen<br \/>\nAbmessungen: 25\u2033 L\u00e4nge x 19\u2033 Breite x 17,5\u2033 Tiefe (63,5 cm x 48,26 cm x 44,5 cm)<\/p>\n<div class=\"vc_row wpb_row vc_row-fluid\">\n<div class=\"wpb_column vc_column_container vc_col-sm-6\">\n<div class=\"vc_column-inner\">\n<div class=\"wpb_wrapper\">\n<div class=\"wpb_text_column wpb_content_element \">\n<div class=\"wpb_wrapper\">\n<ul>\n<li>Doppelwandige Rotationsformkonstruktion<\/li>\n<li>Tiefk\u00fchlgeeignete Deckelabdichtung<\/li>\n<li>Integriertes Scharniersystem aus Edelstahl<\/li>\n<li>Hochleistungs-Ablaufsystem<\/li>\n<li>Robuste Gummi-Deckelverschl\u00fcsse<\/li>\n<li>Dicke, rutschfeste Gummif\u00fc\u00dfe<\/li>\n<li>Eishaltedauer: bis zu 7-10 Tage<\/li>\n<\/ul>\n<\/div>\n<\/div>\n<\/div>\n<\/div>\n<\/div>\n<div class=\"wpb_column vc_column_container vc_col-sm-6\">\n<div class=\"vc_column-inner\">\n<div class=\"wpb_wrapper\">\n<div class=\"wpb_text_column wpb_content_element \">\n<div class=\"wpb_wrapper\"><\/div>\n<\/div>\n<\/div>\n<\/div>\n<\/div>\n<\/div>\n<h4><strong>HERVORRAGEND GEEIGNET F\u00dcR<\/strong><\/h4>\n<p>Wohnmobil oder Reisemobil \u2013 Wochenendturniere \u2013 Kleinwildjagd \u2013 Bootsausfl\u00fcge \u2013 Angelboot<\/p>\n","protected":false},"excerpt":{"rendered":"<p>Farbe &#8211; Beige Ideal f\u00fcr Situationen, in denen Sie reichlich gek\u00fchlte Speisen und Getr\u00e4nke au\u00dferhalb des Hauses ben\u00f6tigen. Hervorragend geeignet f\u00fcr Fu\u00dfballturniere oder einen Tag am See. Die Gr\u00f6\u00dfe ist optimal f\u00fcr Wasserflaschen, Sportgetr\u00e4nke, Sandwiches und Snacks. Seien Sie versichert, dass Ihre Artikel selbst an den hei\u00dfesten Sommertagen k\u00fchl bleiben. Zweifellos ausgezeichnet f\u00fcr die Jagd [&#8230;]\n","protected":false},"featured_media":246120,"comment_status":"open","ping_status":"closed","template":"","meta":[],"product_brand":[],"product_cat":[2347,2877],"product_tag":[],"class_list":{"0":"post-281747","1":"product","2":"type-product","3":"status-publish","4":"has-post-thumbnail","6":"product_cat-kuhlboxen","7":"product_cat-kylboxar","8":"product_shipping_class-big-de","10":"first","11":"instock","12":"taxable","13":"shipping-taxable","14":"purchasable","15":"product-type-simple"},"composite_virtual":false,"composite_layout":"","composite_add_to_cart_form_location":"","composite_editable_in_cart":false,"composite_sold_individually_context":"","composite_shop_price_calc":"","composite_components":[],"composite_scenarios":[],"group_of_quantity":0,"min_quantity":0,"max_quantity":"","exclude_order_quantity_value_rules":"no","exclude_category_quantity_rules":"no","combine_variations":"no","exclude_global_add_ons":[],"addons":[],"_links":{"self":[{"href":"https:\/\/www.huntersfriend.eu\/de\/wp-json\/wp\/v2\/product\/281747","targetHints":{"allow":["GET"]}}],"collection":[{"href":"https:\/\/www.huntersfriend.eu\/de\/wp-json\/wp\/v2\/product"}],"about":[{"href":"https:\/\/www.huntersfriend.eu\/de\/wp-json\/wp\/v2\/types\/product"}],"replies":[{"embeddable":true,"href":"https:\/\/www.huntersfriend.eu\/de\/wp-json\/wp\/v2\/comments?post=281747"}],"wp:featuredmedia":[{"embeddable":true,"href":"https:\/\/www.huntersfriend.eu\/de\/wp-json\/wp\/v2\/media\/246120"}],"wp:attachment":[{"href":"https:\/\/www.huntersfriend.eu\/de\/wp-json\/wp\/v2\/media?parent=281747"}],"wp:term":[{"taxonomy":"product_brand","embeddable":true,"href":"https:\/\/www.huntersfriend.eu\/de\/wp-json\/wp\/v2\/product_brand?post=281747"},{"taxonomy":"product_cat","embeddable":true,"href":"https:\/\/www.huntersfriend.eu\/de\/wp-json\/wp\/v2\/product_cat?post=281747"},{"taxonomy":"product_tag","embeddable":true,"href":"https:\/\/www.huntersfriend.eu\/de\/wp-json\/wp\/v2\/product_tag?post=281747"}],"curies":[{"name":"wp","href":"https:\/\/api.w.org\/{rel}","templated":true}]}}