{"id":281746,"date":"2023-03-16T12:59:52","date_gmt":"2025-06-23T10:24:02","guid":{"rendered":"https:\/\/www.huntersfriend.eu\/product\/buck-gardner-c3-doppelzungen-entenlocker\/"},"modified":"2025-08-08T03:28:09","modified_gmt":"2025-08-08T01:28:09","slug":"buck-gardner-c3-doppelzungen-entenlocker","status":"publish","type":"product","link":"https:\/\/www.huntersfriend.eu\/de\/produkt\/buck-gardner-c3-doppelzungen-entenlocker\/","title":{"rendered":"Buck Gardner C3 Doppelzungen-Entenlocker"},"content":{"rendered":"<p>Der C3 ist ein Allzweck-Locker mit mittlerer Lautst\u00e4rke und Tonh\u00f6he sowie einem leicht eingebauten Rasseln. Dieser Locker basiert auf einem von Bucks urspr\u00fcnglichen Tonbrettern. <\/p>\n<p><strong><em>Comfort Coated Black<\/em><\/strong> &#8211; Unsere einzigartige Beschichtungstechnologie f\u00fcr \u00fcberlegenen Komfort, Kontrolle und Tarnung. Dieser Locker f\u00fchlt sich weich an und bietet verbesserten Grip. Die matte Oberfl\u00e4che eliminiert Blendeffekte im Feld.  <\/p>\n","protected":false},"excerpt":{"rendered":"<p>klar\/rauchfarben<\/p>\n","protected":false},"featured_media":250694,"comment_status":"open","ping_status":"closed","template":"","meta":[],"product_brand":[],"product_cat":[1400],"product_tag":[],"class_list":{"0":"post-281746","1":"product","2":"type-product","3":"status-publish","4":"has-post-thumbnail","6":"product_cat-entenlocker","8":"first","9":"instock","10":"taxable","11":"shipping-taxable","12":"purchasable","13":"product-type-simple"},"composite_virtual":false,"composite_layout":"","composite_add_to_cart_form_location":"","composite_editable_in_cart":false,"composite_sold_individually_context":"","composite_shop_price_calc":"","composite_components":[],"composite_scenarios":[],"group_of_quantity":0,"min_quantity":0,"max_quantity":"","exclude_order_quantity_value_rules":"no","exclude_category_quantity_rules":"no","combine_variations":"no","exclude_global_add_ons":[],"addons":[],"_links":{"self":[{"href":"https:\/\/www.huntersfriend.eu\/de\/wp-json\/wp\/v2\/product\/281746","targetHints":{"allow":["GET"]}}],"collection":[{"href":"https:\/\/www.huntersfriend.eu\/de\/wp-json\/wp\/v2\/product"}],"about":[{"href":"https:\/\/www.huntersfriend.eu\/de\/wp-json\/wp\/v2\/types\/product"}],"replies":[{"embeddable":true,"href":"https:\/\/www.huntersfriend.eu\/de\/wp-json\/wp\/v2\/comments?post=281746"}],"wp:featuredmedia":[{"embeddable":true,"href":"https:\/\/www.huntersfriend.eu\/de\/wp-json\/wp\/v2\/media\/250694"}],"wp:attachment":[{"href":"https:\/\/www.huntersfriend.eu\/de\/wp-json\/wp\/v2\/media?parent=281746"}],"wp:term":[{"taxonomy":"product_brand","embeddable":true,"href":"https:\/\/www.huntersfriend.eu\/de\/wp-json\/wp\/v2\/product_brand?post=281746"},{"taxonomy":"product_cat","embeddable":true,"href":"https:\/\/www.huntersfriend.eu\/de\/wp-json\/wp\/v2\/product_cat?post=281746"},{"taxonomy":"product_tag","embeddable":true,"href":"https:\/\/www.huntersfriend.eu\/de\/wp-json\/wp\/v2\/product_tag?post=281746"}],"curies":[{"name":"wp","href":"https:\/\/api.w.org\/{rel}","templated":true}]}}