{"id":281745,"date":"2023-03-16T12:59:52","date_gmt":"2025-06-23T10:24:00","guid":{"rendered":"https:\/\/www.huntersfriend.eu\/product\/buck-gardner-tall-timber-einzelzungen-entenlocker\/"},"modified":"2025-08-03T05:26:24","modified_gmt":"2025-08-03T03:26:24","slug":"buck-gardner-tall-timber-einzelzungen-entenlocker","status":"publish","type":"product","link":"https:\/\/www.huntersfriend.eu\/de\/produkt\/buck-gardner-tall-timber-einzelzungen-entenlocker\/","title":{"rendered":"Buck Gardner Tall Timber Einzelzungen-Entenlocker"},"content":{"rendered":"<p>Ein Einzelzungen-Polycarbonat-Locker, der in \u00fcberschwemmten Gr\u00fcnholzgebieten konzipiert wurde. Der Tall Timber ist f\u00fcr raue Lockrufe und aggressives Futtergeplapper entwickelt, um die Aufmerksamkeit der Enten zu erregen und sie durch die B\u00e4ume hinabzulocken. <\/p>\n<p>Ob Sie nun um Enten auf \u00f6ffentlichem Waldgebiet konkurrieren oder Ihr eigenes Waldst\u00fcck besitzen, der Tall Timber verf\u00fcgt \u00fcber den aggressiven, kehligen Klang, den Sie ben\u00f6tigen, um sich abzuheben.<\/p>\n","protected":false},"excerpt":{"rendered":"<p>Blau<\/p>\n","protected":false},"featured_media":250698,"comment_status":"open","ping_status":"closed","template":"","meta":[],"product_brand":[],"product_cat":[1400],"product_tag":[],"class_list":{"0":"post-281745","1":"product","2":"type-product","3":"status-publish","4":"has-post-thumbnail","6":"product_cat-entenlocker","8":"first","9":"outofstock","10":"taxable","11":"shipping-taxable","12":"purchasable","13":"product-type-simple"},"composite_virtual":false,"composite_layout":"","composite_add_to_cart_form_location":"","composite_editable_in_cart":false,"composite_sold_individually_context":"","composite_shop_price_calc":"","composite_components":[],"composite_scenarios":[],"group_of_quantity":0,"min_quantity":0,"max_quantity":"","exclude_order_quantity_value_rules":"no","exclude_category_quantity_rules":"no","combine_variations":"no","exclude_global_add_ons":[],"addons":[],"_links":{"self":[{"href":"https:\/\/www.huntersfriend.eu\/de\/wp-json\/wp\/v2\/product\/281745","targetHints":{"allow":["GET"]}}],"collection":[{"href":"https:\/\/www.huntersfriend.eu\/de\/wp-json\/wp\/v2\/product"}],"about":[{"href":"https:\/\/www.huntersfriend.eu\/de\/wp-json\/wp\/v2\/types\/product"}],"replies":[{"embeddable":true,"href":"https:\/\/www.huntersfriend.eu\/de\/wp-json\/wp\/v2\/comments?post=281745"}],"wp:featuredmedia":[{"embeddable":true,"href":"https:\/\/www.huntersfriend.eu\/de\/wp-json\/wp\/v2\/media\/250698"}],"wp:attachment":[{"href":"https:\/\/www.huntersfriend.eu\/de\/wp-json\/wp\/v2\/media?parent=281745"}],"wp:term":[{"taxonomy":"product_brand","embeddable":true,"href":"https:\/\/www.huntersfriend.eu\/de\/wp-json\/wp\/v2\/product_brand?post=281745"},{"taxonomy":"product_cat","embeddable":true,"href":"https:\/\/www.huntersfriend.eu\/de\/wp-json\/wp\/v2\/product_cat?post=281745"},{"taxonomy":"product_tag","embeddable":true,"href":"https:\/\/www.huntersfriend.eu\/de\/wp-json\/wp\/v2\/product_tag?post=281745"}],"curies":[{"name":"wp","href":"https:\/\/api.w.org\/{rel}","templated":true}]}}