{"id":281740,"date":"2023-03-16T12:59:48","date_gmt":"2025-06-23T10:23:58","guid":{"rendered":"https:\/\/www.huntersfriend.eu\/product\/sitka-traverse-fleecejacke-subalpin\/"},"modified":"2026-01-29T12:12:31","modified_gmt":"2026-01-29T10:12:31","slug":"sitka-traverse-fleecejacke-subalpin","status":"publish","type":"product","link":"https:\/\/www.huntersfriend.eu\/de\/produkt\/sitka-traverse-fleecejacke-subalpin\/","title":{"rendered":"SITKA Traverse Fleecejacke &#8211; Subalpin"},"content":{"rendered":"<p><span class=\"jCAhz ChMk0b\"><span class=\"ryNqvb\">Die SITKA Traverse Jacke bietet Komfort und Vielseitigkeit f\u00fcr Jagdausfl\u00fcge.<\/span><\/span> <span class=\"jCAhz ChMk0b\"><span class=\"ryNqvb\">Eine \u00e4u\u00dferst ger\u00e4uscharme Polyester-Strickoberfl\u00e4che mit einer strapazierf\u00e4higen, wasserabweisenden Ausr\u00fcstung bietet Schutz gegen leichten Regen und Feuchtigkeit.<\/span><\/span> <span class=\"jCAhz ChMk0b\"><span class=\"ryNqvb\">Das hochgerippte Fleece-Innenfutter ist angenehm zu tragen und h\u00e4lt den K\u00f6rper warm.<\/span><\/span> <span class=\"jCAhz ChMk0b\"><span class=\"ryNqvb\">Leichtere Fleece-Streifen an den Seiten und unter den Armen garantieren eine optimale Passform.<\/span><\/span> <span class=\"jCAhz ChMk0b\"><span class=\"ryNqvb\">Die SITKA Traverse Jacke wird aus recycelten Materialien hergestellt.<\/span><\/span> <span class=\"jCAhz ChMk0b\"><span class=\"ryNqvb\">Der SITKA Traverse Hoody l\u00e4sst sich dank seiner gro\u00dfz\u00fcgigen Dimensionierung und zus\u00e4tzlicher Ausstattungsmerkmale leicht an- und ausziehen.<\/span><\/span> <span class=\"jCAhz ChMk0b\"><span class=\"ryNqvb\">Sie verf\u00fcgt \u00fcber zwei Innentaschen, in denen Sie notwendige Accessoires wie Mobiltelefon, Schl\u00fcssel und Geldb\u00f6rse aufbewahren k\u00f6nnen.<\/span><\/span> <span class=\"jCAhz ChMk0b\"><span class=\"ryNqvb\">Die R\u00fcckseite der Weste ist mit einem Bel\u00fcftungsgewebe versehen, das mehr Bewegungsfreiheit bietet und die Atmungsaktivit\u00e4t auch bei Bewegung verbessert.<\/span><\/span><\/p>\n<ul class=\"jsx-4143205430 space-y-4 list-disc\">\n<li class=\"jsx-4143205430 remove-marker mt-[24px] md:mt-[60px]\">\n<div class=\"feature_item\">Ultraleises Polyester-Strickgewebe mit hochflorigem Berber-Fleece-Innenfutter<\/div>\n<\/li>\n<li class=\"jsx-4143205430 remove-marker mt-[24px] md:mt-[60px]\">\n<div class=\"feature_item\"><\/div>\n<div class=\"feature_item\">Umweltbewusster Stoff aus recycelten Materialien hergestellt<\/div>\n<\/li>\n<li class=\"jsx-4143205430 remove-marker mt-[24px] md:mt-[60px]\">\n<div class=\"feature_item\"><\/div>\n<div class=\"feature_item\">Strategisch platzierte Fleece-Eins\u00e4tze mittlerer St\u00e4rke an den Seiten und unter den Armen f\u00fcr optimalen Komfort und Bewegungsfreiheit<\/div>\n<\/li>\n<li class=\"jsx-4143205430 remove-marker mt-[24px] md:mt-[60px]\">\n<div class=\"feature_item\"><\/div>\n<div class=\"feature_item\">Dauerhaft wasserabweisende Ausr\u00fcstung sch\u00fctzt vor leichtem Niederschlag und verhindert das Durchn\u00e4ssen des Stoffes<\/div>\n<\/li>\n<li class=\"jsx-4143205430 remove-marker mt-[24px] md:mt-[60px]\">\n<div class=\"feature_item\"><\/div>\n<div class=\"feature_item\">Rei\u00dfverschlusstaschen an den H\u00e4nden und der Brust bieten sichere Aufbewahrungsm\u00f6glichkeiten<\/div>\n<\/li>\n<li class=\"jsx-4143205430 remove-marker mt-[24px] md:mt-[60px]\">\n<div class=\"feature_item\"><\/div>\n<div class=\"feature_item\">Dezente Daumenschlaufen f\u00fcr einfaches Schichten<\/div>\n<\/li>\n<li class=\"jsx-4143205430 remove-marker mt-[24px] md:mt-[60px]\">\n<div class=\"feature_item\"><\/div>\n<div class=\"feature_item\">Gesamtgewicht: 26 oz.<\/div>\n<\/li>\n<\/ul>\n","protected":false},"excerpt":{"rendered":"<p>Die SITKA Traverse Jacke bietet Komfort und Vielseitigkeit f\u00fcr Jagdausfl\u00fcge. Eine \u00e4u\u00dferst ger\u00e4uscharme Polyester-Strickoberfl\u00e4che mit einer strapazierf\u00e4higen, wasserabweisenden Ausr\u00fcstung bietet Schutz gegen leichten Regen und Feuchtigkeit. Das hochgerippte Fleece-Innenfutter ist angenehm zu tragen und h\u00e4lt den K\u00f6rper warm. Leichtere Fleece-Streifen an den Seiten und unter den Armen garantieren eine optimale Passform. Die SITKA Traverse Jacke [&#8230;]\n","protected":false},"featured_media":257238,"comment_status":"open","ping_status":"closed","template":"","meta":[],"product_brand":[],"product_cat":[2741,1384],"product_tag":[],"class_list":{"0":"post-281740","1":"product","2":"type-product","3":"status-publish","4":"has-post-thumbnail","6":"product_cat-jackor","7":"product_cat-jacken","9":"first","10":"instock","11":"taxable","12":"shipping-taxable","13":"purchasable","14":"product-type-variable"},"composite_virtual":false,"composite_layout":"","composite_add_to_cart_form_location":"","composite_editable_in_cart":false,"composite_sold_individually_context":"","composite_shop_price_calc":"","composite_components":[],"composite_scenarios":[],"group_of_quantity":0,"min_quantity":0,"max_quantity":"","exclude_order_quantity_value_rules":"no","exclude_category_quantity_rules":"no","combine_variations":"no","exclude_global_add_ons":[],"addons":[],"_links":{"self":[{"href":"https:\/\/www.huntersfriend.eu\/de\/wp-json\/wp\/v2\/product\/281740","targetHints":{"allow":["GET"]}}],"collection":[{"href":"https:\/\/www.huntersfriend.eu\/de\/wp-json\/wp\/v2\/product"}],"about":[{"href":"https:\/\/www.huntersfriend.eu\/de\/wp-json\/wp\/v2\/types\/product"}],"replies":[{"embeddable":true,"href":"https:\/\/www.huntersfriend.eu\/de\/wp-json\/wp\/v2\/comments?post=281740"}],"wp:featuredmedia":[{"embeddable":true,"href":"https:\/\/www.huntersfriend.eu\/de\/wp-json\/wp\/v2\/media\/257238"}],"wp:attachment":[{"href":"https:\/\/www.huntersfriend.eu\/de\/wp-json\/wp\/v2\/media?parent=281740"}],"wp:term":[{"taxonomy":"product_brand","embeddable":true,"href":"https:\/\/www.huntersfriend.eu\/de\/wp-json\/wp\/v2\/product_brand?post=281740"},{"taxonomy":"product_cat","embeddable":true,"href":"https:\/\/www.huntersfriend.eu\/de\/wp-json\/wp\/v2\/product_cat?post=281740"},{"taxonomy":"product_tag","embeddable":true,"href":"https:\/\/www.huntersfriend.eu\/de\/wp-json\/wp\/v2\/product_tag?post=281740"}],"curies":[{"name":"wp","href":"https:\/\/api.w.org\/{rel}","templated":true}]}}