{"id":281737,"date":"2023-03-16T13:14:42","date_gmt":"2023-03-16T11:14:42","guid":{"rendered":"https:\/\/www.huntersfriend.eu\/product\/alps-outdoorz-commander-lite-pack\/"},"modified":"2025-11-27T11:14:41","modified_gmt":"2025-11-27T09:14:41","slug":"alps-outdoorz-commander-lite-pack","status":"publish","type":"product","link":"https:\/\/www.huntersfriend.eu\/de\/produkt\/alps-outdoorz-commander-lite-pack\/","title":{"rendered":"Alps outdoorz commander lite + pack"},"content":{"rendered":"<p>Farbe &#8211; Kojote Braun<\/p>\n<p>Der Commander Lite + Pack Bag besteht aus dem Commander Lite Freighter-Rahmen und einem 47-Liter-Rucksack. Das einzigartige Befestigungssystem sichert Fleisch f\u00fcr lange Transporte und beinhaltet drei Erweiterungsbefestigungsriemen f\u00fcr zus\u00e4tzliche Kapazit\u00e4t. Der leichte Aluminiumrahmen macht den Rucksack leicht, aber robust, und die Hypalon-Befestigungspunkte bieten zus\u00e4tzlichen externen Stauraum. Die Befestigungsplatten verf\u00fcgen alle \u00fcber durchgehende Rei\u00dfverschlusstaschen mit innenliegenden Netztaschen, perfekt f\u00fcr zus\u00e4tzliche Ausr\u00fcstung. Das Schultergurtsystem hat einen verstellbaren Torsobereich von 17 \u201e\u201323\u201c. Ein gepolsterter H\u00fcftgurt sowie gepolsterte Schultergurte machen diesen Rucksack sehr komfortabel zu tragen. Der H\u00fcftgurt kann Clip-Holster aufnehmen, sodass Sie sicher eine Handfeuerwaffe tragen k\u00f6nnen. Der Rucksack verf\u00fcgt \u00fcber einen durchgehenden Frontrei\u00dfverschluss, der sich bis in den Deckel erstreckt und den Zugriff auf Ausr\u00fcstung erm\u00f6glicht, unabh\u00e4ngig davon, wo sie sich im Rucksack befindet. Die praktische absenkbare Waffenhalterung erleichtert den Transport Ihres Gewehrs. Die doppelten Stretch-Taschen auf jeder Seite und die zus\u00e4tzlichen Befestigungspunkte stellen sicher, dass f\u00fcr all Ihre Ausr\u00fcstung Platz ist.         <\/p>\n<p>\u2022 Enthaltenes Gurtsystem zur Wiederbefestigung Ihrer Packtasche beim Transport zus\u00e4tzlicher Ausr\u00fcstung mit Ihrem Rahmen<\/p>\n<p>\u2022 Eloxiertes Splint- und Bolzendesign f\u00fcr einfache Anpassbarkeit<\/p>\n<p>\u2022 Durchgehender Frontrei\u00dfverschluss erstreckt sich durch den Deckel und erm\u00f6glicht einfachen Zugriff auf Ausr\u00fcstung im gesamten Rucksack<\/p>\n<p>\u2022 Befestigungsplatten verf\u00fcgen \u00fcber durchgehende Rei\u00dfverschlusstaschen mit innenliegenden Netztaschen<\/p>\n<p>\u2022 Netzr\u00fcckenband f\u00fcr bessere Bel\u00fcftung<\/p>\n<p>\u2022 H\u00fcftgurt kann Clip-Holster aufnehmen, sodass Sie sicher eine Handfeuerwaffe tragen k\u00f6nnen<\/p>\n<p>\u2022 Packtasche kann am Rahmen befestigt werden, w\u00e4hrend der Rahmen beladen ist<\/p>\n<p>\u2022 Die Regenabdeckung ist ordentlich in einer Rei\u00dfverschlusstasche am Boden des Rucksacks verstaut, bis sie ben\u00f6tigt wird<\/p>\n<p>\u2022 Seitentasche f\u00fcr Spektiv<\/p>\n<p>\u2022 Doppelte Seitentaschen auf jeder Seite<\/p>\n<p>\u2022 Zwei seitliche Kompressionsriemen mit absenkbarer Gewehrhalterung<\/p>\n<table border=\"3\">\n<tbody>\n<tr align=\"CENTER\">\n<td><b>Kapazit\u00e4t<\/b><\/td>\n<td>2850 in\u00b3 \/ 47 L<\/td>\n<\/tr>\n<tr align=\"CENTER\">\n<td><b>Hauptfach-Abmessungen<\/b><\/td>\n<td>19&#8243; H x 15,5&#8243; B x 10&#8243; T<\/td>\n<\/tr>\n<tr align=\"CENTER\">\n<td><b>Torsobereich<\/b><\/td>\n<td>17 \u201e- 23\u201c<\/td>\n<\/tr>\n<tr align=\"CENTER\">\n<td><b>H\u00fcftgurtl\u00e4nge<\/b><\/td>\n<td>31 \u201e- 53\u201c<\/td>\n<\/tr>\n<tr align=\"CENTER\">\n<td><b>Gewicht<\/b><\/td>\n<td>3,03 kg <\/td>\n<\/tr>\n<\/tbody>\n<\/table>\n","protected":false},"excerpt":{"rendered":"<p>Farbe &#8211; Kojote Braun Der Commander Lite + Pack Bag besteht aus dem Commander Lite Freighter-Rahmen und einem 47-Liter-Rucksack. Das einzigartige Befestigungssystem sichert Fleisch f\u00fcr lange Transporte und beinhaltet drei Erweiterungsbefestigungsriemen f\u00fcr zus\u00e4tzliche Kapazit\u00e4t. Der leichte Aluminiumrahmen macht den Rucksack leicht, aber robust, und die Hypalon-Befestigungspunkte bieten zus\u00e4tzlichen externen Stauraum. Die Befestigungsplatten verf\u00fcgen alle \u00fcber [&#8230;]\n","protected":false},"featured_media":246464,"comment_status":"open","ping_status":"closed","template":"","meta":[],"product_brand":[],"product_cat":[1407],"product_tag":[],"class_list":{"0":"post-281737","1":"product","2":"type-product","3":"status-publish","4":"has-post-thumbnail","6":"product_cat-jagdrucksacke","7":"product_shipping_class-medium-de","9":"first","10":"instock","11":"sale","12":"taxable","13":"shipping-taxable","14":"purchasable","15":"product-type-simple"},"composite_virtual":false,"composite_layout":"","composite_add_to_cart_form_location":"","composite_editable_in_cart":false,"composite_sold_individually_context":"","composite_shop_price_calc":"","composite_components":[],"composite_scenarios":[],"group_of_quantity":0,"min_quantity":0,"max_quantity":"","exclude_order_quantity_value_rules":"no","exclude_category_quantity_rules":"no","combine_variations":"no","exclude_global_add_ons":[],"addons":[],"_links":{"self":[{"href":"https:\/\/www.huntersfriend.eu\/de\/wp-json\/wp\/v2\/product\/281737","targetHints":{"allow":["GET"]}}],"collection":[{"href":"https:\/\/www.huntersfriend.eu\/de\/wp-json\/wp\/v2\/product"}],"about":[{"href":"https:\/\/www.huntersfriend.eu\/de\/wp-json\/wp\/v2\/types\/product"}],"replies":[{"embeddable":true,"href":"https:\/\/www.huntersfriend.eu\/de\/wp-json\/wp\/v2\/comments?post=281737"}],"wp:featuredmedia":[{"embeddable":true,"href":"https:\/\/www.huntersfriend.eu\/de\/wp-json\/wp\/v2\/media\/246464"}],"wp:attachment":[{"href":"https:\/\/www.huntersfriend.eu\/de\/wp-json\/wp\/v2\/media?parent=281737"}],"wp:term":[{"taxonomy":"product_brand","embeddable":true,"href":"https:\/\/www.huntersfriend.eu\/de\/wp-json\/wp\/v2\/product_brand?post=281737"},{"taxonomy":"product_cat","embeddable":true,"href":"https:\/\/www.huntersfriend.eu\/de\/wp-json\/wp\/v2\/product_cat?post=281737"},{"taxonomy":"product_tag","embeddable":true,"href":"https:\/\/www.huntersfriend.eu\/de\/wp-json\/wp\/v2\/product_tag?post=281737"}],"curies":[{"name":"wp","href":"https:\/\/api.w.org\/{rel}","templated":true}]}}