{"id":281732,"date":"2023-03-16T12:59:46","date_gmt":"2025-06-23T10:23:56","guid":{"rendered":"https:\/\/www.huntersfriend.eu\/product\/sitka-traverse-kapuzenpullover-subalpin\/"},"modified":"2026-01-29T12:12:30","modified_gmt":"2026-01-29T10:12:30","slug":"sitka-traverse-kapuzenpullover-subalpin","status":"publish","type":"product","link":"https:\/\/www.huntersfriend.eu\/de\/produkt\/sitka-traverse-kapuzenpullover-subalpin\/","title":{"rendered":"SITKA Traverse Kapuzenpullover &#8211; Subalpin"},"content":{"rendered":"<p>Bei der Konzeption des Traverse Kapuzenpullovers legte Sitka h\u00f6chsten Wert auf Komfort und Vielseitigkeit. Das Innenfutter aus hochflorigem Berber-Fleece sorgt f\u00fcr ein angenehmes Tragegef\u00fchl und bietet reichlich W\u00e4rme. An den Seiten und unter den Armen sind leichtere Fleece-Eins\u00e4tze eingearbeitet, um eine optimale Passform zu gew\u00e4hrleisten. Die ger\u00e4uscharme Au\u00dfenseite aus Polyester-Strick mit wasserabweisender Ausr\u00fcstung widersteht leichtem Niederschlag. Die f\u00fcr diesen Kapuzenpullover verwendeten Materialien bestehen aus recycelten Fasern.  <\/p>\n<p>Leiser Polyester-Strickstoff mit hochflorigem Berber-Fleece-Innenfutter<\/p>\n<p>Umweltbewusster Stoff aus recycelten Materialien hergestellt<\/p>\n<p>Strategisch platzierte Fleece-Eins\u00e4tze mittlerer St\u00e4rke an den Seiten und unter den Armen f\u00fcr optimalen Komfort und Bewegungsfreiheit<\/p>\n<p>Dauerhaft wasserabweisende Ausr\u00fcstung sch\u00fctzt vor leichtem Niederschlag und verhindert das Durchn\u00e4ssen des Stoffes<\/p>\n<p>Rei\u00dfverschlusstaschen an den H\u00e4nden und der Brust bieten sichere Aufbewahrungsm\u00f6glichkeiten<\/p>\n<p>Konturierte Kapuze beeintr\u00e4chtigt nicht das periphere Sichtfeld<\/p>\n<p>Integrierte Gesichtsmaske zur Tarnung<\/p>\n<p>Dezente Daumenschlaufen f\u00fcr einfaches Schichten<\/p>\n<p>Gewicht: 822,14 g<\/p>\n","protected":false},"excerpt":{"rendered":"<p>Bei der Konzeption des Traverse Kapuzenpullovers legte Sitka h\u00f6chsten Wert auf Komfort und Vielseitigkeit. Das Innenfutter aus hochflorigem Berber-Fleece sorgt f\u00fcr ein angenehmes Tragegef\u00fchl und bietet reichlich W\u00e4rme. An den Seiten und unter den Armen sind leichtere Fleece-Eins\u00e4tze eingearbeitet, um eine optimale Passform zu gew\u00e4hrleisten. Die ger\u00e4uscharme Au\u00dfenseite aus Polyester-Strick mit wasserabweisender Ausr\u00fcstung widersteht leichtem [&#8230;]\n","protected":false},"featured_media":257670,"comment_status":"open","ping_status":"closed","template":"","meta":[],"product_brand":[],"product_cat":[2184,2813],"product_tag":[],"class_list":{"0":"post-281732","1":"product","2":"type-product","3":"status-publish","4":"has-post-thumbnail","6":"product_cat-hemden-kapuzenpullover","7":"product_cat-skjortor-hoodies","9":"first","10":"instock","11":"taxable","12":"shipping-taxable","13":"purchasable","14":"product-type-variable"},"composite_virtual":false,"composite_layout":"","composite_add_to_cart_form_location":"","composite_editable_in_cart":false,"composite_sold_individually_context":"","composite_shop_price_calc":"","composite_components":[],"composite_scenarios":[],"group_of_quantity":0,"min_quantity":0,"max_quantity":"","exclude_order_quantity_value_rules":"no","exclude_category_quantity_rules":"no","combine_variations":"no","exclude_global_add_ons":[],"addons":[],"_links":{"self":[{"href":"https:\/\/www.huntersfriend.eu\/de\/wp-json\/wp\/v2\/product\/281732","targetHints":{"allow":["GET"]}}],"collection":[{"href":"https:\/\/www.huntersfriend.eu\/de\/wp-json\/wp\/v2\/product"}],"about":[{"href":"https:\/\/www.huntersfriend.eu\/de\/wp-json\/wp\/v2\/types\/product"}],"replies":[{"embeddable":true,"href":"https:\/\/www.huntersfriend.eu\/de\/wp-json\/wp\/v2\/comments?post=281732"}],"wp:featuredmedia":[{"embeddable":true,"href":"https:\/\/www.huntersfriend.eu\/de\/wp-json\/wp\/v2\/media\/257670"}],"wp:attachment":[{"href":"https:\/\/www.huntersfriend.eu\/de\/wp-json\/wp\/v2\/media?parent=281732"}],"wp:term":[{"taxonomy":"product_brand","embeddable":true,"href":"https:\/\/www.huntersfriend.eu\/de\/wp-json\/wp\/v2\/product_brand?post=281732"},{"taxonomy":"product_cat","embeddable":true,"href":"https:\/\/www.huntersfriend.eu\/de\/wp-json\/wp\/v2\/product_cat?post=281732"},{"taxonomy":"product_tag","embeddable":true,"href":"https:\/\/www.huntersfriend.eu\/de\/wp-json\/wp\/v2\/product_tag?post=281732"}],"curies":[{"name":"wp","href":"https:\/\/api.w.org\/{rel}","templated":true}]}}