{"id":281716,"date":"2023-03-16T12:59:41","date_gmt":"2023-03-16T10:59:41","guid":{"rendered":"https:\/\/www.huntersfriend.eu\/product\/sitka-mountain-ws-handschuhe-subalpine\/"},"modified":"2025-08-03T05:26:23","modified_gmt":"2025-08-03T03:26:23","slug":"sitka-mountain-ws-handschuhe-subalpine","status":"publish","type":"product","link":"https:\/\/www.huntersfriend.eu\/de\/produkt\/sitka-mountain-ws-handschuhe-subalpine\/","title":{"rendered":"SITKA Mountain WS Handschuhe Subalpine"},"content":{"rendered":"<p>Die Mountain GORE-TEX INFINIUM\u2122 mit WINDSTOPPER\u00ae Handschuhe, mit ihrem flachen Profil und ihrer hohen Fingerfertigkeit, halten Ihre Finger in der Zwischensaison warm. Die Ummantelung aus Pittard&#8217;s Oiltac Leder und robustem Nylon bietet einen sicheren Griff, w\u00e4hrend der GORE-TEX INFINIUM\u2122 mit WINDSTOPPER\u00ae Einsatz und das aufgeraute Mikro-Check Fleece-Futter der herbstlichen K\u00e4lte trotzen. <\/p>\n<p>GORE\u2122 OPTIFADE\u2122 Concealment Subalpine wurde f\u00fcr das Anpirschen und Auflauern von Huftieren auf Bodenh\u00f6he in baumbewachsenem und bewachsenem Gel\u00e4nde konzipiert.<\/p>\n<p>GORE\u2122 OPTIFADE\u2122 Concealment Open Country ist wissenschaftlich optimiert f\u00fcr Einsatzreichweiten von 50 Yards und mehr auf Bodenh\u00f6he in felsigem Gel\u00e4nde oberhalb der Baumgrenze.<\/p>\n<p>Gewicht: 138,91 Gramm<\/p>\n<p>Material: GORE-TEX INFINIUM\u2122 mit WINDSTOPPER\u00ae Technologie-Einsatz, 54% Nylon-Au\u00dfenseite, 46% 230-Gramm 17,5 Mikron Merinowolle-Innenseite.<\/p>\n<p>Die wasserabweisende Ausr\u00fcstung widersteht leichtem Niederschlag und verhindert das Durchn\u00e4ssen des Oberfl\u00e4chenmaterials.<\/p>\n<p>Leder-Zuglasche: Strapazierf\u00e4hige Leder-Zuglasche erm\u00f6glicht ein einfaches An- und Ausziehen.<\/p>\n<p>Pittard&#8217;s Oiltac Leder-Handfl\u00e4chen: Hochgriffige Leder-Handfl\u00e4che gibt Ihnen vollst\u00e4ndige Kontrolle \u00fcber Ihre Waffe.<\/p>\n<p>GORE-TEX INFINIUM\u2122 mit WINDSTOPPER\u00ae: Bietet vollst\u00e4ndigen Windschutz durch eine strapazierf\u00e4hige, leichte und atmungsaktive Membran.<\/p>\n","protected":false},"excerpt":{"rendered":"<p>Die Mountain GORE-TEX INFINIUM\u2122 mit WINDSTOPPER\u00ae Handschuhe, mit ihrem flachen Profil und ihrer hohen Fingerfertigkeit, halten Ihre Finger in der Zwischensaison warm. Die Ummantelung aus Pittard&#8217;s Oiltac Leder und robustem Nylon bietet einen sicheren Griff, w\u00e4hrend der GORE-TEX INFINIUM\u2122 mit WINDSTOPPER\u00ae Einsatz und das aufgeraute Mikro-Check Fleece-Futter der herbstlichen K\u00e4lte trotzen. GORE\u2122 OPTIFADE\u2122 Concealment Subalpine [&#8230;]\n","protected":false},"featured_media":257712,"comment_status":"open","ping_status":"closed","template":"","meta":[],"product_brand":[],"product_cat":[1382,1222],"product_tag":[],"class_list":{"0":"post-281716","1":"product","2":"type-product","3":"status-publish","4":"has-post-thumbnail","6":"product_cat-handschuhe","7":"product_cat-sonderangebote","9":"first","10":"instock","11":"sale","12":"taxable","13":"shipping-taxable","14":"purchasable","15":"product-type-variable"},"composite_virtual":false,"composite_layout":"","composite_add_to_cart_form_location":"","composite_editable_in_cart":false,"composite_sold_individually_context":"","composite_shop_price_calc":"","composite_components":[],"composite_scenarios":[],"group_of_quantity":0,"min_quantity":0,"max_quantity":"","exclude_order_quantity_value_rules":"no","exclude_category_quantity_rules":"no","combine_variations":"no","exclude_global_add_ons":[],"addons":[],"_links":{"self":[{"href":"https:\/\/www.huntersfriend.eu\/de\/wp-json\/wp\/v2\/product\/281716","targetHints":{"allow":["GET"]}}],"collection":[{"href":"https:\/\/www.huntersfriend.eu\/de\/wp-json\/wp\/v2\/product"}],"about":[{"href":"https:\/\/www.huntersfriend.eu\/de\/wp-json\/wp\/v2\/types\/product"}],"replies":[{"embeddable":true,"href":"https:\/\/www.huntersfriend.eu\/de\/wp-json\/wp\/v2\/comments?post=281716"}],"wp:featuredmedia":[{"embeddable":true,"href":"https:\/\/www.huntersfriend.eu\/de\/wp-json\/wp\/v2\/media\/257712"}],"wp:attachment":[{"href":"https:\/\/www.huntersfriend.eu\/de\/wp-json\/wp\/v2\/media?parent=281716"}],"wp:term":[{"taxonomy":"product_brand","embeddable":true,"href":"https:\/\/www.huntersfriend.eu\/de\/wp-json\/wp\/v2\/product_brand?post=281716"},{"taxonomy":"product_cat","embeddable":true,"href":"https:\/\/www.huntersfriend.eu\/de\/wp-json\/wp\/v2\/product_cat?post=281716"},{"taxonomy":"product_tag","embeddable":true,"href":"https:\/\/www.huntersfriend.eu\/de\/wp-json\/wp\/v2\/product_tag?post=281716"}],"curies":[{"name":"wp","href":"https:\/\/api.w.org\/{rel}","templated":true}]}}