{"id":281708,"date":"2023-03-16T12:59:32","date_gmt":"2025-06-23T10:23:50","guid":{"rendered":"https:\/\/www.huntersfriend.eu\/product\/sitka-merino-handschuhe-elevated\/"},"modified":"2025-06-23T12:23:50","modified_gmt":"2025-06-23T10:23:50","slug":"sitka-merino-handschuhe-elevated","status":"publish","type":"product","link":"https:\/\/www.huntersfriend.eu\/de\/produkt\/sitka-merino-handschuhe-elevated\/","title":{"rendered":"SITKA Merino-Handschuhe elevated"},"content":{"rendered":"<p>Die Merino-Handschuhe, welche den Komfort und die W\u00e4rme von Wolle mit der Haltbarkeit und Elastizit\u00e4t von Nylon kombinieren, fungieren als w\u00e4rmespeichernde Innenschicht, um Ihre H\u00e4nde in der mittleren bis sp\u00e4ten Saison angenehm warm zu halten, ohne dass diese feucht werden.<\/p>\n<p>GORE \u2122 OPTIFADE \u2122 Concealment Elevated II wurde konzipiert, um bei der Jagd in Situationen mit geringer Entfernung, unter Bedingungen mit schwachem Licht oder in erh\u00f6hter Position eine optimale Tarnung zu gew\u00e4hrleisten.<\/p>\n<p>Gewicht: 68,04 Gramm<\/p>\n<p>Material: 54% Nylon, 46% Merinowolle mit 17,5 Mikron, 230 Gramm.<\/p>\n","protected":false},"excerpt":{"rendered":"<p>Die Merino-Handschuhe, welche den Komfort und die W\u00e4rme von Wolle mit der Haltbarkeit und Elastizit\u00e4t von Nylon kombinieren, fungieren als w\u00e4rmespeichernde Innenschicht, um Ihre H\u00e4nde in der mittleren bis sp\u00e4ten Saison angenehm warm zu halten, ohne dass diese feucht werden. GORE \u2122 OPTIFADE \u2122 Concealment Elevated II wurde konzipiert, um bei der Jagd in Situationen [&#8230;]\n","protected":false},"featured_media":257746,"comment_status":"open","ping_status":"closed","template":"","meta":[],"product_brand":[],"product_cat":[1145],"product_tag":[],"class_list":{"0":"post-281708","1":"product","2":"type-product","3":"status-publish","4":"has-post-thumbnail","6":"product_cat-sonstiges","8":"first","9":"outofstock","10":"taxable","11":"shipping-taxable","12":"purchasable","13":"product-type-variable"},"composite_virtual":false,"composite_layout":"","composite_add_to_cart_form_location":"","composite_editable_in_cart":false,"composite_sold_individually_context":"","composite_shop_price_calc":"","composite_components":[],"composite_scenarios":[],"group_of_quantity":0,"min_quantity":0,"max_quantity":"","exclude_order_quantity_value_rules":"no","exclude_category_quantity_rules":"no","combine_variations":"no","exclude_global_add_ons":[],"addons":[],"_links":{"self":[{"href":"https:\/\/www.huntersfriend.eu\/de\/wp-json\/wp\/v2\/product\/281708","targetHints":{"allow":["GET"]}}],"collection":[{"href":"https:\/\/www.huntersfriend.eu\/de\/wp-json\/wp\/v2\/product"}],"about":[{"href":"https:\/\/www.huntersfriend.eu\/de\/wp-json\/wp\/v2\/types\/product"}],"replies":[{"embeddable":true,"href":"https:\/\/www.huntersfriend.eu\/de\/wp-json\/wp\/v2\/comments?post=281708"}],"wp:featuredmedia":[{"embeddable":true,"href":"https:\/\/www.huntersfriend.eu\/de\/wp-json\/wp\/v2\/media\/257746"}],"wp:attachment":[{"href":"https:\/\/www.huntersfriend.eu\/de\/wp-json\/wp\/v2\/media?parent=281708"}],"wp:term":[{"taxonomy":"product_brand","embeddable":true,"href":"https:\/\/www.huntersfriend.eu\/de\/wp-json\/wp\/v2\/product_brand?post=281708"},{"taxonomy":"product_cat","embeddable":true,"href":"https:\/\/www.huntersfriend.eu\/de\/wp-json\/wp\/v2\/product_cat?post=281708"},{"taxonomy":"product_tag","embeddable":true,"href":"https:\/\/www.huntersfriend.eu\/de\/wp-json\/wp\/v2\/product_tag?post=281708"}],"curies":[{"name":"wp","href":"https:\/\/api.w.org\/{rel}","templated":true}]}}