{"id":281707,"date":"2023-03-16T12:59:40","date_gmt":"2025-06-23T10:23:49","guid":{"rendered":"https:\/\/www.huntersfriend.eu\/product\/sitka-ascent-handschuhe-subalpine\/"},"modified":"2026-03-11T14:36:18","modified_gmt":"2026-03-11T12:36:18","slug":"sitka-ascent-handschuhe-subalpine","status":"publish","type":"product","link":"https:\/\/www.huntersfriend.eu\/de\/produkt\/sitka-ascent-handschuhe-subalpine\/","title":{"rendered":"SITKA Ascent Handschuhe Subalpine"},"content":{"rendered":"<p>Leichtgewichtig und atmungsaktiv bietet dieser Handschuh Tarnung, Schutz und Pr\u00e4zision, wenn der entscheidende Moment eintritt. Dieser Handschuh verf\u00fcgt \u00fcber leitf\u00e4hige Technologie am Zeigefinger und Daumen f\u00fcr die einh\u00e4ndige Bedienung Ihres GPS oder Telefons sowie eine R\u00fcckseite aus Cordura &amp; Nylon f\u00fcr erh\u00f6hte Haltbarkeit. <\/p>\n<p>GORE\u2122 OPTIFADE\u2122 Concealment Subalpine wurde f\u00fcr das Anpirschen und Auflauern von Huftieren auf Bodenh\u00f6he in baumbewachsenem und bewachsenem Gel\u00e4nde konzipiert.<\/p>\n<p>GORE\u2122 OPTIFADE\u2122 Concealment Open Country ist wissenschaftlich optimiert f\u00fcr Einsatzreichweiten von 50 Yards und mehr auf Bodenh\u00f6he in felsigem Gel\u00e4nde oberhalb der Baumgrenze.<\/p>\n<p>Gewicht: 35,44 g \/\/ Size L<\/p>\n<p>Material: CORDURA, Ax Suede\u2122<\/p>\n<p>Polygiene\u00ae Geruchskontrolltechnologie neutralisiert auf sichere Weise Ger\u00fcche, die durch Schwei\u00df verursacht werden.<\/p>\n<p>Leitf\u00e4hige Technologie: Leitf\u00e4higes Kunstleder an Daumen und Zeigefinger erm\u00f6glicht Ihnen die m\u00fchelose Bedienung eines GPS oder Touchscreens.<\/p>\n","protected":false},"excerpt":{"rendered":"<p>Leichtgewichtig und atmungsaktiv bietet dieser Handschuh Tarnung, Schutz und Pr\u00e4zision, wenn der entscheidende Moment eintritt. Dieser Handschuh verf\u00fcgt \u00fcber leitf\u00e4hige Technologie am Zeigefinger und Daumen f\u00fcr die einh\u00e4ndige Bedienung Ihres GPS oder Telefons sowie eine R\u00fcckseite aus Cordura &amp; Nylon f\u00fcr erh\u00f6hte Haltbarkeit. GORE\u2122 OPTIFADE\u2122 Concealment Subalpine wurde f\u00fcr das Anpirschen und Auflauern von Huftieren [&#8230;]\n","protected":false},"featured_media":257721,"comment_status":"open","ping_status":"closed","template":"","meta":[],"product_brand":[],"product_cat":[2809,1382],"product_tag":[],"class_list":{"0":"post-281707","1":"product","2":"type-product","3":"status-publish","4":"has-post-thumbnail","6":"product_cat-handskar","7":"product_cat-handschuhe","9":"first","10":"instock","11":"taxable","12":"shipping-taxable","13":"purchasable","14":"product-type-variable"},"composite_virtual":false,"composite_layout":"","composite_add_to_cart_form_location":"","composite_editable_in_cart":false,"composite_sold_individually_context":"","composite_shop_price_calc":"","composite_components":[],"composite_scenarios":[],"group_of_quantity":0,"min_quantity":0,"max_quantity":"","exclude_order_quantity_value_rules":"no","exclude_category_quantity_rules":"no","combine_variations":"no","exclude_global_add_ons":[],"addons":[],"_links":{"self":[{"href":"https:\/\/www.huntersfriend.eu\/de\/wp-json\/wp\/v2\/product\/281707","targetHints":{"allow":["GET"]}}],"collection":[{"href":"https:\/\/www.huntersfriend.eu\/de\/wp-json\/wp\/v2\/product"}],"about":[{"href":"https:\/\/www.huntersfriend.eu\/de\/wp-json\/wp\/v2\/types\/product"}],"replies":[{"embeddable":true,"href":"https:\/\/www.huntersfriend.eu\/de\/wp-json\/wp\/v2\/comments?post=281707"}],"wp:featuredmedia":[{"embeddable":true,"href":"https:\/\/www.huntersfriend.eu\/de\/wp-json\/wp\/v2\/media\/257721"}],"wp:attachment":[{"href":"https:\/\/www.huntersfriend.eu\/de\/wp-json\/wp\/v2\/media?parent=281707"}],"wp:term":[{"taxonomy":"product_brand","embeddable":true,"href":"https:\/\/www.huntersfriend.eu\/de\/wp-json\/wp\/v2\/product_brand?post=281707"},{"taxonomy":"product_cat","embeddable":true,"href":"https:\/\/www.huntersfriend.eu\/de\/wp-json\/wp\/v2\/product_cat?post=281707"},{"taxonomy":"product_tag","embeddable":true,"href":"https:\/\/www.huntersfriend.eu\/de\/wp-json\/wp\/v2\/product_tag?post=281707"}],"curies":[{"name":"wp","href":"https:\/\/api.w.org\/{rel}","templated":true}]}}