{"id":281706,"date":"2023-03-16T12:59:31","date_gmt":"2025-06-23T10:23:49","guid":{"rendered":"https:\/\/www.huntersfriend.eu\/product\/sitka-incinerator-gtx-kaltwetter-kopfbedeckung\/"},"modified":"2025-06-23T12:23:49","modified_gmt":"2025-06-23T10:23:49","slug":"sitka-incinerator-gtx-kaltwetter-kopfbedeckung","status":"publish","type":"product","link":"https:\/\/www.huntersfriend.eu\/de\/produkt\/sitka-incinerator-gtx-kaltwetter-kopfbedeckung\/","title":{"rendered":"SITKA Incinerator GTX Kaltwetter-Kopfbedeckung"},"content":{"rendered":"<p>Die Incinerator-Kopfbedeckung ist darauf spezialisiert, Ihren Kopf und Ihre Ohren warm und trocken zu halten. Das bemerkenswert weiche Berber-Fleece-Futter isoliert effektiv gegen K\u00e4lte, w\u00e4hrend die GORE-TEX\u00ae-Membran Wind und Wasser abh\u00e4lt. Die intelligente Konstruktion der Ohrenklappe maximiert die W\u00e4rme bei ungehindertem H\u00f6rverm\u00f6gen, und die Cam-Lock-Hinterkopfverstellung erm\u00f6glicht eine perfekte Passform.  <\/p>\n<p>GORE \u2122 OPTIFADE \u2122 Concealment Elevated II wurde f\u00fcr die Tarnung bei der Jagd entwickelt, w\u00e4hrend man auf eine Begegnung auf kurze Distanz, bei schlechten Lichtverh\u00e4ltnissen oder in erh\u00f6hter Position wartet.<\/p>\n<p>Gewicht: 136,08 g<\/p>\n<p>Material: Wasserdichtes GORE-TEX\u00ae-Laminat, geb\u00fcrstetes Polyester-Strickgewebe au\u00dfen, geb\u00fcrstetes Polyester-Hochflor-Fleece-Futter.<\/p>\n<p>CamLock verstellbare R\u00fcckseite: F\u00fcr eine vollst\u00e4ndig anpassbare und sichere Passform.<\/p>\n<p>Wasserdichtes GORE-TEX\u00ae-Laminat: Vollst\u00e4ndig wasserdicht und mit einem Hochflor-Berber-Fleece gef\u00fcttert f\u00fcr maximale wetterfeste W\u00e4rme.<\/p>\n<p>Ohrklappen: Die Ohrklappen bieten zus\u00e4tzliche W\u00e4rme, ohne das H\u00f6rverm\u00f6gen zu beeintr\u00e4chtigen.<\/p>\n<p>Die wasserabweisende Ausr\u00fcstung widersteht leichtem Niederschlag und verhindert das Durchn\u00e4ssen des Oberfl\u00e4chenmaterials.<\/p>\n<p>GORE-TEX\u00ae-Technologie: Bekleidungsst\u00fccke mit GORE-TEX\u00ae-Materialien sind dauerhaft wasserdicht, leicht und \u00e4u\u00dferst atmungsaktiv.<\/p>\n","protected":false},"excerpt":{"rendered":"<p>Die Incinerator-Kopfbedeckung ist darauf spezialisiert, Ihren Kopf und Ihre Ohren warm und trocken zu halten. Das bemerkenswert weiche Berber-Fleece-Futter isoliert effektiv gegen K\u00e4lte, w\u00e4hrend die GORE-TEX\u00ae-Membran Wind und Wasser abh\u00e4lt. Die intelligente Konstruktion der Ohrenklappe maximiert die W\u00e4rme bei ungehindertem H\u00f6rverm\u00f6gen, und die Cam-Lock-Hinterkopfverstellung erm\u00f6glicht eine perfekte Passform. GORE \u2122 OPTIFADE \u2122 Concealment Elevated II [&#8230;]\n","protected":false},"featured_media":257753,"comment_status":"open","ping_status":"closed","template":"","meta":[],"product_brand":[],"product_cat":[1145],"product_tag":[],"class_list":{"0":"post-281706","1":"product","2":"type-product","3":"status-publish","4":"has-post-thumbnail","6":"product_cat-sonstiges","8":"first","9":"outofstock","10":"taxable","11":"shipping-taxable","12":"purchasable","13":"product-type-simple"},"composite_virtual":false,"composite_layout":"","composite_add_to_cart_form_location":"","composite_editable_in_cart":false,"composite_sold_individually_context":"","composite_shop_price_calc":"","composite_components":[],"composite_scenarios":[],"group_of_quantity":0,"min_quantity":0,"max_quantity":"","exclude_order_quantity_value_rules":"no","exclude_category_quantity_rules":"no","combine_variations":"no","exclude_global_add_ons":[],"addons":[],"_links":{"self":[{"href":"https:\/\/www.huntersfriend.eu\/de\/wp-json\/wp\/v2\/product\/281706","targetHints":{"allow":["GET"]}}],"collection":[{"href":"https:\/\/www.huntersfriend.eu\/de\/wp-json\/wp\/v2\/product"}],"about":[{"href":"https:\/\/www.huntersfriend.eu\/de\/wp-json\/wp\/v2\/types\/product"}],"replies":[{"embeddable":true,"href":"https:\/\/www.huntersfriend.eu\/de\/wp-json\/wp\/v2\/comments?post=281706"}],"wp:featuredmedia":[{"embeddable":true,"href":"https:\/\/www.huntersfriend.eu\/de\/wp-json\/wp\/v2\/media\/257753"}],"wp:attachment":[{"href":"https:\/\/www.huntersfriend.eu\/de\/wp-json\/wp\/v2\/media?parent=281706"}],"wp:term":[{"taxonomy":"product_brand","embeddable":true,"href":"https:\/\/www.huntersfriend.eu\/de\/wp-json\/wp\/v2\/product_brand?post=281706"},{"taxonomy":"product_cat","embeddable":true,"href":"https:\/\/www.huntersfriend.eu\/de\/wp-json\/wp\/v2\/product_cat?post=281706"},{"taxonomy":"product_tag","embeddable":true,"href":"https:\/\/www.huntersfriend.eu\/de\/wp-json\/wp\/v2\/product_tag?post=281706"}],"curies":[{"name":"wp","href":"https:\/\/api.w.org\/{rel}","templated":true}]}}