{"id":281701,"date":"2023-03-16T12:59:27","date_gmt":"2025-06-23T10:23:47","guid":{"rendered":"https:\/\/www.huntersfriend.eu\/product\/warne-weaver-horizontale-zielfernrohrhalterungen-mittel\/"},"modified":"2025-06-23T12:23:47","modified_gmt":"2025-06-23T10:23:47","slug":"warne-weaver-horizontale-zielfernrohrhalterungen-mittel","status":"publish","type":"product","link":"https:\/\/www.huntersfriend.eu\/de\/produkt\/warne-weaver-horizontale-zielfernrohrhalterungen-mittel\/","title":{"rendered":"Warne Weaver horizontale Zielfernrohrhalterungen, Mittel"},"content":{"rendered":"<p>Maxima Horizontale Zielfernrohrhalterungen werden von unserem Expertenteam in Tualatin, Oregon, konzipiert, entwickelt und hergestellt. Unter Verwendung einer propriet\u00e4ren Sinterstahlttechnologie bietet Maxima Horizontal unerreichte St\u00e4rke und Pr\u00e4zision in einer stilvollen, doch traditionellen Form. Ringkappen mit 4 Schrauben sowie ein einzigartiger R\u00fccksto\u00dfkeil und Klemme erm\u00f6glichen eine einfache Installation und un\u00fcbertroffene Haltekraft. Mit klassischen Linien und Warnes Garantie f\u00fcr R\u00fcckkehr zum Nullpunkt sind Maxima Horizontal der neue Standard. Warne Maxima Horizontal Ringe entstanden aus dem Konzept, die weltweit anerkannte Leistung, Materialien und den Ruf der Maxima-Ringe in einer traditionelleren, horizontal geteilten Konfiguration zu vereinen. Maxima Horizontal Ringe beinhalten mehrere Konstruktionsmerkmale, die die Leistung verbessern, die Installation erleichtern und die Garantie f\u00fcr R\u00fcckkehr zum Nullpunkt einschlie\u00dfen, f\u00fcr die Warne bekannt ist.     <\/p>\n<p>Warne Maxima horizontale Ringe bieten Ihnen traditionelles Design mit modernen Fortschritten f\u00fcr \u00fcberlegene Leistung.<\/p>\n<p>Wenn Sie eine traditionelle horizontale Konfiguration bevorzugen, werden Ihnen diese Warne 30mm Zielfernrohrhalterungen unvergleichliche St\u00e4rke und Grip bieten. Maxima Horizontal Zielfernrohrhalterungen von Warne Scope Mounts werden in den USA mit Sinterstahlttechnologie CNC-gefertigt. Sie verf\u00fcgen \u00fcber Ringkappen mit vier Schrauben, und der einzigartige R\u00fccksto\u00dfkeil und die Klemme erm\u00f6glichen eine einfache Installation auf einer Weaver- oder Picatinny-Schiene. Diese Warne 514M Zielfernrohrhalterungen zeichnen sich durch eine mittlere H\u00f6he und eine matte Oberfl\u00e4che aus.   <\/p>\n<ul>\n<li>CNC-gefertigt aus Sinterstahl f\u00fcr \u00fcberlegene St\u00e4rke und Klemmvorteile.<\/li>\n<li>Quadratische, permanent installierte R\u00fccksto\u00dfkeile f\u00fcr positive Verbindung von Ring zu Basis.<\/li>\n<li>Ringe werden sicher um das Zielfernrohr montiert mit 4 Torx T-15 Schrauben, 2 Schrauben f\u00fcr jede Klemme<\/li>\n<li>STANAG 4694-Schnittstelle erm\u00f6glicht bessere R\u00fcckkehr zum Nullpunkt und Steifigkeit<\/li>\n<li>Passt sowohl auf Picatinny- als auch auf Weaver-Basen<\/li>\n<li>Erh\u00e4ltlich in 1 Zoll und 30mm<\/li>\n<li>Entwickelt und hergestellt in den USA<\/li>\n<\/ul>\n","protected":false},"excerpt":{"rendered":"<p>Maxima Horizontale Zielfernrohrhalterungen werden von unserem Expertenteam in Tualatin, Oregon, konzipiert, entwickelt und hergestellt. Unter Verwendung einer propriet\u00e4ren Sinterstahlttechnologie bietet Maxima Horizontal unerreichte St\u00e4rke und Pr\u00e4zision in einer stilvollen, doch traditionellen Form. Ringkappen mit 4 Schrauben sowie ein einzigartiger R\u00fccksto\u00dfkeil und Klemme erm\u00f6glichen eine einfache Installation und un\u00fcbertroffene Haltekraft. Mit klassischen Linien und Warnes Garantie [&#8230;]\n","protected":false},"featured_media":254650,"comment_status":"open","ping_status":"closed","template":"","meta":[],"product_brand":[],"product_cat":[1413],"product_tag":[],"class_list":{"0":"post-281701","1":"product","2":"type-product","3":"status-publish","4":"has-post-thumbnail","6":"product_cat-zielfernrohrringe-montagen","8":"first","9":"instock","10":"taxable","11":"shipping-taxable","12":"purchasable","13":"product-type-simple"},"composite_virtual":false,"composite_layout":"","composite_add_to_cart_form_location":"","composite_editable_in_cart":false,"composite_sold_individually_context":"","composite_shop_price_calc":"","composite_components":[],"composite_scenarios":[],"group_of_quantity":0,"min_quantity":0,"max_quantity":"","exclude_order_quantity_value_rules":"no","exclude_category_quantity_rules":"no","combine_variations":"no","exclude_global_add_ons":[],"addons":[],"_links":{"self":[{"href":"https:\/\/www.huntersfriend.eu\/de\/wp-json\/wp\/v2\/product\/281701","targetHints":{"allow":["GET"]}}],"collection":[{"href":"https:\/\/www.huntersfriend.eu\/de\/wp-json\/wp\/v2\/product"}],"about":[{"href":"https:\/\/www.huntersfriend.eu\/de\/wp-json\/wp\/v2\/types\/product"}],"replies":[{"embeddable":true,"href":"https:\/\/www.huntersfriend.eu\/de\/wp-json\/wp\/v2\/comments?post=281701"}],"wp:featuredmedia":[{"embeddable":true,"href":"https:\/\/www.huntersfriend.eu\/de\/wp-json\/wp\/v2\/media\/254650"}],"wp:attachment":[{"href":"https:\/\/www.huntersfriend.eu\/de\/wp-json\/wp\/v2\/media?parent=281701"}],"wp:term":[{"taxonomy":"product_brand","embeddable":true,"href":"https:\/\/www.huntersfriend.eu\/de\/wp-json\/wp\/v2\/product_brand?post=281701"},{"taxonomy":"product_cat","embeddable":true,"href":"https:\/\/www.huntersfriend.eu\/de\/wp-json\/wp\/v2\/product_cat?post=281701"},{"taxonomy":"product_tag","embeddable":true,"href":"https:\/\/www.huntersfriend.eu\/de\/wp-json\/wp\/v2\/product_tag?post=281701"}],"curies":[{"name":"wp","href":"https:\/\/api.w.org\/{rel}","templated":true}]}}