{"id":281697,"date":"2023-03-16T12:59:26","date_gmt":"2025-06-23T10:23:47","guid":{"rendered":"https:\/\/www.huntersfriend.eu\/product\/warne-weaver-horizontale-zielfernrohrhalterungen-niedrig\/"},"modified":"2025-06-23T12:23:47","modified_gmt":"2025-06-23T10:23:47","slug":"warne-weaver-horizontale-zielfernrohrhalterungen-niedrig","status":"publish","type":"product","link":"https:\/\/www.huntersfriend.eu\/de\/produkt\/warne-weaver-horizontale-zielfernrohrhalterungen-niedrig\/","title":{"rendered":"Warne Weaver horizontale Zielfernrohrhalterungen, niedrig"},"content":{"rendered":"<p class=\"\" data-start=\"0\" data-end=\"112\"><strong data-start=\"0\" data-end=\"51\">Warne Maxima horizontale Weaver-Zielfernrohrmontage<\/strong> \u2013 hochwertige und erschwingliche Montage f\u00fcr J\u00e4ger und Sch\u00fctzen<\/p>\n<p class=\"\" data-start=\"114\" data-end=\"287\">Warne Maxima-Zielfernrohrmontagen sind zuverl\u00e4ssig und kosteng\u00fcnstig, konzipiert f\u00fcr praktisch orientierte J\u00e4ger und Sch\u00fctzen. Diese in den USA hergestellten Montagen bestehen aus best\u00e4ndigem Stahl. <\/p>\n<p class=\"\" data-start=\"289\" data-end=\"671\">Die <strong data-start=\"293\" data-end=\"333\">Warne Maxima Horizontale Weaver-Montage<\/strong> ist kompatibel mit Zielfernrohren mit einem 30-mm-Tubus. Das Weaver-Montagesystem ist f\u00fcr eine einfache Installation sowohl auf Weaver- als auch auf Picatinny-Schienen konzipiert. Das Zielfernrohr wird mit vier Torx T-15 Schrauben an der Warne Maxima-Montage befestigt, gem\u00e4\u00df traditioneller Montageart. Die Montage selbst wird mit zwei zus\u00e4tzlichen Torx T-15 Schrauben an der Waffe gesichert.   <\/p>\n<p class=\"\" data-start=\"673\" data-end=\"903\">Die <strong data-start=\"677\" data-end=\"710\">Warne Weaver Horizontale Montage<\/strong> ist in den H\u00f6hen <strong data-start=\"727\" data-end=\"734\">Niedrig<\/strong>, <strong data-start=\"736\" data-end=\"746\">Mittel<\/strong> und <strong data-start=\"752\" data-end=\"760\">Hoch<\/strong> erh\u00e4ltlich. Die korrekte H\u00f6he wird basierend auf der St\u00e4rke des Waffenlaufs und dem Profil des Verschlusses in Relation zum Zielfernrohr ausgew\u00e4hlt. <\/p>\n<p class=\"\" data-start=\"905\" data-end=\"924\"><strong data-start=\"905\" data-end=\"924\">Spezifikationen:<\/strong><\/p>\n<ul data-start=\"925\" data-end=\"1088\" data-is-last-node=\"\" data-is-only-node=\"\">\n<li class=\"\" data-start=\"925\" data-end=\"969\">\n<p class=\"\" data-start=\"927\" data-end=\"969\"><strong data-start=\"927\" data-end=\"938\">H\u00f6he:<\/strong> Niedrig (Max. 42mm Objektivlinse)<\/p>\n<\/li>\n<li class=\"\" data-start=\"970\" data-end=\"996\">\n<p class=\"\" data-start=\"972\" data-end=\"996\"><strong data-start=\"972\" data-end=\"983\">Gewicht:<\/strong> 141,75 Gramm<\/p>\n<\/li>\n<li class=\"\" data-start=\"997\" data-end=\"1088\">\n<p class=\"\" data-start=\"999\" data-end=\"1014\"><strong data-start=\"999\" data-end=\"1014\">Abmessungen:<\/strong><\/p>\n<ul data-start=\"1017\" data-end=\"1088\" data-is-last-node=\"\">\n<li class=\"\" data-start=\"1017\" data-end=\"1037\">\n<p class=\"\" data-start=\"1019\" data-end=\"1037\"><strong data-start=\"1019\" data-end=\"1032\">Tubus (A):<\/strong> 30mm<\/p>\n<\/li>\n<li class=\"\" data-start=\"1040\" data-end=\"1062\">\n<p class=\"\" data-start=\"1042\" data-end=\"1062\"><strong data-start=\"1042\" data-end=\"1055\">Basis (B):<\/strong> 6,35mm<\/p>\n<\/li>\n<li class=\"\" data-start=\"1065\" data-end=\"1088\">\n<p class=\"\" data-start=\"1067\" data-end=\"1088\"><strong data-start=\"1067\" data-end=\"1081\">Breite (C):<\/strong> 16,5mm<\/p>\n<\/li>\n<\/ul>\n<\/li>\n<\/ul>\n","protected":false},"excerpt":{"rendered":"<p>Warne Maxima horizontale Weaver-Zielfernrohrmontage \u2013 hochwertige und erschwingliche Montage f\u00fcr J\u00e4ger und Sch\u00fctzen Warne Maxima-Zielfernrohrmontagen sind zuverl\u00e4ssig und kosteng\u00fcnstig, konzipiert f\u00fcr praktisch orientierte J\u00e4ger und Sch\u00fctzen. Diese in den USA hergestellten Montagen bestehen aus best\u00e4ndigem Stahl. Die Warne Maxima Horizontale Weaver-Montage ist kompatibel mit Zielfernrohren mit einem 30-mm-Tubus. Das Weaver-Montagesystem ist f\u00fcr eine einfache Installation [&#8230;]\n","protected":false},"featured_media":277550,"comment_status":"open","ping_status":"closed","template":"","meta":[],"product_brand":[],"product_cat":[1413],"product_tag":[],"class_list":{"0":"post-281697","1":"product","2":"type-product","3":"status-publish","4":"has-post-thumbnail","6":"product_cat-zielfernrohrringe-montagen","8":"first","9":"instock","10":"taxable","11":"shipping-taxable","12":"purchasable","13":"product-type-simple"},"composite_virtual":false,"composite_layout":"","composite_add_to_cart_form_location":"","composite_editable_in_cart":false,"composite_sold_individually_context":"","composite_shop_price_calc":"","composite_components":[],"composite_scenarios":[],"group_of_quantity":0,"min_quantity":0,"max_quantity":"","exclude_order_quantity_value_rules":"no","exclude_category_quantity_rules":"no","combine_variations":"no","exclude_global_add_ons":[],"addons":[],"_links":{"self":[{"href":"https:\/\/www.huntersfriend.eu\/de\/wp-json\/wp\/v2\/product\/281697","targetHints":{"allow":["GET"]}}],"collection":[{"href":"https:\/\/www.huntersfriend.eu\/de\/wp-json\/wp\/v2\/product"}],"about":[{"href":"https:\/\/www.huntersfriend.eu\/de\/wp-json\/wp\/v2\/types\/product"}],"replies":[{"embeddable":true,"href":"https:\/\/www.huntersfriend.eu\/de\/wp-json\/wp\/v2\/comments?post=281697"}],"wp:featuredmedia":[{"embeddable":true,"href":"https:\/\/www.huntersfriend.eu\/de\/wp-json\/wp\/v2\/media\/277550"}],"wp:attachment":[{"href":"https:\/\/www.huntersfriend.eu\/de\/wp-json\/wp\/v2\/media?parent=281697"}],"wp:term":[{"taxonomy":"product_brand","embeddable":true,"href":"https:\/\/www.huntersfriend.eu\/de\/wp-json\/wp\/v2\/product_brand?post=281697"},{"taxonomy":"product_cat","embeddable":true,"href":"https:\/\/www.huntersfriend.eu\/de\/wp-json\/wp\/v2\/product_cat?post=281697"},{"taxonomy":"product_tag","embeddable":true,"href":"https:\/\/www.huntersfriend.eu\/de\/wp-json\/wp\/v2\/product_tag?post=281697"}],"curies":[{"name":"wp","href":"https:\/\/api.w.org\/{rel}","templated":true}]}}