{"id":281695,"date":"2023-03-16T13:38:04","date_gmt":"2025-06-23T10:23:36","guid":{"rendered":"https:\/\/www.huntersfriend.eu\/product\/meat-seeker-stinger-ausseneinsatz\/"},"modified":"2025-07-17T03:40:10","modified_gmt":"2025-07-17T01:40:10","slug":"meat-seeker-stinger-ausseneinsatz","status":"publish","type":"product","link":"https:\/\/www.huntersfriend.eu\/de\/produkt\/meat-seeker-stinger-ausseneinsatz\/","title":{"rendered":"Meat Seeker Stinger Au\u00dfeneinsatz"},"content":{"rendered":"<p>Der Meat Seeker Stinger Au\u00dfeneinsatz ist ein halboffener Einsatz f\u00fcr Pfeile mit einem Innendurchmesser von 5,2 mm. Dieser Au\u00dfeneinsatz wird auch mit einer H\u00fclse geliefert, die separat sowohl auf dem Pfeilschaft als auch auf dem Au\u00dfeneinsatz montiert werden kann. Dies erh\u00f6ht das Gewicht etwas und verst\u00e4rkt den Pfeil. Sie k\u00f6nnen den Au\u00dfeneinsatz auch ohne H\u00fclse verwenden. Wenn Sie eine H\u00fclse verwenden m\u00f6chten, kleben Sie zun\u00e4chst den Au\u00dfeneinsatz fest und lassen Sie ihn aush\u00e4rten. Sobald der Au\u00dfeneinsatz sicher am Pfeilschaft befestigt ist, k\u00f6nnen Sie die H\u00fclse \u00fcber den Au\u00dfeneinsatz schieben, indem Sie sie gegen eine Tischplatte dr\u00fccken. Die H\u00fclse sitzt sehr fest am Pfeil, sodass Sie bei der Installation nur ein wenig Kraft aufwenden m\u00fcssen. Das Ergebnis ist ein st\u00e4rkerer Pfeil, der weitaus mehr Belastung beim Auftreffen auf den Boden aush\u00e4lt.       <\/p>\n<p>Gewicht &#8211; 45 Grain<\/p>\n","protected":false},"excerpt":{"rendered":"<p>Der Meat Seeker Stinger Au\u00dfeneinsatz ist ein halboffener Einsatz f\u00fcr Pfeile mit einem Innendurchmesser von 5,2 mm. Dieser Au\u00dfeneinsatz wird auch mit einer H\u00fclse geliefert, die separat sowohl auf dem Pfeilschaft als auch auf dem Au\u00dfeneinsatz montiert werden kann. Dies erh\u00f6ht das Gewicht etwas und verst\u00e4rkt den Pfeil. Sie k\u00f6nnen den Au\u00dfeneinsatz auch ohne H\u00fclse [&#8230;]\n","protected":false},"featured_media":248790,"comment_status":"open","ping_status":"closed","template":"","meta":[],"product_brand":[],"product_cat":[1098],"product_tag":[],"class_list":{"0":"post-281695","1":"product","2":"type-product","3":"status-publish","4":"has-post-thumbnail","6":"product_cat-nocken-und-inserts","8":"first","9":"instock","10":"taxable","11":"shipping-taxable","12":"purchasable","13":"product-type-simple"},"composite_virtual":false,"composite_layout":"","composite_add_to_cart_form_location":"","composite_editable_in_cart":false,"composite_sold_individually_context":"","composite_shop_price_calc":"","composite_components":[],"composite_scenarios":[],"group_of_quantity":0,"min_quantity":0,"max_quantity":"","exclude_order_quantity_value_rules":"no","exclude_category_quantity_rules":"no","combine_variations":"no","exclude_global_add_ons":[],"addons":[],"_links":{"self":[{"href":"https:\/\/www.huntersfriend.eu\/de\/wp-json\/wp\/v2\/product\/281695","targetHints":{"allow":["GET"]}}],"collection":[{"href":"https:\/\/www.huntersfriend.eu\/de\/wp-json\/wp\/v2\/product"}],"about":[{"href":"https:\/\/www.huntersfriend.eu\/de\/wp-json\/wp\/v2\/types\/product"}],"replies":[{"embeddable":true,"href":"https:\/\/www.huntersfriend.eu\/de\/wp-json\/wp\/v2\/comments?post=281695"}],"wp:featuredmedia":[{"embeddable":true,"href":"https:\/\/www.huntersfriend.eu\/de\/wp-json\/wp\/v2\/media\/248790"}],"wp:attachment":[{"href":"https:\/\/www.huntersfriend.eu\/de\/wp-json\/wp\/v2\/media?parent=281695"}],"wp:term":[{"taxonomy":"product_brand","embeddable":true,"href":"https:\/\/www.huntersfriend.eu\/de\/wp-json\/wp\/v2\/product_brand?post=281695"},{"taxonomy":"product_cat","embeddable":true,"href":"https:\/\/www.huntersfriend.eu\/de\/wp-json\/wp\/v2\/product_cat?post=281695"},{"taxonomy":"product_tag","embeddable":true,"href":"https:\/\/www.huntersfriend.eu\/de\/wp-json\/wp\/v2\/product_tag?post=281695"}],"curies":[{"name":"wp","href":"https:\/\/api.w.org\/{rel}","templated":true}]}}