{"id":281692,"date":"2023-03-16T13:38:09","date_gmt":"2025-06-23T10:23:34","guid":{"rendered":"https:\/\/www.huntersfriend.eu\/product\/hamskea-waypoint-pfeilwasserwaage\/"},"modified":"2025-08-27T06:21:18","modified_gmt":"2025-08-27T04:21:18","slug":"hamskea-waypoint-pfeilwasserwaage","status":"publish","type":"product","link":"https:\/\/www.huntersfriend.eu\/de\/produkt\/hamskea-waypoint-pfeilwasserwaage\/","title":{"rendered":"Hamskea Waypoint Pfeilwasserwaage"},"content":{"rendered":"<p>Die Waypoint Pfeilwasserwaage erm\u00f6glicht es Bogensch\u00fctzen, die exakte vertikale und horizontale Position des Pfeils in Relation zur Bogenschulter pr\u00e4zise zu messen, sei es f\u00fcr die anf\u00e4ngliche Bogeneinstellung oder zur Datenerfassung nach Abschluss der Feinabstimmung.<\/p>\n<p>Die Waypoint Pfeilwasserwaage ist die neueste Erg\u00e4nzung zur Hamskea-Produktlinie professioneller Bogensportausr\u00fcstung. Diese Wasserwaage erm\u00f6glicht es Bogensch\u00fctzen, die exakte Position des Pfeils in Relation zur Bogenschulter m\u00fchelos zu messen, sowohl f\u00fcr die initiale Bogeneinstellung als auch zur Datenerfassung nach vollendeter Feinabstimmung. <\/p>\n<p>Aus Vollaluminium gefr\u00e4st, ist die Waypoint Pfeilwasserwaage darauf ausgelegt, jahrelangen Belastungen standzuhalten und dabei pr\u00e4zise Informationen f\u00fcr den Bogensch\u00fctzen zu liefern. Die lasergravierten Messleisten erm\u00f6glichen dem Bogensch\u00fctzen eine akkurate Messung des Mittelschusses und der Pfeilh\u00f6he mit Abstufungen von 0,050 Zoll. Verwenden Sie die Waypoint Wasserwaage, um die Pfeilauflage zun\u00e4chst gem\u00e4\u00df den Empfehlungen des Bogenherstellers einzustellen, bevor Sie die Feinabstimmung Ihres Bogens abschlie\u00dfen. Nach Abschluss der Feinabstimmung nutzen Sie die Waypoint Pfeilwasserwaage, um den endg\u00fcltigen Mittelschuss und die Pfeilh\u00f6he f\u00fcr Ihre Aufzeichnungen zu messen. F\u00fcr Bogensch\u00fctzen, die eine Pfeilauflage mit flexiblem Launcher verwenden, kann die vertikale Messleiste angepasst und arretiert werden, um die Pfeilh\u00f6he bei vollem Auszug ohne Flexion des Launchers darzustellen. Diese Informationen k\u00f6nnen genutzt werden, um Ihre Ausr\u00fcstung jederzeit zu \u00fcberpr\u00fcfen, falls die Abstimmung beeintr\u00e4chtigt wurde, beispielsweise nach Reisen oder einem unerwarteten Sturz vom Stand. Sie k\u00f6nnen diese Informationen auch verwenden, um Ihre Auflage einfach in eine vorherige Abstimmung zur\u00fcckzuversetzen, wenn Sie im Laufe der Saison zwischen verschiedenen Pfeildurchmessern wechseln. Ob Sie sich in einem Fachgesch\u00e4ft, auf dem Turniergel\u00e4nde oder im Jagdcamp befinden &#8211; Sie k\u00f6nnen sich auf die Haltbarkeit und Genauigkeit der Waypoint Pfeilwasserwaage verlassen.       <\/p>\n","protected":false},"excerpt":{"rendered":"<p>Die Waypoint Pfeilwasserwaage erm\u00f6glicht es Bogensch\u00fctzen, die exakte vertikale und horizontale Position des Pfeils in Relation zur Bogenschulter pr\u00e4zise zu messen, sei es f\u00fcr die anf\u00e4ngliche Bogeneinstellung oder zur Datenerfassung nach Abschluss der Feinabstimmung. Die Waypoint Pfeilwasserwaage ist die neueste Erg\u00e4nzung zur Hamskea-Produktlinie professioneller Bogensportausr\u00fcstung. Diese Wasserwaage erm\u00f6glicht es Bogensch\u00fctzen, die exakte Position des Pfeils [&#8230;]\n","protected":false},"featured_media":245061,"comment_status":"open","ping_status":"closed","template":"","meta":[],"product_brand":[],"product_cat":[1255,1254,1256],"product_tag":[],"class_list":{"0":"post-281692","1":"product","2":"type-product","3":"status-publish","4":"has-post-thumbnail","6":"product_cat-werkzeuge-und-verschiedenes-bogenschiessen","7":"product_cat-justage-werkzeuge","8":"product_cat-verschiedenes-bogenschiessen","10":"first","11":"instock","12":"taxable","13":"shipping-taxable","14":"purchasable","15":"product-type-simple"},"composite_virtual":false,"composite_layout":"","composite_add_to_cart_form_location":"","composite_editable_in_cart":false,"composite_sold_individually_context":"","composite_shop_price_calc":"","composite_components":[],"composite_scenarios":[],"group_of_quantity":0,"min_quantity":0,"max_quantity":"","exclude_order_quantity_value_rules":"no","exclude_category_quantity_rules":"no","combine_variations":"no","exclude_global_add_ons":[],"addons":[],"_links":{"self":[{"href":"https:\/\/www.huntersfriend.eu\/de\/wp-json\/wp\/v2\/product\/281692","targetHints":{"allow":["GET"]}}],"collection":[{"href":"https:\/\/www.huntersfriend.eu\/de\/wp-json\/wp\/v2\/product"}],"about":[{"href":"https:\/\/www.huntersfriend.eu\/de\/wp-json\/wp\/v2\/types\/product"}],"replies":[{"embeddable":true,"href":"https:\/\/www.huntersfriend.eu\/de\/wp-json\/wp\/v2\/comments?post=281692"}],"wp:featuredmedia":[{"embeddable":true,"href":"https:\/\/www.huntersfriend.eu\/de\/wp-json\/wp\/v2\/media\/245061"}],"wp:attachment":[{"href":"https:\/\/www.huntersfriend.eu\/de\/wp-json\/wp\/v2\/media?parent=281692"}],"wp:term":[{"taxonomy":"product_brand","embeddable":true,"href":"https:\/\/www.huntersfriend.eu\/de\/wp-json\/wp\/v2\/product_brand?post=281692"},{"taxonomy":"product_cat","embeddable":true,"href":"https:\/\/www.huntersfriend.eu\/de\/wp-json\/wp\/v2\/product_cat?post=281692"},{"taxonomy":"product_tag","embeddable":true,"href":"https:\/\/www.huntersfriend.eu\/de\/wp-json\/wp\/v2\/product_tag?post=281692"}],"curies":[{"name":"wp","href":"https:\/\/api.w.org\/{rel}","templated":true}]}}