{"id":281691,"date":"2023-03-16T13:17:33","date_gmt":"2023-03-16T11:17:33","guid":{"rendered":"https:\/\/www.huntersfriend.eu\/product\/foxpro-kojoten-welpen-notrufsimulator-mit-zwerchfellmembran\/"},"modified":"2025-06-28T05:16:38","modified_gmt":"2025-06-28T03:16:38","slug":"foxpro-kojoten-welpen-notrufsimulator-mit-zwerchfellmembran","status":"publish","type":"product","link":"https:\/\/www.huntersfriend.eu\/de\/produkt\/foxpro-kojoten-welpen-notrufsimulator-mit-zwerchfellmembran\/","title":{"rendered":"FoxPro Kojoten-Welpen-Notrufsimulator mit Zwerchfellmembran"},"content":{"rendered":"<p>FOXPRO freut sich, eine neue Produktlinie von Zwerchfellmembran-Pr\u00e4datorenrufen vorzustellen. Die Vielseitigkeit dieser Zwerchfellmembran-Rufe erm\u00f6glicht es Ihnen, w\u00e4hrend Ihres Ansitzes schnell einen Kojotenheulruf, einen Welpen-Notruf oder einen Tier-Notruf auszusto\u00dfen. Diese Mundlocker sind einfach zu bedienen und verf\u00fcgen \u00fcber hervorragende Lautst\u00e4rkem\u00f6glichkeiten. Jeder Ruf in dieser neuen Produktlinie ist speziell f\u00fcr einen bestimmten Zielklang konzipiert. Der Welpen-Notruf-Mundlocker imitiert realistische Kojoten-Welpen-Notrufe und -Wimmern. Dieser Mundlocker wird mit Stolz in den Vereinigten Staaten hergestellt.     <\/p>\n<ul>\n<li>Graues 0,0045 mm V-Schnitt-Latexrohrblatt oben<\/li>\n<li>Zwei 0,003 mm prophylaktische Rohrbl\u00e4tter, Mittelschnitt am unteren Rohrblatt<\/li>\n<li>Imitiert realistische Kojoten-Welpen-Notrufe und -Wimmern<\/li>\n<li>Regul\u00e4res Rahmendesign<\/li>\n<\/ul>\n<h2>Aufbewahrung und Pflege<\/h2>\n<ul>\n<li>Die Pflege Ihrer Zwerchfellrufe ist \u00e4u\u00dferst wichtig, um eine optimale Leistung zu gew\u00e4hrleisten. Sie sollten sich die gesamte Saison \u00fcber um Ihre Mundlocker k\u00fcmmern. Hier sind einige Tipps zur Verl\u00e4ngerung der Lebensdauer Ihrer Zwerchfellrufe.  <\/li>\n<li>Sp\u00fclen Sie sie nach Gebrauch unbedingt mit einer Mundwasser-Wasser-Mischung oder verwenden Sie Leitungswasser. Nachdem sie gereinigt wurden, trocknen Sie sie vorsichtig mit einem Handtuch oder Papiertuch ab. F\u00fchren Sie einen Zahnstocher zwischen das obere und untere Blatt ein. Lassen Sie sie dann mehrere Stunden an der Luft trocknen, SETZEN SIE SIE NICHT DER SONNE AUS. Nachdem Sie sie haben trocknen lassen, k\u00f6nnen Sie den\/die Zahnstocher entfernen und sie wieder in eine Tasche oder einen Beh\u00e4lter legen. Bewahren Sie sie anschlie\u00dfend an einem k\u00fchlen, dunklen Ort auf.     <\/li>\n<li>Hitze stellt ein erhebliches Problem f\u00fcr Mundlocker dar. Wenn Sie Ihren Mundlocker in der Sonne oder in Ihrem Fahrzeug liegen lassen, kann dies das Latex besch\u00e4digen. Dies f\u00fchrt dazu, dass sich das Latex ausdehnt, was letztendlich die Klangqualit\u00e4t und auch die Lebensdauer des Mundlockers beeintr\u00e4chtigt.  <\/li>\n<\/ul>\n<table class=\"table table-bordered\">\n<tbody>\n<tr>\n<td>Gewicht<\/td>\n<td>0,06 lbs.<\/td>\n<\/tr>\n<tr>\n<td>Klangm\u00f6glichkeiten<\/td>\n<td>Realistische Kojoten-Welpen-Notrufe und -Wimmern<\/td>\n<\/tr>\n<tr>\n<td>Informationen zu den Rohrbl\u00e4ttern<\/td>\n<td>Graues 0,0045 mm V-Schnitt-Latexrohrblatt oben.<br \/>\nZwei 0,003 mm prophylaktische Rohrbl\u00e4tter, Mittelschnitt am unteren Rohrblatt<\/td>\n<\/tr>\n<tr>\n<td>Garantie<\/td>\n<td>Begrenzt, 30 Tage<\/td>\n<\/tr>\n<tr>\n<td>Ver\u00f6ffentlicht<\/td>\n<td>Februar 2018<\/td>\n<\/tr>\n<\/tbody>\n<\/table>\n","protected":false},"excerpt":{"rendered":"<p>FOXPRO freut sich, eine neue Produktlinie von Zwerchfellmembran-Pr\u00e4datorenrufen vorzustellen. Die Vielseitigkeit dieser Zwerchfellmembran-Rufe erm\u00f6glicht es Ihnen, w\u00e4hrend Ihres Ansitzes schnell einen Kojotenheulruf, einen Welpen-Notruf oder einen Tier-Notruf auszusto\u00dfen. Diese Mundlocker sind einfach zu bedienen und verf\u00fcgen \u00fcber hervorragende Lautst\u00e4rkem\u00f6glichkeiten. Jeder Ruf in dieser neuen Produktlinie ist speziell f\u00fcr einen bestimmten Zielklang konzipiert. Der Welpen-Notruf-Mundlocker imitiert [&#8230;]\n","protected":false},"featured_media":245291,"comment_status":"open","ping_status":"closed","template":"","meta":[],"product_brand":[],"product_cat":[1145],"product_tag":[],"class_list":{"0":"post-281691","1":"product","2":"type-product","3":"status-publish","4":"has-post-thumbnail","6":"product_cat-sonstiges","8":"first","9":"outofstock","10":"taxable","11":"shipping-taxable","12":"purchasable","13":"product-type-simple"},"composite_virtual":false,"composite_layout":"","composite_add_to_cart_form_location":"","composite_editable_in_cart":false,"composite_sold_individually_context":"","composite_shop_price_calc":"","composite_components":[],"composite_scenarios":[],"group_of_quantity":0,"min_quantity":0,"max_quantity":"","exclude_order_quantity_value_rules":"no","exclude_category_quantity_rules":"no","combine_variations":"no","exclude_global_add_ons":[],"addons":[],"_links":{"self":[{"href":"https:\/\/www.huntersfriend.eu\/de\/wp-json\/wp\/v2\/product\/281691","targetHints":{"allow":["GET"]}}],"collection":[{"href":"https:\/\/www.huntersfriend.eu\/de\/wp-json\/wp\/v2\/product"}],"about":[{"href":"https:\/\/www.huntersfriend.eu\/de\/wp-json\/wp\/v2\/types\/product"}],"replies":[{"embeddable":true,"href":"https:\/\/www.huntersfriend.eu\/de\/wp-json\/wp\/v2\/comments?post=281691"}],"wp:featuredmedia":[{"embeddable":true,"href":"https:\/\/www.huntersfriend.eu\/de\/wp-json\/wp\/v2\/media\/245291"}],"wp:attachment":[{"href":"https:\/\/www.huntersfriend.eu\/de\/wp-json\/wp\/v2\/media?parent=281691"}],"wp:term":[{"taxonomy":"product_brand","embeddable":true,"href":"https:\/\/www.huntersfriend.eu\/de\/wp-json\/wp\/v2\/product_brand?post=281691"},{"taxonomy":"product_cat","embeddable":true,"href":"https:\/\/www.huntersfriend.eu\/de\/wp-json\/wp\/v2\/product_cat?post=281691"},{"taxonomy":"product_tag","embeddable":true,"href":"https:\/\/www.huntersfriend.eu\/de\/wp-json\/wp\/v2\/product_tag?post=281691"}],"curies":[{"name":"wp","href":"https:\/\/api.w.org\/{rel}","templated":true}]}}