{"id":281690,"date":"2023-03-16T13:17:32","date_gmt":"2025-06-23T10:23:32","guid":{"rendered":"https:\/\/www.huntersfriend.eu\/product\/foxpro-baumwollschwanz-zwerchfell-ruf\/"},"modified":"2025-06-23T12:23:32","modified_gmt":"2025-06-23T10:23:32","slug":"foxpro-baumwollschwanz-zwerchfell-ruf","status":"publish","type":"product","link":"https:\/\/www.huntersfriend.eu\/de\/produkt\/foxpro-baumwollschwanz-zwerchfell-ruf\/","title":{"rendered":"FoxPro Baumwollschwanz-Zwerchfell-Ruf"},"content":{"rendered":"<p>FOXPRO freut sich, eine neue Produktlinie von Zwerchfell-Pr\u00e4datorenrufen vorzustellen. Die Vielseitigkeit dieser Zwerchfellrufe erm\u00f6glicht es Ihnen, w\u00e4hrend Ihres Ansitzes schnell einen Kojotenheuler, einen Welpennotschrei oder einen Tiernotschrei auszusto\u00dfen. Diese Mundlocker sind einfach zu bedienen und verf\u00fcgen \u00fcber hervorragende Lautst\u00e4rkem\u00f6glichkeiten. Jeder Ruf in dieser neuen Linie ist speziell f\u00fcr einen bestimmten Zielklang konzipiert. Der Baumwollschwanz-Mundlocker ist auf realistische Baumwollschwanz- und Kaninchennotrufe abgestimmt. Dieser Mundlocker wird mit Stolz in den USA hergestellt.     <\/p>\n<ul>\n<li>Violettes .003mm wellenf\u00f6rmig geschnittenes Latex oben<\/li>\n<li>Ein .003mm prophylaktisches Bodenblatt<\/li>\n<li>Abgestimmt auf realistische Baumwollschwanz- und Kaninchennotrufe.<\/li>\n<li>Regul\u00e4res Rahmendesign<\/li>\n<\/ul>\n<h2>Aufbewahrung und Pflege<\/h2>\n<ul>\n<li>Die Pflege Ihrer Zwerchfellrufe ist \u00e4u\u00dferst wichtig, um eine optimale Leistung zu gew\u00e4hrleisten. Sie sollten sich die gesamte Saison \u00fcber um Ihre Mundlocker k\u00fcmmern. Hier sind einige Tipps zur Verl\u00e4ngerung der Lebensdauer Ihrer Zwerchfellrufe.  <\/li>\n<li>Sp\u00fclen Sie sie nach Gebrauch unbedingt mit einer Mundwasser-Wasser-Mischung oder verwenden Sie Leitungswasser. Nachdem sie gereinigt wurden, trocknen Sie sie vorsichtig mit einem Handtuch oder Papiertuch ab. F\u00fchren Sie einen Zahnstocher zwischen das obere und untere Blatt ein. Lassen Sie sie dann mehrere Stunden an der Luft trocknen, SETZEN SIE SIE NICHT DER SONNE AUS. Nachdem Sie sie haben trocknen lassen, k\u00f6nnen Sie den\/die Zahnstocher entfernen und sie wieder in eine Tasche oder einen Beh\u00e4lter legen. Bewahren Sie sie anschlie\u00dfend an einem k\u00fchlen, dunklen Ort auf.     <\/li>\n<li>Hitze stellt ein erhebliches Problem f\u00fcr Mundlocker dar. Wenn Sie Ihren Mundlocker in der Sonne oder in Ihrem Fahrzeug liegen lassen, kann dies das Latex besch\u00e4digen. Dies f\u00fchrt dazu, dass sich das Latex ausdehnt, was letztendlich die Klangqualit\u00e4t und auch die Lebensdauer des Mundlockers beeintr\u00e4chtigt.  <\/li>\n<\/ul>\n","protected":false},"excerpt":{"rendered":"<p>FOXPRO freut sich, eine neue Produktlinie von Zwerchfell-Pr\u00e4datorenrufen vorzustellen. Die Vielseitigkeit dieser Zwerchfellrufe erm\u00f6glicht es Ihnen, w\u00e4hrend Ihres Ansitzes schnell einen Kojotenheuler, einen Welpennotschrei oder einen Tiernotschrei auszusto\u00dfen. Diese Mundlocker sind einfach zu bedienen und verf\u00fcgen \u00fcber hervorragende Lautst\u00e4rkem\u00f6glichkeiten. Jeder Ruf in dieser neuen Linie ist speziell f\u00fcr einen bestimmten Zielklang konzipiert. Der Baumwollschwanz-Mundlocker ist [&#8230;]\n","protected":false},"featured_media":245297,"comment_status":"open","ping_status":"closed","template":"","meta":[],"product_brand":[],"product_cat":[1145],"product_tag":[],"class_list":{"0":"post-281690","1":"product","2":"type-product","3":"status-publish","4":"has-post-thumbnail","6":"product_cat-sonstiges","8":"first","9":"outofstock","10":"taxable","11":"shipping-taxable","12":"purchasable","13":"product-type-simple"},"composite_virtual":false,"composite_layout":"","composite_add_to_cart_form_location":"","composite_editable_in_cart":false,"composite_sold_individually_context":"","composite_shop_price_calc":"","composite_components":[],"composite_scenarios":[],"group_of_quantity":0,"min_quantity":0,"max_quantity":"","exclude_order_quantity_value_rules":"no","exclude_category_quantity_rules":"no","combine_variations":"no","exclude_global_add_ons":[],"addons":[],"_links":{"self":[{"href":"https:\/\/www.huntersfriend.eu\/de\/wp-json\/wp\/v2\/product\/281690","targetHints":{"allow":["GET"]}}],"collection":[{"href":"https:\/\/www.huntersfriend.eu\/de\/wp-json\/wp\/v2\/product"}],"about":[{"href":"https:\/\/www.huntersfriend.eu\/de\/wp-json\/wp\/v2\/types\/product"}],"replies":[{"embeddable":true,"href":"https:\/\/www.huntersfriend.eu\/de\/wp-json\/wp\/v2\/comments?post=281690"}],"wp:featuredmedia":[{"embeddable":true,"href":"https:\/\/www.huntersfriend.eu\/de\/wp-json\/wp\/v2\/media\/245297"}],"wp:attachment":[{"href":"https:\/\/www.huntersfriend.eu\/de\/wp-json\/wp\/v2\/media?parent=281690"}],"wp:term":[{"taxonomy":"product_brand","embeddable":true,"href":"https:\/\/www.huntersfriend.eu\/de\/wp-json\/wp\/v2\/product_brand?post=281690"},{"taxonomy":"product_cat","embeddable":true,"href":"https:\/\/www.huntersfriend.eu\/de\/wp-json\/wp\/v2\/product_cat?post=281690"},{"taxonomy":"product_tag","embeddable":true,"href":"https:\/\/www.huntersfriend.eu\/de\/wp-json\/wp\/v2\/product_tag?post=281690"}],"curies":[{"name":"wp","href":"https:\/\/api.w.org\/{rel}","templated":true}]}}