{"id":281689,"date":"2023-03-16T13:38:06","date_gmt":"2023-03-16T11:38:06","guid":{"rendered":"https:\/\/www.huntersfriend.eu\/product\/schwarze-flagge-haemorrhagie-100-grain\/"},"modified":"2026-03-26T13:45:17","modified_gmt":"2026-03-26T11:45:17","slug":"schwarze-flagge-haemorrhagie-100-grain","status":"publish","type":"product","link":"https:\/\/www.huntersfriend.eu\/de\/produkt\/schwarze-flagge-haemorrhagie-100-grain\/","title":{"rendered":"Schwarze Flagge H\u00e4morrhagie 100 Grain"},"content":{"rendered":"<p>Feststehende Klingenspitze, die f\u00fcr jeden gleich fliegt. Sie verf\u00fcgt \u00fcber eine fantastische Aerodynamik f\u00fcr eine feststehende Klinge und exzellente Haltbarkeit. Die Spitzenklasse in ihrer Kategorie.  <\/p>\n<p>Verf\u00fcgt \u00fcber einen verheerenden Schnitt von 1,25 \u201ex 0,75\u201c. Zu 100% aus Stahl gefertigt. 100 Grain  <\/p>\n<p>Diese haben sich auf dem US-Markt beim Durchdringen von Wei\u00dfwedelhirsch-Brustkorben hervorragend bew\u00e4hrt. Wir haben sie auch hier in Finnland mit ausgezeichneten Ergebnissen an Wei\u00dfwedelhirschen und Rehen getestet! <\/p>\n<p>Dies kommt einer Widerhaken-Jagdspitze so nahe, wie es an allen Orten legal ist. Die Klingen k\u00f6nnen festgezogen werden, bitte beachten Sie jedoch, dass sie niemals zu 100% als Widerhaken fixiert werden k\u00f6nnen. <\/p>\n","protected":false},"excerpt":{"rendered":"<p>Feststehende Klingenspitze, die f\u00fcr jeden gleich fliegt. Sie verf\u00fcgt \u00fcber eine fantastische Aerodynamik f\u00fcr eine feststehende Klinge und exzellente Haltbarkeit. Die Spitzenklasse in ihrer Kategorie. Verf\u00fcgt \u00fcber einen verheerenden Schnitt von 1,25 \u201ex 0,75\u201c. Zu 100% aus Stahl gefertigt. 100 Grain Diese haben sich auf dem US-Markt beim Durchdringen von Wei\u00dfwedelhirsch-Brustkorben hervorragend bew\u00e4hrt. Wir haben [&#8230;]\n","protected":false},"featured_media":244972,"comment_status":"open","ping_status":"closed","template":"","meta":[],"product_brand":[],"product_cat":[1079,1222],"product_tag":[],"class_list":{"0":"post-281689","1":"product","2":"type-product","3":"status-publish","4":"has-post-thumbnail","6":"product_cat-jagd-spitzen","7":"product_cat-sonderangebote","9":"first","10":"instock","11":"sale","12":"featured","13":"taxable","14":"shipping-taxable","15":"purchasable","16":"product-type-simple"},"composite_virtual":false,"composite_layout":"","composite_add_to_cart_form_location":"","composite_editable_in_cart":false,"composite_sold_individually_context":"","composite_shop_price_calc":"","composite_components":[],"composite_scenarios":[],"group_of_quantity":0,"min_quantity":0,"max_quantity":"","exclude_order_quantity_value_rules":"no","exclude_category_quantity_rules":"no","combine_variations":"no","exclude_global_add_ons":[],"addons":[],"_links":{"self":[{"href":"https:\/\/www.huntersfriend.eu\/de\/wp-json\/wp\/v2\/product\/281689","targetHints":{"allow":["GET"]}}],"collection":[{"href":"https:\/\/www.huntersfriend.eu\/de\/wp-json\/wp\/v2\/product"}],"about":[{"href":"https:\/\/www.huntersfriend.eu\/de\/wp-json\/wp\/v2\/types\/product"}],"replies":[{"embeddable":true,"href":"https:\/\/www.huntersfriend.eu\/de\/wp-json\/wp\/v2\/comments?post=281689"}],"wp:featuredmedia":[{"embeddable":true,"href":"https:\/\/www.huntersfriend.eu\/de\/wp-json\/wp\/v2\/media\/244972"}],"wp:attachment":[{"href":"https:\/\/www.huntersfriend.eu\/de\/wp-json\/wp\/v2\/media?parent=281689"}],"wp:term":[{"taxonomy":"product_brand","embeddable":true,"href":"https:\/\/www.huntersfriend.eu\/de\/wp-json\/wp\/v2\/product_brand?post=281689"},{"taxonomy":"product_cat","embeddable":true,"href":"https:\/\/www.huntersfriend.eu\/de\/wp-json\/wp\/v2\/product_cat?post=281689"},{"taxonomy":"product_tag","embeddable":true,"href":"https:\/\/www.huntersfriend.eu\/de\/wp-json\/wp\/v2\/product_tag?post=281689"}],"curies":[{"name":"wp","href":"https:\/\/api.w.org\/{rel}","templated":true}]}}