{"id":281688,"date":"2023-03-16T13:15:42","date_gmt":"2025-06-23T10:23:30","guid":{"rendered":"https:\/\/www.huntersfriend.eu\/product\/buck-gardner-double-cross\/"},"modified":"2025-06-23T12:23:30","modified_gmt":"2025-06-23T10:23:30","slug":"buck-gardner-double-cross","status":"publish","type":"product","link":"https:\/\/www.huntersfriend.eu\/de\/produkt\/buck-gardner-double-cross\/","title":{"rendered":"Buck Gardner Double Cross"},"content":{"rendered":"<p>Der Buck Gardner Double Cross ist ein Arbeitstier im Feld und einer der meistverkauften Entenlockrufe in unserem Sortiment. Die Spit-Tech\u2122-Tonboardtechnologie verhindert ein Festkleben der Zungen, selbst wenn diese durch Speichel, Kondensation oder ein versehentliches Eintauchen ins Wasser nass werden. Der Double Cross verf\u00fcgt \u00fcber einen kurzen Lauf f\u00fcr verbesserte Kontrolle und einfache Bedienung. Dieser vielseitige Doppelzungenlockruf kann wahrlich alles bew\u00e4ltigen.   <\/p>\n<p><strong>Farbe:<\/strong> schwarz\/transparent<\/p>\n","protected":false},"excerpt":{"rendered":"<p>Der Buck Gardner Double Cross ist ein Arbeitstier im Feld und einer der meistverkauften Entenlockrufe in unserem Sortiment. Die Spit-Tech\u2122-Tonboardtechnologie verhindert ein Festkleben der Zungen, selbst wenn diese durch Speichel, Kondensation oder ein versehentliches Eintauchen ins Wasser nass werden. Der Double Cross verf\u00fcgt \u00fcber einen kurzen Lauf f\u00fcr verbesserte Kontrolle und einfache Bedienung. Dieser vielseitige [&#8230;]\n","protected":false},"featured_media":245709,"comment_status":"open","ping_status":"closed","template":"","meta":[],"product_brand":[],"product_cat":[1400],"product_tag":[],"class_list":{"0":"post-281688","1":"product","2":"type-product","3":"status-publish","4":"has-post-thumbnail","6":"product_cat-entenlocker","8":"first","9":"instock","10":"taxable","11":"shipping-taxable","12":"purchasable","13":"product-type-simple"},"composite_virtual":false,"composite_layout":"","composite_add_to_cart_form_location":"","composite_editable_in_cart":false,"composite_sold_individually_context":"","composite_shop_price_calc":"","composite_components":[],"composite_scenarios":[],"group_of_quantity":0,"min_quantity":0,"max_quantity":"","exclude_order_quantity_value_rules":"no","exclude_category_quantity_rules":"no","combine_variations":"no","exclude_global_add_ons":[],"addons":[],"_links":{"self":[{"href":"https:\/\/www.huntersfriend.eu\/de\/wp-json\/wp\/v2\/product\/281688","targetHints":{"allow":["GET"]}}],"collection":[{"href":"https:\/\/www.huntersfriend.eu\/de\/wp-json\/wp\/v2\/product"}],"about":[{"href":"https:\/\/www.huntersfriend.eu\/de\/wp-json\/wp\/v2\/types\/product"}],"replies":[{"embeddable":true,"href":"https:\/\/www.huntersfriend.eu\/de\/wp-json\/wp\/v2\/comments?post=281688"}],"wp:featuredmedia":[{"embeddable":true,"href":"https:\/\/www.huntersfriend.eu\/de\/wp-json\/wp\/v2\/media\/245709"}],"wp:attachment":[{"href":"https:\/\/www.huntersfriend.eu\/de\/wp-json\/wp\/v2\/media?parent=281688"}],"wp:term":[{"taxonomy":"product_brand","embeddable":true,"href":"https:\/\/www.huntersfriend.eu\/de\/wp-json\/wp\/v2\/product_brand?post=281688"},{"taxonomy":"product_cat","embeddable":true,"href":"https:\/\/www.huntersfriend.eu\/de\/wp-json\/wp\/v2\/product_cat?post=281688"},{"taxonomy":"product_tag","embeddable":true,"href":"https:\/\/www.huntersfriend.eu\/de\/wp-json\/wp\/v2\/product_tag?post=281688"}],"curies":[{"name":"wp","href":"https:\/\/api.w.org\/{rel}","templated":true}]}}