{"id":281687,"date":"2023-03-16T13:16:44","date_gmt":"2023-03-16T11:16:44","guid":{"rendered":"https:\/\/www.huntersfriend.eu\/product\/buck-gardner-double-nasty-4\/"},"modified":"2025-09-17T13:10:40","modified_gmt":"2025-09-17T11:10:40","slug":"buck-gardner-double-nasty-4","status":"publish","type":"product","link":"https:\/\/www.huntersfriend.eu\/de\/produkt\/buck-gardner-double-nasty-4\/","title":{"rendered":"Buck Gardner Double Nasty"},"content":{"rendered":"<p>Der Double Nasty Doppelrohrblatt ist ein Eckpfeiler der Entenlockpfeifenlinie von Buck Gardner und einer der meistverkauften Lockpfeifen aller Zeiten. Er ist laut, besonders heiser und dank des Spit-Tech\u2122-Tonbrettdesigns garantiert nicht verklebend. Die Spit-Tech\u2122-Technologie erm\u00f6glicht es der Lockpfeife, bei N\u00e4sse durch Speichel, Kondenswasser und sogar bei versehentlichem Eintauchen ins Wasser zu funktionieren. Mit seiner patentierten Short Barrel Technology ist der Double Nasty au\u00dferordentlich leicht zu blasen, was ihn zur perfekten Wahl sowohl f\u00fcr Anf\u00e4nger als auch f\u00fcr erfahrene J\u00e4ger macht.   <\/p>\n<p>Der Double Nasty verf\u00fcgt \u00fcber ein einzigartiges Doppelrohrblatt-Design, das m\u00fchelos eine breite Palette realistischer Entenger\u00e4usche erzeugt. Sein vielseitiges Design erm\u00f6glicht es J\u00e4gern, alles von sanften, subtilen Quaklauten bis hin zu lauten, heiseren Lockrufen mit Pr\u00e4zision und Kontrolle zu produzieren. <\/p>\n<p>Hergestellt aus robustem, spritzgegossenem Polycarbonat, ist diese Lockpfeife so konzipiert, dass sie den Strapazen harter Jagdbedingungen standh\u00e4lt. Das glatte, komfortable Design der Lockpfeife gew\u00e4hrleistet zudem eine einfache Handhabung, selbst mit Handschuhen. <\/p>\n<p>Ob Sie ein erfahrener Entenj\u00e4ger sind oder gerade erst anfangen, der Buck Gardner Double Nasty ist das perfekte Instrument, um Enten anzulocken und sie f\u00fcr eine erfolgreiche Jagd in die N\u00e4he zu bringen. Mit seiner hochwertigen Konstruktion und au\u00dfergew\u00f6hnlichen Klangqualit\u00e4t wird diese Lockpfeife sicherlich zu einem unverzichtbaren Bestandteil Ihrer Jagdausr\u00fcstung f\u00fcr die kommenden Jahre werden. <\/p>\n<p>Diese Tarnvariante des Double Nasty ist in Mossy Oak\u00ae Original Bottomland\u00ae erh\u00e4ltlich. Wir haben uns mit einem der besten hydrographischen Dekorateure in den USA zusammengetan, um diesen Lockpfeifen eine hochwertige, dauerhafte Tarnoberfl\u00e4che zu verleihen. <\/p>\n","protected":false},"excerpt":{"rendered":"<p>Mossy Oak\u00ae Original Bottomland\u00ae<\/p>\n","protected":false},"featured_media":245630,"comment_status":"open","ping_status":"closed","template":"","meta":[],"product_brand":[],"product_cat":[1400],"product_tag":[],"class_list":{"0":"post-281687","1":"product","2":"type-product","3":"status-publish","4":"has-post-thumbnail","6":"product_cat-entenlocker","8":"first","9":"instock","10":"taxable","11":"shipping-taxable","12":"purchasable","13":"product-type-simple"},"composite_virtual":false,"composite_layout":"","composite_add_to_cart_form_location":"","composite_editable_in_cart":false,"composite_sold_individually_context":"","composite_shop_price_calc":"","composite_components":[],"composite_scenarios":[],"group_of_quantity":0,"min_quantity":0,"max_quantity":"","exclude_order_quantity_value_rules":"no","exclude_category_quantity_rules":"no","combine_variations":"no","exclude_global_add_ons":[],"addons":[],"_links":{"self":[{"href":"https:\/\/www.huntersfriend.eu\/de\/wp-json\/wp\/v2\/product\/281687","targetHints":{"allow":["GET"]}}],"collection":[{"href":"https:\/\/www.huntersfriend.eu\/de\/wp-json\/wp\/v2\/product"}],"about":[{"href":"https:\/\/www.huntersfriend.eu\/de\/wp-json\/wp\/v2\/types\/product"}],"replies":[{"embeddable":true,"href":"https:\/\/www.huntersfriend.eu\/de\/wp-json\/wp\/v2\/comments?post=281687"}],"wp:featuredmedia":[{"embeddable":true,"href":"https:\/\/www.huntersfriend.eu\/de\/wp-json\/wp\/v2\/media\/245630"}],"wp:attachment":[{"href":"https:\/\/www.huntersfriend.eu\/de\/wp-json\/wp\/v2\/media?parent=281687"}],"wp:term":[{"taxonomy":"product_brand","embeddable":true,"href":"https:\/\/www.huntersfriend.eu\/de\/wp-json\/wp\/v2\/product_brand?post=281687"},{"taxonomy":"product_cat","embeddable":true,"href":"https:\/\/www.huntersfriend.eu\/de\/wp-json\/wp\/v2\/product_cat?post=281687"},{"taxonomy":"product_tag","embeddable":true,"href":"https:\/\/www.huntersfriend.eu\/de\/wp-json\/wp\/v2\/product_tag?post=281687"}],"curies":[{"name":"wp","href":"https:\/\/api.w.org\/{rel}","templated":true}]}}