{"id":281686,"date":"2023-03-16T13:15:45","date_gmt":"2023-03-16T11:15:45","guid":{"rendered":"https:\/\/www.huntersfriend.eu\/product\/buck-gardner-grey-ghost-diamondholz-kanadagans-lockinstrument\/"},"modified":"2025-06-23T12:23:29","modified_gmt":"2025-06-23T10:23:29","slug":"buck-gardner-grey-ghost-diamondholz-kanadagans-lockinstrument","status":"publish","type":"product","link":"https:\/\/www.huntersfriend.eu\/de\/produkt\/buck-gardner-grey-ghost-diamondholz-kanadagans-lockinstrument\/","title":{"rendered":"Buck Gardner Grey Ghost Diamondholz Kanadagans-Lockinstrument"},"content":{"rendered":"<p>Dieses Lockinstrument vereint das klassische Erscheinungsbild und Gef\u00fchl eines Holzlockinstruments mit unserem leistungsstarken Grey Ghost Kanadagans-Lockinstrument-Design. Unser Diamondholz-Lauf erzeugt einen weicheren Klang als die Acrylversion des Grey Ghost. Das Edelstahlband ist an vier Stellen fixiert, um sicherzustellen, dass es an Ort und Stelle bleibt, selbst bei den nat\u00fcrlichen Variationen, die Holz erfahren kann, wenn es den Elementen ausgesetzt ist. Der Grey Ghost verf\u00fcgt \u00fcber einen kurzen 2,75-Zoll-Lauf, der eine etwas h\u00f6here Tonlage und blitzschnelle Reaktion f\u00fcr erfahrene Anwender erzeugt.   <\/p>\n<p>Der \u00e4u\u00dferst robuste Polycarbonat-Einsatz ist mit unserem Quick Tune-Innenleben handabgestimmt. Das Quick Tune-Innenleben-System erm\u00f6glicht eine einfache Demontage, Reinigung und Wiedermontage des Lockinstruments, selbst wenn eine Wartung im Feld erforderlich ist. <\/p>\n<p>Dieses Lockinstrument ist in <em>Highland Blue Diamondwood<\/em> mit einem <em>Clear<\/em> Einsatz erh\u00e4ltlich.<\/p>\n","protected":false},"excerpt":{"rendered":"<p>Highland Blue Diamondholz\/Transparent<\/p>\n","protected":false},"featured_media":250683,"comment_status":"open","ping_status":"closed","template":"","meta":[],"product_brand":[],"product_cat":[1402],"product_tag":[],"class_list":{"0":"post-281686","1":"product","2":"type-product","3":"status-publish","4":"has-post-thumbnail","6":"product_cat-ganselocker","8":"first","9":"outofstock","10":"taxable","11":"shipping-taxable","12":"purchasable","13":"product-type-simple"},"composite_virtual":false,"composite_layout":"","composite_add_to_cart_form_location":"","composite_editable_in_cart":false,"composite_sold_individually_context":"","composite_shop_price_calc":"","composite_components":[],"composite_scenarios":[],"group_of_quantity":0,"min_quantity":0,"max_quantity":"","exclude_order_quantity_value_rules":"no","exclude_category_quantity_rules":"no","combine_variations":"no","exclude_global_add_ons":[],"addons":[],"_links":{"self":[{"href":"https:\/\/www.huntersfriend.eu\/de\/wp-json\/wp\/v2\/product\/281686","targetHints":{"allow":["GET"]}}],"collection":[{"href":"https:\/\/www.huntersfriend.eu\/de\/wp-json\/wp\/v2\/product"}],"about":[{"href":"https:\/\/www.huntersfriend.eu\/de\/wp-json\/wp\/v2\/types\/product"}],"replies":[{"embeddable":true,"href":"https:\/\/www.huntersfriend.eu\/de\/wp-json\/wp\/v2\/comments?post=281686"}],"wp:featuredmedia":[{"embeddable":true,"href":"https:\/\/www.huntersfriend.eu\/de\/wp-json\/wp\/v2\/media\/250683"}],"wp:attachment":[{"href":"https:\/\/www.huntersfriend.eu\/de\/wp-json\/wp\/v2\/media?parent=281686"}],"wp:term":[{"taxonomy":"product_brand","embeddable":true,"href":"https:\/\/www.huntersfriend.eu\/de\/wp-json\/wp\/v2\/product_brand?post=281686"},{"taxonomy":"product_cat","embeddable":true,"href":"https:\/\/www.huntersfriend.eu\/de\/wp-json\/wp\/v2\/product_cat?post=281686"},{"taxonomy":"product_tag","embeddable":true,"href":"https:\/\/www.huntersfriend.eu\/de\/wp-json\/wp\/v2\/product_tag?post=281686"}],"curies":[{"name":"wp","href":"https:\/\/api.w.org\/{rel}","templated":true}]}}