{"id":281685,"date":"2023-03-16T13:15:41","date_gmt":"2025-06-23T10:23:29","guid":{"rendered":"https:\/\/www.huntersfriend.eu\/product\/buck-gardner-speck-ghost\/"},"modified":"2025-08-27T06:21:13","modified_gmt":"2025-08-27T04:21:13","slug":"buck-gardner-speck-ghost","status":"publish","type":"product","link":"https:\/\/www.huntersfriend.eu\/de\/produkt\/buck-gardner-speck-ghost\/","title":{"rendered":"Buck Gardner Speck Ghost"},"content":{"rendered":"<p>Speckelb\u00e4uchige Gans-Lockinstrument<\/p>\n<p>Polycarbonat-Version des Acrylic Giggle Chicken. Mit der geringen H\u00f6he dieses Lockinstruments ist es bei doppelten und dreifachen Jodlern so schnell wie kein anderes, und die handgestimmten Innereien gew\u00e4hrleisten, dass dieses Instrument auf demselben Niveau wie sein Acryl-Pendant funktioniert! Dieses Lockinstrument hat durchaus Biss!  <\/p>\n<p>BG Calls arbeitet seit 1996 kontinuierlich daran, die kosteng\u00fcnstigsten und qualitativ hochwertigsten Jagdrufe f\u00fcr jeden J\u00e4ger zu produzieren. Damit einher geht unsere lebenslange Garantie gegen Herstellungsfehler sowie kostenlose Nachstimmservices f\u00fcr die gesamte Lebensdauer des Rufs! <\/p>\n<ul>\n<li>Nahezu unzerst\u00f6rbares Polycarbonat<\/li>\n<li>Kurzlauf-Design<\/li>\n<li>Lebenslange Garantie<\/li>\n<li>Bew\u00e4hrt und erprobt<\/li>\n<\/ul>\n","protected":false},"excerpt":{"rendered":"<p>L\u00f6schen<\/p>\n","protected":false},"featured_media":250687,"comment_status":"open","ping_status":"closed","template":"","meta":[],"product_brand":[],"product_cat":[1402],"product_tag":[],"class_list":{"0":"post-281685","1":"product","2":"type-product","3":"status-publish","4":"has-post-thumbnail","6":"product_cat-ganselocker","8":"first","9":"outofstock","10":"taxable","11":"shipping-taxable","12":"purchasable","13":"product-type-simple"},"composite_virtual":false,"composite_layout":"","composite_add_to_cart_form_location":"","composite_editable_in_cart":false,"composite_sold_individually_context":"","composite_shop_price_calc":"","composite_components":[],"composite_scenarios":[],"group_of_quantity":0,"min_quantity":0,"max_quantity":"","exclude_order_quantity_value_rules":"no","exclude_category_quantity_rules":"no","combine_variations":"no","exclude_global_add_ons":[],"addons":[],"_links":{"self":[{"href":"https:\/\/www.huntersfriend.eu\/de\/wp-json\/wp\/v2\/product\/281685","targetHints":{"allow":["GET"]}}],"collection":[{"href":"https:\/\/www.huntersfriend.eu\/de\/wp-json\/wp\/v2\/product"}],"about":[{"href":"https:\/\/www.huntersfriend.eu\/de\/wp-json\/wp\/v2\/types\/product"}],"replies":[{"embeddable":true,"href":"https:\/\/www.huntersfriend.eu\/de\/wp-json\/wp\/v2\/comments?post=281685"}],"wp:featuredmedia":[{"embeddable":true,"href":"https:\/\/www.huntersfriend.eu\/de\/wp-json\/wp\/v2\/media\/250687"}],"wp:attachment":[{"href":"https:\/\/www.huntersfriend.eu\/de\/wp-json\/wp\/v2\/media?parent=281685"}],"wp:term":[{"taxonomy":"product_brand","embeddable":true,"href":"https:\/\/www.huntersfriend.eu\/de\/wp-json\/wp\/v2\/product_brand?post=281685"},{"taxonomy":"product_cat","embeddable":true,"href":"https:\/\/www.huntersfriend.eu\/de\/wp-json\/wp\/v2\/product_cat?post=281685"},{"taxonomy":"product_tag","embeddable":true,"href":"https:\/\/www.huntersfriend.eu\/de\/wp-json\/wp\/v2\/product_tag?post=281685"}],"curies":[{"name":"wp","href":"https:\/\/api.w.org\/{rel}","templated":true}]}}