{"id":281684,"date":"2023-03-16T13:15:44","date_gmt":"2025-06-23T10:23:28","guid":{"rendered":"https:\/\/www.huntersfriend.eu\/product\/buck-gardner-c3\/"},"modified":"2025-06-23T12:23:28","modified_gmt":"2025-06-23T10:23:28","slug":"buck-gardner-c3","status":"publish","type":"product","link":"https:\/\/www.huntersfriend.eu\/de\/produkt\/buck-gardner-c3\/","title":{"rendered":"Buck Gardner C3"},"content":{"rendered":"<p>C3 DIAMONDWOOD\/POLY ENTENLOCKER<\/p>\n<p>Der C3 ist ein Allzwecklocker mit mittlerem Lautst\u00e4rkebereich und Tonlage, dem ein leichtes Rasseln innewohnt. Dieser Locker basiert auf einem von Bucks urspr\u00fcnglichen Tonbrettern. Dieser Doppelzungenlocker verf\u00fcgt \u00fcber ein betr\u00e4chtliches Ma\u00df an Rauheit mit ausreichender Lautst\u00e4rke im oberen Bereich und einfacher Luftkontrolle im unteren Bereich, was es Ihnen erm\u00f6glicht, sowohl hochfliegende V\u00f6gel anzulocken als auch vorsichtige Enten mit Finesse mit demselben Locker zu k\u00f6dern. Der J-Rahmen-Doppelzungeneinsatz und das Spit-Tech\u2122-Tonbrett bleiben auch bei N\u00e4sse nicht stecken. Der Buck Gardner Diamondwood\/Poly C3 Entenlocker ist mit einem Diamondwood-Lauf und einem verstifteten Aluminiumband versehen.    <\/p>\n<ul>\n<li>J-Rahmen-Doppelzungeneinsatz erzeugt einen rauen Klang<\/li>\n<li>Enorme Lautst\u00e4rke im oberen Bereich<\/li>\n<li>Einfache Luftkontrolle im unteren Bereich<\/li>\n<li>Spit-Tech-Tonbrett bleibt bei N\u00e4sse nicht stecken<\/li>\n<li>Ansehnlicher Diamondwood-Lauf und verstiftetes Aluminiumband<\/li>\n<\/ul>\n","protected":false},"excerpt":{"rendered":"<p>C3 DIAMONDWOOD\/POLY ENTENLOCKER Der C3 ist ein Allzwecklocker mit mittlerem Lautst\u00e4rkebereich und Tonlage, dem ein leichtes Rasseln innewohnt. Dieser Locker basiert auf einem von Bucks urspr\u00fcnglichen Tonbrettern. Dieser Doppelzungenlocker verf\u00fcgt \u00fcber ein betr\u00e4chtliches Ma\u00df an Rauheit mit ausreichender Lautst\u00e4rke im oberen Bereich und einfacher Luftkontrolle im unteren Bereich, was es Ihnen erm\u00f6glicht, sowohl hochfliegende V\u00f6gel [&#8230;]\n","protected":false},"featured_media":272820,"comment_status":"open","ping_status":"closed","template":"","meta":[],"product_brand":[],"product_cat":[1400],"product_tag":[],"class_list":{"0":"post-281684","1":"product","2":"type-product","3":"status-publish","4":"has-post-thumbnail","6":"product_cat-entenlocker","8":"first","9":"outofstock","10":"taxable","11":"shipping-taxable","12":"purchasable","13":"product-type-simple"},"composite_virtual":false,"composite_layout":"","composite_add_to_cart_form_location":"","composite_editable_in_cart":false,"composite_sold_individually_context":"","composite_shop_price_calc":"","composite_components":[],"composite_scenarios":[],"group_of_quantity":0,"min_quantity":0,"max_quantity":"","exclude_order_quantity_value_rules":"no","exclude_category_quantity_rules":"no","combine_variations":"no","exclude_global_add_ons":[],"addons":[],"_links":{"self":[{"href":"https:\/\/www.huntersfriend.eu\/de\/wp-json\/wp\/v2\/product\/281684","targetHints":{"allow":["GET"]}}],"collection":[{"href":"https:\/\/www.huntersfriend.eu\/de\/wp-json\/wp\/v2\/product"}],"about":[{"href":"https:\/\/www.huntersfriend.eu\/de\/wp-json\/wp\/v2\/types\/product"}],"replies":[{"embeddable":true,"href":"https:\/\/www.huntersfriend.eu\/de\/wp-json\/wp\/v2\/comments?post=281684"}],"wp:featuredmedia":[{"embeddable":true,"href":"https:\/\/www.huntersfriend.eu\/de\/wp-json\/wp\/v2\/media\/272820"}],"wp:attachment":[{"href":"https:\/\/www.huntersfriend.eu\/de\/wp-json\/wp\/v2\/media?parent=281684"}],"wp:term":[{"taxonomy":"product_brand","embeddable":true,"href":"https:\/\/www.huntersfriend.eu\/de\/wp-json\/wp\/v2\/product_brand?post=281684"},{"taxonomy":"product_cat","embeddable":true,"href":"https:\/\/www.huntersfriend.eu\/de\/wp-json\/wp\/v2\/product_cat?post=281684"},{"taxonomy":"product_tag","embeddable":true,"href":"https:\/\/www.huntersfriend.eu\/de\/wp-json\/wp\/v2\/product_tag?post=281684"}],"curies":[{"name":"wp","href":"https:\/\/api.w.org\/{rel}","templated":true}]}}