{"id":281683,"date":"2023-03-16T13:15:40","date_gmt":"2025-06-23T10:23:28","guid":{"rendered":"https:\/\/www.huntersfriend.eu\/product\/alps-outdoorz-baja-40l-rucksack\/"},"modified":"2026-02-25T10:36:32","modified_gmt":"2026-02-25T08:36:32","slug":"alps-outdoorz-baja-40l-rucksack","status":"publish","type":"product","link":"https:\/\/www.huntersfriend.eu\/de\/produkt\/alps-outdoorz-baja-40l-rucksack\/","title":{"rendered":"Alps outdoorz Baja 40L Rucksack"},"content":{"rendered":"<p>Farbe &#8211; Lehm<\/p>\n<p>Suchen Sie nach einem Rucksack, der sich m\u00fchelos \u00fcber den Wanderweg oder durch den Universit\u00e4tscampus tragen l\u00e4sst? Vielleicht ben\u00f6tigen Sie beides! Die vielseitige Produktlinie der Tagesrucks\u00e4cke von ALPS Mountaineering bietet mit Sicherheit einen Rucksack, der Ihren spezifischen Anforderungen entspricht. Der Baja 40 zeichnet sich durch ein schlankes, kompaktes Design aus, das sich problemlos zwischen einer Tasche f\u00fcr das Fitnessstudio oder die Arbeit und einem Wander- oder Trekkingrucksack verwandeln l\u00e4sst. Ein aufgeh\u00e4ngtes Netzr\u00fcckenteil in Kombination mit 3D-Netzstoff schafft ein komfortables und atmungsaktives Tragesystem. Das Hauptstaufach ist durch einen einzigartigen asymmetrischen Rei\u00dfverschluss mit vollem Zugang erreichbar. Das gro\u00dfe Hauptfach, die H\u00fcftgurttaschen und eine Deckeltasche mit Rei\u00dfverschluss verleihen dem Baja 40 ein Gesamtvolumen von 2.440 Kubikzoll. Dehnbare Seitentaschen, Trekkingstockschlaufen und eine markante vordere Kompressionsplatte mit Daisy Chain bieten zus\u00e4tzlichen Stauraum und Befestigungspunkte f\u00fcr Ausr\u00fcstung. Ein Hydrationssystem-Ausgang mit Fach und eine integrierte Regenh\u00fclle sind ebenfalls enthalten, was den Baja 40 zu einem wahrhaft vielseitigen Rucksack macht, der unter verschiedensten Bedingungen und in diversen Situationen eingesetzt werden kann.        <\/p>\n<p>\u2022 Leichtes 200D Nylon-Doppelripstop-Gewebe<\/p>\n<p>\u2022 Aufgeh\u00e4ngtes Netzr\u00fcckenteil kombiniert mit 3D-Netzstoff<\/p>\n<p>\u2022 Einzigartiger asymmetrischer Rei\u00dfverschluss mit vollem Zugang<\/p>\n<p>\u2022 Markante vordere Kompressionsplatte mit Daisy Chain<\/p>\n<p>\u2022 Abnehmbarer Brustgurt<\/p>\n<p>\u2022 Dehnbare Seitentaschen<\/p>\n<p>\u2022 Deckeltasche mit Rei\u00dfverschluss<\/p>\n<p>\u2022 H\u00fcftgurttaschen<\/p>\n<p>\u2022 Integrierte Trekkingstockschlaufen<\/p>\n<p>\u2022 Hydrationssystem-kompatibel<\/p>\n<p>\u2022 Nach vorne ziehbarer H\u00fcftgurt<\/p>\n<p>\u2022 Inklusive Regenh\u00fclle<\/p>\n<table border=\"3\">\n<tbody>\n<tr align=\"CENTER\">\n<td><b>Fassungsverm\u00f6gen<\/b><\/td>\n<td>2440 in\u00b3 \/ 40 L<\/td>\n<\/tr>\n<tr align=\"CENTER\">\n<td><b>Gewicht<\/b><\/td>\n<td>1,1 kg <\/td>\n<\/tr>\n<\/tbody>\n<\/table>\n","protected":false},"excerpt":{"rendered":"<p>Farbe &#8211; Lehm Suchen Sie nach einem Rucksack, der sich m\u00fchelos \u00fcber den Wanderweg oder durch den Universit\u00e4tscampus tragen l\u00e4sst? Vielleicht ben\u00f6tigen Sie beides! Die vielseitige Produktlinie der Tagesrucks\u00e4cke von ALPS Mountaineering bietet mit Sicherheit einen Rucksack, der Ihren spezifischen Anforderungen entspricht. Der Baja 40 zeichnet sich durch ein schlankes, kompaktes Design aus, das sich [&#8230;]\n","protected":false},"featured_media":245323,"comment_status":"open","ping_status":"closed","template":"","meta":[],"product_brand":[],"product_cat":[2523],"product_tag":[],"class_list":{"0":"post-281683","1":"product","2":"type-product","3":"status-publish","4":"has-post-thumbnail","6":"product_cat-ryggsackar","7":"product_shipping_class-big-de","9":"first","10":"instock","11":"taxable","12":"shipping-taxable","13":"purchasable","14":"product-type-simple"},"composite_virtual":false,"composite_layout":"","composite_add_to_cart_form_location":"","composite_editable_in_cart":false,"composite_sold_individually_context":"","composite_shop_price_calc":"","composite_components":[],"composite_scenarios":[],"group_of_quantity":0,"min_quantity":0,"max_quantity":"","exclude_order_quantity_value_rules":"no","exclude_category_quantity_rules":"no","combine_variations":"no","exclude_global_add_ons":[],"addons":[],"_links":{"self":[{"href":"https:\/\/www.huntersfriend.eu\/de\/wp-json\/wp\/v2\/product\/281683","targetHints":{"allow":["GET"]}}],"collection":[{"href":"https:\/\/www.huntersfriend.eu\/de\/wp-json\/wp\/v2\/product"}],"about":[{"href":"https:\/\/www.huntersfriend.eu\/de\/wp-json\/wp\/v2\/types\/product"}],"replies":[{"embeddable":true,"href":"https:\/\/www.huntersfriend.eu\/de\/wp-json\/wp\/v2\/comments?post=281683"}],"wp:featuredmedia":[{"embeddable":true,"href":"https:\/\/www.huntersfriend.eu\/de\/wp-json\/wp\/v2\/media\/245323"}],"wp:attachment":[{"href":"https:\/\/www.huntersfriend.eu\/de\/wp-json\/wp\/v2\/media?parent=281683"}],"wp:term":[{"taxonomy":"product_brand","embeddable":true,"href":"https:\/\/www.huntersfriend.eu\/de\/wp-json\/wp\/v2\/product_brand?post=281683"},{"taxonomy":"product_cat","embeddable":true,"href":"https:\/\/www.huntersfriend.eu\/de\/wp-json\/wp\/v2\/product_cat?post=281683"},{"taxonomy":"product_tag","embeddable":true,"href":"https:\/\/www.huntersfriend.eu\/de\/wp-json\/wp\/v2\/product_tag?post=281683"}],"curies":[{"name":"wp","href":"https:\/\/api.w.org\/{rel}","templated":true}]}}