{"id":281682,"date":"2023-03-16T13:15:44","date_gmt":"2025-06-23T10:23:27","guid":{"rendered":"https:\/\/www.huntersfriend.eu\/product\/buck-gardner-double-cross-diamantholz-entenlocker\/"},"modified":"2026-02-07T14:12:56","modified_gmt":"2026-02-07T12:12:56","slug":"buck-gardner-double-cross-diamantholz-entenlocker","status":"publish","type":"product","link":"https:\/\/www.huntersfriend.eu\/de\/produkt\/buck-gardner-double-cross-diamantholz-entenlocker\/","title":{"rendered":"Buck Gardner Double Cross Diamantholz-Entenlocker"},"content":{"rendered":"<p>Diese Diamantholz-\/Polycarbonat-Version unseres Double Cross Short Barrel ist ein Arbeitstier im Feld und einer der meistverkauften Entenlocker in unserem Sortiment. Die Spit-Tech\u2122-Tonbrett-Technologie verhindert das Festkleben der Zungen, selbst wenn sie durch Speichel, Kondenswasser oder ein versehentliches Eintauchen ins Wasser nass werden. Der Double Cross verf\u00fcgt \u00fcber einen kurzen Lauf f\u00fcr verbesserte Kontrolle und einfache Bedienung. Dieser Allzweck-Doppelzungenlocker kann wahrlich alles. Er zeichnet sich durch das klassische Aussehen eines Holzlaufs in Kombination mit unserem fortschrittlichen Polycarbonat-Spit-Tech-Einsatz aus.    <\/p>\n","protected":false},"excerpt":{"rendered":"<p>Schwarz&amp;Silber\/Schwarz<\/p>\n","protected":false},"featured_media":250690,"comment_status":"open","ping_status":"closed","template":"","meta":[],"product_brand":[],"product_cat":[1400],"product_tag":[],"class_list":{"0":"post-281682","1":"product","2":"type-product","3":"status-publish","4":"has-post-thumbnail","6":"product_cat-entenlocker","8":"first","9":"instock","10":"taxable","11":"shipping-taxable","12":"purchasable","13":"product-type-simple"},"composite_virtual":false,"composite_layout":"","composite_add_to_cart_form_location":"","composite_editable_in_cart":false,"composite_sold_individually_context":"","composite_shop_price_calc":"","composite_components":[],"composite_scenarios":[],"group_of_quantity":0,"min_quantity":0,"max_quantity":"","exclude_order_quantity_value_rules":"no","exclude_category_quantity_rules":"no","combine_variations":"no","exclude_global_add_ons":[],"addons":[],"_links":{"self":[{"href":"https:\/\/www.huntersfriend.eu\/de\/wp-json\/wp\/v2\/product\/281682","targetHints":{"allow":["GET"]}}],"collection":[{"href":"https:\/\/www.huntersfriend.eu\/de\/wp-json\/wp\/v2\/product"}],"about":[{"href":"https:\/\/www.huntersfriend.eu\/de\/wp-json\/wp\/v2\/types\/product"}],"replies":[{"embeddable":true,"href":"https:\/\/www.huntersfriend.eu\/de\/wp-json\/wp\/v2\/comments?post=281682"}],"wp:featuredmedia":[{"embeddable":true,"href":"https:\/\/www.huntersfriend.eu\/de\/wp-json\/wp\/v2\/media\/250690"}],"wp:attachment":[{"href":"https:\/\/www.huntersfriend.eu\/de\/wp-json\/wp\/v2\/media?parent=281682"}],"wp:term":[{"taxonomy":"product_brand","embeddable":true,"href":"https:\/\/www.huntersfriend.eu\/de\/wp-json\/wp\/v2\/product_brand?post=281682"},{"taxonomy":"product_cat","embeddable":true,"href":"https:\/\/www.huntersfriend.eu\/de\/wp-json\/wp\/v2\/product_cat?post=281682"},{"taxonomy":"product_tag","embeddable":true,"href":"https:\/\/www.huntersfriend.eu\/de\/wp-json\/wp\/v2\/product_tag?post=281682"}],"curies":[{"name":"wp","href":"https:\/\/api.w.org\/{rel}","templated":true}]}}