{"id":281676,"date":"2023-03-16T13:15:30","date_gmt":"2025-06-23T10:23:23","guid":{"rendered":"https:\/\/www.huntersfriend.eu\/product\/alps-outdoorz-lynx-1-einpersonenzelt\/"},"modified":"2025-07-11T05:58:20","modified_gmt":"2025-07-11T03:58:20","slug":"alps-outdoorz-lynx-1-einpersonenzelt","status":"publish","type":"product","link":"https:\/\/www.huntersfriend.eu\/de\/produkt\/alps-outdoorz-lynx-1-einpersonenzelt\/","title":{"rendered":"Alps outdoorz Lynx 1 Einpersonenzelt"},"content":{"rendered":"<p>Farbe &#8211; Grau\/Marineblau<\/p>\n<p>&nbsp;<\/p>\n<p>Das Lynx 1 ist mit zahlreichen Funktionen ausgestattet und eignet sich hervorragend f\u00fcr Ihren Soloaufenthalt in der Natur. Mit dem freistehenden Design und Stangenclips, die sich schnell an den Aluminiumstangen befestigen lassen, ist es einfach aufzubauen. Die T\u00fcr und der Vorbau sind mit Rei\u00dfverschl\u00fcssen der Gr\u00f6\u00dfe #8 ausgestattet. Besonders vorteilhaft am Lynx ist, dass die W\u00e4nde gr\u00f6\u00dftenteils aus Netzstoff bestehen, was die Bel\u00fcftung erheblich verbessert. Um sicherzustellen, dass keine Kompromisse eingegangen werden, l\u00e4sst ALPS die N\u00e4hte des Au\u00dfenzelts und des Bodens werksseitig versiegeln und beschichtet den Boden mit 2000mm Wassers\u00e4ule, um Sie bei einem eventuellen Regenschauer trocken zu halten. Vergessen Sie nicht, einen Footprint hinzuzuf\u00fcgen, um Ihren Zeltboden zu sch\u00fctzen.     <\/p>\n<p>\u2022 Freistehendes Zwei-Stangen-Design mit Aluminiumstangen der Serie 7000<\/p>\n<p>\u2022 Einfache Montage mit Stangenclips, die sich schnell \u00fcber die Zeltstangen schnappen lassen<\/p>\n<p>\u2022 75D 185T Polyester-Au\u00dfenzelt mit 1500 mm Beschichtung widersteht UV-Sch\u00e4den und bleibt straff<\/p>\n<p>\u2022 Wetterfeste Au\u00dfenzeltschnallen f\u00fcr maximale Anpassungsf\u00e4higkeit und Schutz<\/p>\n<p>\u2022 75D 185T Poly-Taffeta-Boden mit 2000 mm Beschichtung<\/p>\n<p>\u2022 Werksseitig versiegelte Au\u00dfenzelt- und Bodenn\u00e4hte bieten bestm\u00f6glichen Wetterschutz<\/p>\n<p>\u2022 Halb-Netzw\u00e4nde sorgen f\u00fcr hervorragende Bel\u00fcftung<\/p>\n<p>\u2022 Vorbau f\u00fcr Ausr\u00fcstungsaufbewahrung und zus\u00e4tzlichen Wetterschutz<\/p>\n<p>\u2022 #8 Rei\u00dfverschl\u00fcsse<\/p>\n<p>\u2022 Netz-Aufbewahrungstaschen, Gear Loft, 7075 Aluminiumheringe und Abspannleinen inklusive<\/p>\n<table border=\"3\">\n<tbody>\n<tr align=\"CENTER\">\n<th colspan=\"2\">Lynx 1 Zelt<\/th>\n<\/tr>\n<tr align=\"CENTER\">\n<td><b>Grundfl\u00e4che<\/b><\/td>\n<td>2,29 m \u201eL x 0,81 m\u201c B<\/td>\n<\/tr>\n<tr align=\"CENTER\">\n<td><b>Firsth\u00f6he<\/b><\/td>\n<td>0,91 m<\/td>\n<\/tr>\n<tr align=\"CENTER\">\n<td><b>Vorbautiefe<\/b><\/td>\n<td>0,81 m<\/td>\n<\/tr>\n<tr align=\"CENTER\">\n<td><b>Zeltfl\u00e4che<\/b><\/td>\n<td>1,86 m\u00b2<\/td>\n<\/tr>\n<tr align=\"CENTER\">\n<td><b>Vorbaufl\u00e4che<\/b><\/td>\n<td>0,93 m\u00b2<\/td>\n<\/tr>\n<tr align=\"CENTER\">\n<td><b>Mindestgewicht<\/b><\/td>\n<td>1,5 kg <\/td>\n<\/tr>\n<tr align=\"CENTER\">\n<td><b>Gesamtgewicht<\/b><\/td>\n<td>1,85 kg <\/td>\n<\/tr>\n<tr align=\"CENTER\">\n<td><b>Packma\u00df<\/b><\/td>\n<td>0,43 m \u201eL x 0,13 m\u201c D<\/td>\n<\/tr>\n<tr align=\"CENTER\">\n<td><b>Stangendurchmesser<\/b><\/td>\n<td>8,5 mm AL<\/td>\n<\/tr>\n<\/tbody>\n<\/table>\n","protected":false},"excerpt":{"rendered":"<p>Farbe &#8211; Grau\/Marineblau &nbsp; Das Lynx 1 ist mit zahlreichen Funktionen ausgestattet und eignet sich hervorragend f\u00fcr Ihren Soloaufenthalt in der Natur. Mit dem freistehenden Design und Stangenclips, die sich schnell an den Aluminiumstangen befestigen lassen, ist es einfach aufzubauen. Die T\u00fcr und der Vorbau sind mit Rei\u00dfverschl\u00fcssen der Gr\u00f6\u00dfe #8 ausgestattet. Besonders vorteilhaft am [&#8230;]\n","protected":false},"featured_media":245889,"comment_status":"open","ping_status":"closed","template":"","meta":[],"product_brand":[],"product_cat":[2114],"product_tag":[],"class_list":{"0":"post-281676","1":"product","2":"type-product","3":"status-publish","4":"has-post-thumbnail","6":"product_cat-zelte","8":"first","9":"instock","10":"taxable","11":"shipping-taxable","12":"purchasable","13":"product-type-simple"},"composite_virtual":false,"composite_layout":"","composite_add_to_cart_form_location":"","composite_editable_in_cart":false,"composite_sold_individually_context":"","composite_shop_price_calc":"","composite_components":[],"composite_scenarios":[],"group_of_quantity":0,"min_quantity":0,"max_quantity":"","exclude_order_quantity_value_rules":"no","exclude_category_quantity_rules":"no","combine_variations":"no","exclude_global_add_ons":[],"addons":[],"_links":{"self":[{"href":"https:\/\/www.huntersfriend.eu\/de\/wp-json\/wp\/v2\/product\/281676","targetHints":{"allow":["GET"]}}],"collection":[{"href":"https:\/\/www.huntersfriend.eu\/de\/wp-json\/wp\/v2\/product"}],"about":[{"href":"https:\/\/www.huntersfriend.eu\/de\/wp-json\/wp\/v2\/types\/product"}],"replies":[{"embeddable":true,"href":"https:\/\/www.huntersfriend.eu\/de\/wp-json\/wp\/v2\/comments?post=281676"}],"wp:featuredmedia":[{"embeddable":true,"href":"https:\/\/www.huntersfriend.eu\/de\/wp-json\/wp\/v2\/media\/245889"}],"wp:attachment":[{"href":"https:\/\/www.huntersfriend.eu\/de\/wp-json\/wp\/v2\/media?parent=281676"}],"wp:term":[{"taxonomy":"product_brand","embeddable":true,"href":"https:\/\/www.huntersfriend.eu\/de\/wp-json\/wp\/v2\/product_brand?post=281676"},{"taxonomy":"product_cat","embeddable":true,"href":"https:\/\/www.huntersfriend.eu\/de\/wp-json\/wp\/v2\/product_cat?post=281676"},{"taxonomy":"product_tag","embeddable":true,"href":"https:\/\/www.huntersfriend.eu\/de\/wp-json\/wp\/v2\/product_tag?post=281676"}],"curies":[{"name":"wp","href":"https:\/\/api.w.org\/{rel}","templated":true}]}}