{"id":281675,"date":"2023-03-16T13:15:34","date_gmt":"2025-06-23T10:23:23","guid":{"rendered":"https:\/\/www.huntersfriend.eu\/product\/alps-outdoorz-torrent-20l-trockentasche\/"},"modified":"2025-07-09T04:10:19","modified_gmt":"2025-07-09T02:10:19","slug":"alps-outdoorz-torrent-20l-trockentasche","status":"publish","type":"product","link":"https:\/\/www.huntersfriend.eu\/de\/produkt\/alps-outdoorz-torrent-20l-trockentasche\/","title":{"rendered":"Alps outdoorz torrent 20L Trockentasche"},"content":{"rendered":"<p>Farbe &#8211; Chili<\/p>\n<p>Bezwingen Sie Ihr n\u00e4chstes robustes Outdoor-Abenteuer mit den Trockentaschen der Torrent-Serie. Gefertigt aus einem \u00e4u\u00dferst strapazierf\u00e4higen, wasserdichten, PVC-beschichteten 500D-Polyestermaterial bietet der Torrent \u00fcberlegenen Schutz unter allen Arten von Nassbedingungen. Ein sicherer Rollverschluss und starke, vollst\u00e4ndig verschwei\u00dfte N\u00e4hte gew\u00e4hrleisten, dass Ihre Ausr\u00fcstung vor Feuchtigkeit gesch\u00fctzt ist. Sie k\u00f6nnen sicher sein, dass Sie mit trockener Ausr\u00fcstung an Ihrem Ziel ankommen werden. Mehrere D-Ring-Befestigungspunkte bieten einfache Befestigungsm\u00f6glichkeiten f\u00fcr zus\u00e4tzliche Ausr\u00fcstung, erleichtern das Stapeln mehrerer Taschen oder bieten eine praktische Methode zur Befestigung an Ihrem Wasserfahrzeug. Die Torrent-Serie ist mit einem ovalen, flachen Boden konzipiert, der selbstst\u00e4ndig steht und leichten Zugang erm\u00f6glicht. Mit der Torrent-Serie, die Ihrer essentiellen Ausr\u00fcstungssammlung hinzugef\u00fcgt wird, erwartet Sie Ihre n\u00e4chste Herausforderung.      <\/p>\n<p>\u2022 \u00c4u\u00dferst strapazierf\u00e4higes, wasserdichtes 500D-Polyester-PVC-Material bietet Schutz in nassen Umgebungen<\/p>\n<p>\u2022 Oval geformter flacher Boden hilft dem Beutel, selbstst\u00e4ndig zu stehen; einfach zu bef\u00fcllen<\/p>\n<p>\u2022 Mehrere D-Ring-Befestigungspunkte<\/p>\n<p>\u2022 Sicherer Rollverschluss<\/p>\n<p>\u2022 Starke, vollst\u00e4ndig verschwei\u00dfte N\u00e4hte bieten eine zuverl\u00e4ssige Wasserbarriere<\/p>\n<table border=\"3\">\n<tbody>\n<tr>\n<th colspan=\"2\">20 L<\/th>\n<\/tr>\n<tr align=\"CENTER\">\n<td><b>Kapazit\u00e4t<\/b><\/td>\n<td>20 L \/ 1220 in\u00b3<\/td>\n<\/tr>\n<tr align=\"CENTER\">\n<td><b>L\u00e4nge<\/b><\/td>\n<td>11&#8243;<\/td>\n<\/tr>\n<tr align=\"CENTER\">\n<td><b>Durchmesser<\/b><\/td>\n<td>7&#8243;<\/td>\n<\/tr>\n<tr align=\"CENTER\">\n<td><b>H\u00f6he (nach 3 Rollungen)<\/b><\/td>\n<td>16&#8243;<\/td>\n<\/tr>\n<tr align=\"CENTER\">\n<td><b>Gewicht<\/b><\/td>\n<td>13 oz.<\/td>\n<\/tr>\n<\/tbody>\n<\/table>\n","protected":false},"excerpt":{"rendered":"<p>Farbe &#8211; Chili Bezwingen Sie Ihr n\u00e4chstes robustes Outdoor-Abenteuer mit den Trockentaschen der Torrent-Serie. Gefertigt aus einem \u00e4u\u00dferst strapazierf\u00e4higen, wasserdichten, PVC-beschichteten 500D-Polyestermaterial bietet der Torrent \u00fcberlegenen Schutz unter allen Arten von Nassbedingungen. Ein sicherer Rollverschluss und starke, vollst\u00e4ndig verschwei\u00dfte N\u00e4hte gew\u00e4hrleisten, dass Ihre Ausr\u00fcstung vor Feuchtigkeit gesch\u00fctzt ist. Sie k\u00f6nnen sicher sein, dass Sie mit [&#8230;]\n","protected":false},"featured_media":245365,"comment_status":"open","ping_status":"closed","template":"","meta":[],"product_brand":[],"product_cat":[2050],"product_tag":[],"class_list":{"0":"post-281675","1":"product","2":"type-product","3":"status-publish","4":"has-post-thumbnail","6":"product_cat-campingzubehor","8":"first","9":"instock","10":"taxable","11":"shipping-taxable","12":"purchasable","13":"product-type-simple"},"composite_virtual":false,"composite_layout":"","composite_add_to_cart_form_location":"","composite_editable_in_cart":false,"composite_sold_individually_context":"","composite_shop_price_calc":"","composite_components":[],"composite_scenarios":[],"group_of_quantity":0,"min_quantity":0,"max_quantity":"","exclude_order_quantity_value_rules":"no","exclude_category_quantity_rules":"no","combine_variations":"no","exclude_global_add_ons":[],"addons":[],"_links":{"self":[{"href":"https:\/\/www.huntersfriend.eu\/de\/wp-json\/wp\/v2\/product\/281675","targetHints":{"allow":["GET"]}}],"collection":[{"href":"https:\/\/www.huntersfriend.eu\/de\/wp-json\/wp\/v2\/product"}],"about":[{"href":"https:\/\/www.huntersfriend.eu\/de\/wp-json\/wp\/v2\/types\/product"}],"replies":[{"embeddable":true,"href":"https:\/\/www.huntersfriend.eu\/de\/wp-json\/wp\/v2\/comments?post=281675"}],"wp:featuredmedia":[{"embeddable":true,"href":"https:\/\/www.huntersfriend.eu\/de\/wp-json\/wp\/v2\/media\/245365"}],"wp:attachment":[{"href":"https:\/\/www.huntersfriend.eu\/de\/wp-json\/wp\/v2\/media?parent=281675"}],"wp:term":[{"taxonomy":"product_brand","embeddable":true,"href":"https:\/\/www.huntersfriend.eu\/de\/wp-json\/wp\/v2\/product_brand?post=281675"},{"taxonomy":"product_cat","embeddable":true,"href":"https:\/\/www.huntersfriend.eu\/de\/wp-json\/wp\/v2\/product_cat?post=281675"},{"taxonomy":"product_tag","embeddable":true,"href":"https:\/\/www.huntersfriend.eu\/de\/wp-json\/wp\/v2\/product_tag?post=281675"}],"curies":[{"name":"wp","href":"https:\/\/api.w.org\/{rel}","templated":true}]}}