{"id":281673,"date":"2023-03-16T13:15:33","date_gmt":"2025-06-23T10:23:21","guid":{"rendered":"https:\/\/www.huntersfriend.eu\/product\/alps-outdoorz-dry-passage-20l\/"},"modified":"2025-06-23T12:23:21","modified_gmt":"2025-06-23T10:23:21","slug":"alps-outdoorz-dry-passage-20l","status":"publish","type":"product","link":"https:\/\/www.huntersfriend.eu\/de\/produkt\/alps-outdoorz-dry-passage-20l\/","title":{"rendered":"Alps outdoorz dry passage 20L"},"content":{"rendered":"<p>Farbe &#8211; Anthrazit<\/p>\n<p>Die ALPS Mountaineering Dry Passage Serie bietet abriebfeste, mittelschwere Trockens\u00e4cke, die aus strapazierf\u00e4higem, wasserdichtem, TPU-beschichtetem 420D-Nylonmaterial mit robusten, vollst\u00e4ndig verschwei\u00dften N\u00e4hten gefertigt sind. Die \u00fcberlegene Konstruktion des Beutels zusammen mit einem sicheren Rollverschluss schlie\u00dft Wasser aus und bietet in nassen Umgebungen eine zuverl\u00e4ssige Wasserbarriere. Ein oval geformter, flacher Boden hilft den Beuteln, selbstst\u00e4ndig zu stehen und erleichtert das Bef\u00fcllen. Ein D-Ring-Befestigungspunkt ist f\u00fcr zus\u00e4tzliche Ausr\u00fcstungsbefestigung, Stapelung oder Befestigung an Ihrem Wasserfahrzeug vorgesehen. F\u00fcr die Abenteuerlustigsten ist die Dry Passage Serie die richtige Wahl.    <\/p>\n<p>\u2022 Abriebfestes, mittelschweres 420D-Nylon-TPU-wasserdichtes Material bietet Schutz in nassen Umgebungen<\/p>\n<p>\u2022 Oval geformter flacher Boden hilft dem Beutel, selbstst\u00e4ndig zu stehen; einfach zu bef\u00fcllen<\/p>\n<p>\u2022 D-Ring-Befestigungspunkt<\/p>\n<p>\u2022 Sicherer Rollverschluss schlie\u00dft Wasser aus<\/p>\n<p>\u2022 Starke, vollst\u00e4ndig verschwei\u00dfte N\u00e4hte bieten eine zuverl\u00e4ssige Wasserbarriere<\/p>\n<table border=\"3\">\n<tbody>\n<tr>\n<th colspan=\"2\">20 L<\/th>\n<\/tr>\n<tr align=\"CENTER\">\n<td><b>Kapazit\u00e4t<\/b><\/td>\n<td>20 L \/ 1220 in\u00b3<\/td>\n<\/tr>\n<tr align=\"CENTER\">\n<td><b>L\u00e4nge<\/b><\/td>\n<td>11&#8243;<\/td>\n<\/tr>\n<tr align=\"CENTER\">\n<td><b>Durchmesser<\/b><\/td>\n<td>7&#8243;<\/td>\n<\/tr>\n<tr align=\"CENTER\">\n<td><b>H\u00f6he (nach 3 Rollungen)<\/b><\/td>\n<td>16&#8243;<\/td>\n<\/tr>\n<tr align=\"CENTER\">\n<td><b>Gewicht<\/b><\/td>\n<td>7,2 oz.<\/td>\n<\/tr>\n<\/tbody>\n<\/table>\n","protected":false},"excerpt":{"rendered":"<p>Farbe &#8211; Anthrazit Die ALPS Mountaineering Dry Passage Serie bietet abriebfeste, mittelschwere Trockens\u00e4cke, die aus strapazierf\u00e4higem, wasserdichtem, TPU-beschichtetem 420D-Nylonmaterial mit robusten, vollst\u00e4ndig verschwei\u00dften N\u00e4hten gefertigt sind. Die \u00fcberlegene Konstruktion des Beutels zusammen mit einem sicheren Rollverschluss schlie\u00dft Wasser aus und bietet in nassen Umgebungen eine zuverl\u00e4ssige Wasserbarriere. Ein oval geformter, flacher Boden hilft den Beuteln, [&#8230;]\n","protected":false},"featured_media":245875,"comment_status":"open","ping_status":"closed","template":"","meta":[],"product_brand":[],"product_cat":[2050],"product_tag":[],"class_list":{"0":"post-281673","1":"product","2":"type-product","3":"status-publish","4":"has-post-thumbnail","6":"product_cat-campingzubehor","8":"first","9":"instock","10":"taxable","11":"shipping-taxable","12":"purchasable","13":"product-type-simple"},"composite_virtual":false,"composite_layout":"","composite_add_to_cart_form_location":"","composite_editable_in_cart":false,"composite_sold_individually_context":"","composite_shop_price_calc":"","composite_components":[],"composite_scenarios":[],"group_of_quantity":0,"min_quantity":0,"max_quantity":"","exclude_order_quantity_value_rules":"no","exclude_category_quantity_rules":"no","combine_variations":"no","exclude_global_add_ons":[],"addons":[],"_links":{"self":[{"href":"https:\/\/www.huntersfriend.eu\/de\/wp-json\/wp\/v2\/product\/281673","targetHints":{"allow":["GET"]}}],"collection":[{"href":"https:\/\/www.huntersfriend.eu\/de\/wp-json\/wp\/v2\/product"}],"about":[{"href":"https:\/\/www.huntersfriend.eu\/de\/wp-json\/wp\/v2\/types\/product"}],"replies":[{"embeddable":true,"href":"https:\/\/www.huntersfriend.eu\/de\/wp-json\/wp\/v2\/comments?post=281673"}],"wp:featuredmedia":[{"embeddable":true,"href":"https:\/\/www.huntersfriend.eu\/de\/wp-json\/wp\/v2\/media\/245875"}],"wp:attachment":[{"href":"https:\/\/www.huntersfriend.eu\/de\/wp-json\/wp\/v2\/media?parent=281673"}],"wp:term":[{"taxonomy":"product_brand","embeddable":true,"href":"https:\/\/www.huntersfriend.eu\/de\/wp-json\/wp\/v2\/product_brand?post=281673"},{"taxonomy":"product_cat","embeddable":true,"href":"https:\/\/www.huntersfriend.eu\/de\/wp-json\/wp\/v2\/product_cat?post=281673"},{"taxonomy":"product_tag","embeddable":true,"href":"https:\/\/www.huntersfriend.eu\/de\/wp-json\/wp\/v2\/product_tag?post=281673"}],"curies":[{"name":"wp","href":"https:\/\/api.w.org\/{rel}","templated":true}]}}