{"id":281670,"date":"2023-03-16T13:15:27","date_gmt":"2025-06-23T10:23:20","guid":{"rendered":"https:\/\/www.huntersfriend.eu\/product\/alps-outdoorz-turkey-chair-mc\/"},"modified":"2025-06-23T12:23:20","modified_gmt":"2025-06-23T10:23:20","slug":"alps-outdoorz-turkey-chair-mc","status":"publish","type":"product","link":"https:\/\/www.huntersfriend.eu\/de\/produkt\/alps-outdoorz-turkey-chair-mc\/","title":{"rendered":"Alps outdoorz Turkey chair MC"},"content":{"rendered":"<p>Mossy oak obsession<\/p>\n<p>Der Turkey Chair MC (More Comfort!) ist eine breitere Version unseres Turkey Chair und bietet Ihnen 4 zus\u00e4tzliche Zoll f\u00fcr extra Komfort. \u00c4hnlich wie der Turkey Chair sitzt auch das MC-Modell niedrig am Boden, um Sie verborgen und entspannt zu halten, w\u00e4hrend Sie auf den n\u00e4chsten Truthahn warten, der \u00fcber das Feld schleicht. Der robuste, pulverbeschichtete Stahlrahmen ist langlebig und stabil, sodass der Stuhl Sie immer wieder begleiten kann. Dieses Modell verf\u00fcgt au\u00dferdem \u00fcber eine Ruforganisator-Tasche an der Vorderseite des Stuhls, um Ihr wichtigstes Zubeh\u00f6r nah und leicht zug\u00e4nglich aufzubewahren. Der Turkey Chair MC l\u00e4sst sich flach zusammenklappen, um ihn einfach zu transportieren, wenn Sie schnell zu einem neuen Standort wechseln m\u00fcssen. Obwohl dieser Stuhl den Namen Turkey Chair tr\u00e4gt, eignet er sich auch hervorragend als Sitz f\u00fcr die Raubwildjagd.     <\/p>\n<p>\u2022 Extra breiter Sitz &#8211; 4&#8243; breiter als der Turkey Chair<\/p>\n<p>\u2022 Niedriges Profil und komfortabel<\/p>\n<p>\u2022 Pulverbeschichteter Stahlrahmen<\/p>\n<p>\u2022 Flach zusammenklappbar f\u00fcr Transport und Lagerung<\/p>\n<p>\u2022 H\u00e4ngender Organizer\/Ruftasche<\/p>\n<p>\u2022 Gepolsterter Schultertrageriemen<\/p>\n<table border=\"3\">\n<tbody>\n<tr align=\"CENTER\">\n<td><b>Sitzbreite<\/b><\/td>\n<td>20,5&#8243;<\/td>\n<\/tr>\n<tr align=\"CENTER\">\n<td><b>Sitztiefe<\/b><\/td>\n<td>12&#8243;<\/td>\n<\/tr>\n<tr align=\"CENTER\">\n<td><b>Sitzh\u00f6he vorne<\/b><\/td>\n<td>9&#8243;<\/td>\n<\/tr>\n<tr align=\"CENTER\">\n<td><b>Sitzh\u00f6he hinten<\/b><\/td>\n<td>6&#8243;<\/td>\n<\/tr>\n<tr align=\"CENTER\">\n<td><b>R\u00fcckenlehnenh\u00f6he<\/b><\/td>\n<td>16,5&#8243;<\/td>\n<\/tr>\n<tr align=\"CENTER\">\n<td><b>Zusammengeklappte Gr\u00f6\u00dfe<\/b><\/td>\n<td>31,5&#8243; L x 23,5&#8243; B x 2,5&#8243; H<\/td>\n<\/tr>\n<tr align=\"CENTER\">\n<td><b>Gewicht<\/b><\/td>\n<td>3,4 kg <\/td>\n<\/tr>\n<tr align=\"CENTER\">\n<td><b>Gewichtskapazit\u00e4t<\/b><\/td>\n<td>136,08 kg<\/td>\n<\/tr>\n<\/tbody>\n<\/table>\n","protected":false},"excerpt":{"rendered":"<p>Mossy oak obsession Der Turkey Chair MC (More Comfort!) ist eine breitere Version unseres Turkey Chair und bietet Ihnen 4 zus\u00e4tzliche Zoll f\u00fcr extra Komfort. \u00c4hnlich wie der Turkey Chair sitzt auch das MC-Modell niedrig am Boden, um Sie verborgen und entspannt zu halten, w\u00e4hrend Sie auf den n\u00e4chsten Truthahn warten, der \u00fcber das Feld [&#8230;]\n","protected":false},"featured_media":246019,"comment_status":"open","ping_status":"closed","template":"","meta":[],"product_brand":[],"product_cat":[1364],"product_tag":[],"class_list":{"0":"post-281670","1":"product","2":"type-product","3":"status-publish","4":"has-post-thumbnail","6":"product_cat-blind-sitz","7":"product_shipping_class-medium-de","9":"first","10":"outofstock","11":"taxable","12":"shipping-taxable","13":"purchasable","14":"product-type-simple"},"composite_virtual":false,"composite_layout":"","composite_add_to_cart_form_location":"","composite_editable_in_cart":false,"composite_sold_individually_context":"","composite_shop_price_calc":"","composite_components":[],"composite_scenarios":[],"group_of_quantity":0,"min_quantity":0,"max_quantity":"","exclude_order_quantity_value_rules":"no","exclude_category_quantity_rules":"no","combine_variations":"no","exclude_global_add_ons":[],"addons":[],"_links":{"self":[{"href":"https:\/\/www.huntersfriend.eu\/de\/wp-json\/wp\/v2\/product\/281670","targetHints":{"allow":["GET"]}}],"collection":[{"href":"https:\/\/www.huntersfriend.eu\/de\/wp-json\/wp\/v2\/product"}],"about":[{"href":"https:\/\/www.huntersfriend.eu\/de\/wp-json\/wp\/v2\/types\/product"}],"replies":[{"embeddable":true,"href":"https:\/\/www.huntersfriend.eu\/de\/wp-json\/wp\/v2\/comments?post=281670"}],"wp:featuredmedia":[{"embeddable":true,"href":"https:\/\/www.huntersfriend.eu\/de\/wp-json\/wp\/v2\/media\/246019"}],"wp:attachment":[{"href":"https:\/\/www.huntersfriend.eu\/de\/wp-json\/wp\/v2\/media?parent=281670"}],"wp:term":[{"taxonomy":"product_brand","embeddable":true,"href":"https:\/\/www.huntersfriend.eu\/de\/wp-json\/wp\/v2\/product_brand?post=281670"},{"taxonomy":"product_cat","embeddable":true,"href":"https:\/\/www.huntersfriend.eu\/de\/wp-json\/wp\/v2\/product_cat?post=281670"},{"taxonomy":"product_tag","embeddable":true,"href":"https:\/\/www.huntersfriend.eu\/de\/wp-json\/wp\/v2\/product_tag?post=281670"}],"curies":[{"name":"wp","href":"https:\/\/api.w.org\/{rel}","templated":true}]}}