{"id":281669,"date":"2023-03-16T13:15:31","date_gmt":"2025-06-23T10:23:20","guid":{"rendered":"https:\/\/www.huntersfriend.eu\/product\/alps-outdoorz-lynx-2-personen-zelt\/"},"modified":"2025-07-11T05:58:20","modified_gmt":"2025-07-11T03:58:20","slug":"alps-outdoorz-lynx-2-personen-zelt","status":"publish","type":"product","link":"https:\/\/www.huntersfriend.eu\/de\/produkt\/alps-outdoorz-lynx-2-personen-zelt\/","title":{"rendered":"Alps outdoorz Lynx 2 Personen Zelt"},"content":{"rendered":"<p>Farbe &#8211; Grau\/Marineblau<\/p>\n<p>Der Lynx ist mit zahlreichen Funktionen ausgestattet und von hoher Qualit\u00e4t. Der Lynx, der Aluminiumstangen besitzt, \u00e4hnelt stark unserem Taurus, einem unserer meistverkauften Zelte. Der Lynx verf\u00fcgt \u00fcber mehr Netzgewebe als der Taurus, das die H\u00e4lfte der W\u00e4nde auf jeder Seite einnimmt und somit eine noch bessere Bel\u00fcftung erm\u00f6glicht. Das Zelt l\u00e4sst sich leicht aufbauen; es handelt sich um ein rechteckiges Kuppelzelt mit zwei Stangen und Stangenbefestigungen, die sich f\u00fcr einen schnellen Aufbau einfach \u00fcber die Stangen clipsen lassen. ALPS hat keine Kompromisse gemacht&#8230; mit den werkseitig versiegelten \u00dcberzug- und Bodenn\u00e4hten, wetterfesten \u00dcberzugschnallen, zwei Eing\u00e4ngen f\u00fcr bequemes Ein- und Austreten, zwei Apsiden f\u00fcr zus\u00e4tzlichen Stauraum und Wetterschutz sowie #8-Rei\u00dfverschl\u00fcssen finden Sie in diesem Modell sicherlich alles, was Sie von einem Zelt erwarten k\u00f6nnen. Vergessen Sie nicht, eine Zeltunterlage hinzuzuf\u00fcgen, um den Zeltboden zu sch\u00fctzen.     <\/p>\n<p>\u2022 Freistehendes Zwei-Stangen-Design mit Aluminiumstangen der Serie 7000<\/p>\n<p>\u2022 Einfache Montage mit Stangenclips, die sich schnell \u00fcber die Zeltstangen schnappen lassen<\/p>\n<p>\u2022 75D 185T Polyester-Au\u00dfenzelt mit 1500 mm Beschichtung widersteht UV-Sch\u00e4den und bleibt straff<\/p>\n<p>\u2022 Wetterfeste Au\u00dfenzeltschnallen f\u00fcr maximale Anpassungsf\u00e4higkeit und Schutz<\/p>\n<p>\u2022 75D 185T Poly-Taffeta-Boden mit 2000 mm Beschichtung<\/p>\n<p>\u2022 Werksseitig versiegelte Au\u00dfenzelt- und Bodenn\u00e4hte bieten bestm\u00f6glichen Wetterschutz<\/p>\n<p>\u2022 Zwei Eing\u00e4nge f\u00fcr bequemes Ein- und Austreten<\/p>\n<p>\u2022 Halb-Netzw\u00e4nde sorgen f\u00fcr hervorragende Bel\u00fcftung<\/p>\n<p>\u2022 Vorbau f\u00fcr Ausr\u00fcstungsaufbewahrung und zus\u00e4tzlichen Wetterschutz<\/p>\n<p>\u2022 #8 Rei\u00dfverschl\u00fcsse<\/p>\n<p>\u2022 Netz-Aufbewahrungstaschen, Gear Loft, 7075 Aluminiumheringe und Abspannleinen inklusive<\/p>\n<table border=\"3\">\n<tbody>\n<tr align=\"CENTER\">\n<th colspan=\"2\">Lynx 3 Zelt<\/th>\n<\/tr>\n<tr align=\"CENTER\">\n<td><b>Grundfl\u00e4che<\/b><\/td>\n<td>2,29 m L x 2,13 m B<\/td>\n<\/tr>\n<tr align=\"CENTER\">\n<td><b>Mittlere H\u00f6he<\/b><\/td>\n<td>1,22 m<\/td>\n<\/tr>\n<tr align=\"CENTER\">\n<td><b>Vorbautiefe<\/b><\/td>\n<td>0,81 m<\/td>\n<\/tr>\n<tr align=\"CENTER\">\n<td><b>Zeltfl\u00e4che<\/b><\/td>\n<td>4,83 m\u00b2<\/td>\n<\/tr>\n<tr align=\"CENTER\">\n<td><b>Apsidenfl\u00e4che<\/b><\/td>\n<td>1,86 m\u00b2<\/td>\n<\/tr>\n<tr align=\"CENTER\">\n<td><b>Mindestgewicht<\/b><\/td>\n<td>2,95 kg <\/td>\n<\/tr>\n<tr align=\"CENTER\">\n<td><b>Gesamtgewicht<\/b><\/td>\n<td>3,26 kg <\/td>\n<\/tr>\n<tr align=\"CENTER\">\n<td><b>Packma\u00df<\/b><\/td>\n<td>53,34 cm L x 16,51 cm D<\/td>\n<\/tr>\n<tr align=\"CENTER\">\n<td><b>Stangendurchmesser<\/b><\/td>\n<td>9,5 mm AL<\/td>\n<\/tr>\n<\/tbody>\n<\/table>\n","protected":false},"excerpt":{"rendered":"<p>Farbe &#8211; Grau\/Marineblau Der Lynx ist mit zahlreichen Funktionen ausgestattet und von hoher Qualit\u00e4t. Der Lynx, der Aluminiumstangen besitzt, \u00e4hnelt stark unserem Taurus, einem unserer meistverkauften Zelte. Der Lynx verf\u00fcgt \u00fcber mehr Netzgewebe als der Taurus, das die H\u00e4lfte der W\u00e4nde auf jeder Seite einnimmt und somit eine noch bessere Bel\u00fcftung erm\u00f6glicht. Das Zelt l\u00e4sst [&#8230;]\n","protected":false},"featured_media":245911,"comment_status":"open","ping_status":"closed","template":"","meta":[],"product_brand":[],"product_cat":[2114],"product_tag":[],"class_list":{"0":"post-281669","1":"product","2":"type-product","3":"status-publish","4":"has-post-thumbnail","6":"product_cat-zelte","7":"product_shipping_class-medium-de","9":"first","10":"instock","11":"taxable","12":"shipping-taxable","13":"purchasable","14":"product-type-simple"},"composite_virtual":false,"composite_layout":"","composite_add_to_cart_form_location":"","composite_editable_in_cart":false,"composite_sold_individually_context":"","composite_shop_price_calc":"","composite_components":[],"composite_scenarios":[],"group_of_quantity":0,"min_quantity":0,"max_quantity":"","exclude_order_quantity_value_rules":"no","exclude_category_quantity_rules":"no","combine_variations":"no","exclude_global_add_ons":[],"addons":[],"_links":{"self":[{"href":"https:\/\/www.huntersfriend.eu\/de\/wp-json\/wp\/v2\/product\/281669","targetHints":{"allow":["GET"]}}],"collection":[{"href":"https:\/\/www.huntersfriend.eu\/de\/wp-json\/wp\/v2\/product"}],"about":[{"href":"https:\/\/www.huntersfriend.eu\/de\/wp-json\/wp\/v2\/types\/product"}],"replies":[{"embeddable":true,"href":"https:\/\/www.huntersfriend.eu\/de\/wp-json\/wp\/v2\/comments?post=281669"}],"wp:featuredmedia":[{"embeddable":true,"href":"https:\/\/www.huntersfriend.eu\/de\/wp-json\/wp\/v2\/media\/245911"}],"wp:attachment":[{"href":"https:\/\/www.huntersfriend.eu\/de\/wp-json\/wp\/v2\/media?parent=281669"}],"wp:term":[{"taxonomy":"product_brand","embeddable":true,"href":"https:\/\/www.huntersfriend.eu\/de\/wp-json\/wp\/v2\/product_brand?post=281669"},{"taxonomy":"product_cat","embeddable":true,"href":"https:\/\/www.huntersfriend.eu\/de\/wp-json\/wp\/v2\/product_cat?post=281669"},{"taxonomy":"product_tag","embeddable":true,"href":"https:\/\/www.huntersfriend.eu\/de\/wp-json\/wp\/v2\/product_tag?post=281669"}],"curies":[{"name":"wp","href":"https:\/\/api.w.org\/{rel}","templated":true}]}}