{"id":281668,"date":"2023-03-16T13:15:22","date_gmt":"2025-06-23T10:23:14","guid":{"rendered":"https:\/\/www.huntersfriend.eu\/product\/alps-outdoorz-long-spur\/"},"modified":"2025-06-23T12:23:14","modified_gmt":"2025-06-23T10:23:14","slug":"alps-outdoorz-long-spur","status":"publish","type":"product","link":"https:\/\/www.huntersfriend.eu\/de\/produkt\/alps-outdoorz-long-spur\/","title":{"rendered":"Alps outdoorz Long spur"},"content":{"rendered":"<p>Mossy Oak Obsession<\/p>\n<p>Der Long Spur ist ein vielseitiges Lendentaschensystem, das speziell f\u00fcr die verschiedenen Jagdstile und Szenarien bei der Truthahn- oder Taubenjagd konzipiert wurde. Der Long Spur verf\u00fcgt \u00fcber eine nach hinten gerichtete Lendentasche mit einem Stauraum von 500 Kubikzoll, einen vollst\u00e4ndig abnehmbaren Schultergurt mit einer gro\u00dfen Wildtasche und einen abnehmbaren gepolsterten H\u00fcftgurt mit zwei Rei\u00dfverschlusstaschen. Es gibt zwei abnehmbare Brusttaschen, die eine Tasche f\u00fcr eine Box-Locker, zwei Taschen f\u00fcr Schieferlocker, f\u00fcnf Patronenschlaufen, zwei Netztaschen f\u00fcr Mundlocker und Taschen f\u00fcr Ortungslocker enthalten. F\u00fcr zus\u00e4tzlichen Komfort ist auch eine abnehmbare Schutztasche f\u00fcr Zwerchfelllocker enthalten. Der Long Spur ist \u00e4u\u00dferst anpassungsf\u00e4hig und kann leicht an jede Situation angepasst werden, die im Gel\u00e4nde auftreten kann.    <\/p>\n<p>\u2022 Vielseitiges Westen-System f\u00fcr die Truthahn- oder Taubenjagd<\/p>\n<p>\u2022 Abnehmbarer Schultergurt mit gro\u00dfer Wildtasche<\/p>\n<p>\u2022 Abnehmbarer gepolsterter H\u00fcftgurt mit Rei\u00dfverschlusstaschen<\/p>\n<p>\u2022 Abnehmbare Schutztasche f\u00fcr Zwerchfelllocker<\/p>\n<p>\u2022 Vollst\u00e4ndig einstellbar mit mehreren Gurtbandoptionen<\/p>\n<p>\u2022 Leicht abnehmbare Lendentasche f\u00fcr Run-and-Gun-Jagden<\/p>\n<p>\u2022 Zwei abnehmbare Brusttaschen beinhalten:<\/p>\n<ul>\n<li>Sch\u00fctzende und ger\u00e4uschlose Tasche f\u00fcr Box-Locker<\/li>\n<li>Zwei Taschen f\u00fcr Schieferlocker<\/li>\n<li>F\u00fcnf Patronenschlaufen<\/li>\n<li>Zwei Netztaschen f\u00fcr Mundlocker<\/li>\n<li>Taschen f\u00fcr Ortungslocker<\/li>\n<\/ul>\n<table border=\"3\">\n<tbody>\n<tr align=\"CENTER\">\n<td><b>Fassungsverm\u00f6gen der Lendentasche<\/b><\/td>\n<td>8L \/ 500 in\u00b3<\/td>\n<\/tr>\n<tr align=\"CENTER\">\n<td><b>Abmessungen der Lendentasche<\/b><\/td>\n<td>8,25&#8243; H x 12&#8243; B x 3,75&#8243; T<\/td>\n<\/tr>\n<tr align=\"CENTER\">\n<td><b>H\u00fcftgurtbereich<\/b><\/td>\n<td>33 \u201e- 61\u201c<\/td>\n<\/tr>\n<tr align=\"CENTER\">\n<td><b>Gewicht<\/b><\/td>\n<td>3 lbs.<\/td>\n<\/tr>\n<\/tbody>\n<\/table>\n","protected":false},"excerpt":{"rendered":"<p>Mossy Oak Obsession Der Long Spur ist ein vielseitiges Lendentaschensystem, das speziell f\u00fcr die verschiedenen Jagdstile und Szenarien bei der Truthahn- oder Taubenjagd konzipiert wurde. Der Long Spur verf\u00fcgt \u00fcber eine nach hinten gerichtete Lendentasche mit einem Stauraum von 500 Kubikzoll, einen vollst\u00e4ndig abnehmbaren Schultergurt mit einer gro\u00dfen Wildtasche und einen abnehmbaren gepolsterten H\u00fcftgurt mit [&#8230;]\n","protected":false},"featured_media":246081,"comment_status":"open","ping_status":"closed","template":"","meta":[],"product_brand":[],"product_cat":[1145],"product_tag":[],"class_list":{"0":"post-281668","1":"product","2":"type-product","3":"status-publish","4":"has-post-thumbnail","6":"product_cat-sonstiges","8":"first","9":"outofstock","10":"taxable","11":"shipping-taxable","12":"purchasable","13":"product-type-simple"},"composite_virtual":false,"composite_layout":"","composite_add_to_cart_form_location":"","composite_editable_in_cart":false,"composite_sold_individually_context":"","composite_shop_price_calc":"","composite_components":[],"composite_scenarios":[],"group_of_quantity":0,"min_quantity":0,"max_quantity":"","exclude_order_quantity_value_rules":"no","exclude_category_quantity_rules":"no","combine_variations":"no","exclude_global_add_ons":[],"addons":[],"_links":{"self":[{"href":"https:\/\/www.huntersfriend.eu\/de\/wp-json\/wp\/v2\/product\/281668","targetHints":{"allow":["GET"]}}],"collection":[{"href":"https:\/\/www.huntersfriend.eu\/de\/wp-json\/wp\/v2\/product"}],"about":[{"href":"https:\/\/www.huntersfriend.eu\/de\/wp-json\/wp\/v2\/types\/product"}],"replies":[{"embeddable":true,"href":"https:\/\/www.huntersfriend.eu\/de\/wp-json\/wp\/v2\/comments?post=281668"}],"wp:featuredmedia":[{"embeddable":true,"href":"https:\/\/www.huntersfriend.eu\/de\/wp-json\/wp\/v2\/media\/246081"}],"wp:attachment":[{"href":"https:\/\/www.huntersfriend.eu\/de\/wp-json\/wp\/v2\/media?parent=281668"}],"wp:term":[{"taxonomy":"product_brand","embeddable":true,"href":"https:\/\/www.huntersfriend.eu\/de\/wp-json\/wp\/v2\/product_brand?post=281668"},{"taxonomy":"product_cat","embeddable":true,"href":"https:\/\/www.huntersfriend.eu\/de\/wp-json\/wp\/v2\/product_cat?post=281668"},{"taxonomy":"product_tag","embeddable":true,"href":"https:\/\/www.huntersfriend.eu\/de\/wp-json\/wp\/v2\/product_tag?post=281668"}],"curies":[{"name":"wp","href":"https:\/\/api.w.org\/{rel}","templated":true}]}}