{"id":281667,"date":"2023-03-16T13:15:26","date_gmt":"2025-06-23T10:23:14","guid":{"rendered":"https:\/\/www.huntersfriend.eu\/product\/alps-outdoorz-vanish-mc\/"},"modified":"2025-07-17T05:35:41","modified_gmt":"2025-07-17T03:35:41","slug":"alps-outdoorz-vanish-mc","status":"publish","type":"product","link":"https:\/\/www.huntersfriend.eu\/de\/produkt\/alps-outdoorz-vanish-mc\/","title":{"rendered":"Alps outdoorz vanish MC"},"content":{"rendered":"<p>Mossy Oak Obsession<\/p>\n<p>Der Vanish MC Frame ist das gr\u00f6\u00dfere \u201eMehr Komfort\u201c-Modell und beinhaltet einen gepolsterten Schultertragegurt. Der ultimative Stuhl, auf den jeder Truthahn- und Raubwildj\u00e4ger gewartet hat, ist hier &#8211; der Vanish MC! Nach jahrelangem enormen Erfolg mit dem ALPS OutdoorZ Turkey Chair war die einzige verbleibende Funktion, die J\u00e4ger uns baten zu l\u00f6sen, die \u201ezusammengeklappte Gr\u00f6\u00dfe.\u201c Die Designer und Ingenieure bei ALPS konnten dieses neue Vanish MC-Modell entwickeln, das sich nun zusammenklappen und in eine Tragetasche packen l\u00e4sst. Keine der urspr\u00fcnglichen Funktionen des Turkey Chair wurden kompromittiert, wie das niedrige Sitzen am Boden, die Robustheit und Haltbarkeit sowie der extreme Komfort. ALPS hat au\u00dferdem vier drehbare F\u00fc\u00dfe an den Stuhlbeinen angebracht, um sicherzustellen, dass er immer fest und stabil steht, selbst auf unebenem Gel\u00e4nde. Wenn Sie stundenlang in der Wildnis sind, ist es angenehm, sich zur\u00fccklehnen und ein wenig entspannen zu k\u00f6nnen. Wenn Sie es eilig haben und keine Zeit haben, den Stuhl zur\u00fcck in die Tasche zu packen, keine Sorge&#8230; es gibt einen mitgelieferten gepolsterten Tragegurt, so dass Sie den Stuhl einfach \u00fcber die Schulter werfen und weiterziehen k\u00f6nnen.      <\/p>\n<p>\u2022 Breiter Klappstuhl mit Armlehnen, der niedrig am Boden sitzt<\/p>\n<p>\u2022 Kompaktes Faltdesign<\/p>\n<p>\u2022 Pulverbeschichteter Stahlrahmen<\/p>\n<p>\u2022 Gepolsterter Tragegurt und Schultertragetasche<\/p>\n<table border=\"3\">\n<tbody>\n<tr align=\"CENTER\">\n<td><b>Sitzbreite<\/b><\/td>\n<td>58,4 cm<\/td>\n<\/tr>\n<tr align=\"CENTER\">\n<td><b>Sitztiefe<\/b><\/td>\n<td>43,2 cm<\/td>\n<\/tr>\n<tr align=\"CENTER\">\n<td><b>Sitzh\u00f6he vorne<\/b><\/td>\n<td>25,4 cm<\/td>\n<\/tr>\n<tr align=\"CENTER\">\n<td><b>Sitzh\u00f6he hinten<\/b><\/td>\n<td>6&#8243;<\/td>\n<\/tr>\n<tr align=\"CENTER\">\n<td><b>R\u00fcckenlehnenh\u00f6he<\/b><\/td>\n<td>57,2 cm<\/td>\n<\/tr>\n<tr align=\"CENTER\">\n<td><b>Packma\u00df<\/b><\/td>\n<td>81,3 cm L x 20,3 cm B x 17,8 cm H<\/td>\n<\/tr>\n<tr align=\"CENTER\">\n<td><b>Gewicht<\/b><\/td>\n<td>3,85 kg <\/td>\n<\/tr>\n<tr align=\"CENTER\">\n<td><b>Gewichtskapazit\u00e4t<\/b><\/td>\n<td>136,08 kg<\/td>\n<\/tr>\n<\/tbody>\n<\/table>\n","protected":false},"excerpt":{"rendered":"<p>Mossy Oak Obsession Der Vanish MC Frame ist das gr\u00f6\u00dfere \u201eMehr Komfort\u201c-Modell und beinhaltet einen gepolsterten Schultertragegurt. Der ultimative Stuhl, auf den jeder Truthahn- und Raubwildj\u00e4ger gewartet hat, ist hier &#8211; der Vanish MC! Nach jahrelangem enormen Erfolg mit dem ALPS OutdoorZ Turkey Chair war die einzige verbleibende Funktion, die J\u00e4ger uns baten zu l\u00f6sen, [&#8230;]\n","protected":false},"featured_media":246042,"comment_status":"open","ping_status":"closed","template":"","meta":[],"product_brand":[],"product_cat":[1145],"product_tag":[],"class_list":{"0":"post-281667","1":"product","2":"type-product","3":"status-publish","4":"has-post-thumbnail","6":"product_cat-sonstiges","7":"product_shipping_class-medium-de","9":"first","10":"outofstock","11":"taxable","12":"shipping-taxable","13":"purchasable","14":"product-type-simple"},"composite_virtual":false,"composite_layout":"","composite_add_to_cart_form_location":"","composite_editable_in_cart":false,"composite_sold_individually_context":"","composite_shop_price_calc":"","composite_components":[],"composite_scenarios":[],"group_of_quantity":0,"min_quantity":0,"max_quantity":"","exclude_order_quantity_value_rules":"no","exclude_category_quantity_rules":"no","combine_variations":"no","exclude_global_add_ons":[],"addons":[],"_links":{"self":[{"href":"https:\/\/www.huntersfriend.eu\/de\/wp-json\/wp\/v2\/product\/281667","targetHints":{"allow":["GET"]}}],"collection":[{"href":"https:\/\/www.huntersfriend.eu\/de\/wp-json\/wp\/v2\/product"}],"about":[{"href":"https:\/\/www.huntersfriend.eu\/de\/wp-json\/wp\/v2\/types\/product"}],"replies":[{"embeddable":true,"href":"https:\/\/www.huntersfriend.eu\/de\/wp-json\/wp\/v2\/comments?post=281667"}],"wp:featuredmedia":[{"embeddable":true,"href":"https:\/\/www.huntersfriend.eu\/de\/wp-json\/wp\/v2\/media\/246042"}],"wp:attachment":[{"href":"https:\/\/www.huntersfriend.eu\/de\/wp-json\/wp\/v2\/media?parent=281667"}],"wp:term":[{"taxonomy":"product_brand","embeddable":true,"href":"https:\/\/www.huntersfriend.eu\/de\/wp-json\/wp\/v2\/product_brand?post=281667"},{"taxonomy":"product_cat","embeddable":true,"href":"https:\/\/www.huntersfriend.eu\/de\/wp-json\/wp\/v2\/product_cat?post=281667"},{"taxonomy":"product_tag","embeddable":true,"href":"https:\/\/www.huntersfriend.eu\/de\/wp-json\/wp\/v2\/product_tag?post=281667"}],"curies":[{"name":"wp","href":"https:\/\/api.w.org\/{rel}","templated":true}]}}