{"id":281665,"date":"2023-03-16T13:15:21","date_gmt":"2025-06-23T10:23:12","guid":{"rendered":"https:\/\/www.huntersfriend.eu\/product\/alps-outdoorz-horizon-360-drehhocker\/"},"modified":"2026-03-19T08:29:22","modified_gmt":"2026-03-19T06:29:22","slug":"alps-outdoorz-horizon-360-drehhocker","status":"publish","type":"product","link":"https:\/\/www.huntersfriend.eu\/de\/produkt\/alps-outdoorz-horizon-360-drehhocker\/","title":{"rendered":"Alps outdoorz horizon 360 Drehhocker"},"content":{"rendered":"<p>Farbe &#8211; Mossy Oak Shadow Grass Habitat<\/p>\n<p>Wenn Sie stets \u00fcber alles in Ihrer Umgebung im Bilde sein m\u00f6chten, ist der Horizon der perfekte Hocker f\u00fcr Sie. Mit dem Horizon, der eine 360-Grad-Drehung erm\u00f6glicht, werden Sie sich nie in einer ung\u00fcnstigen Position befinden. Die Aufbewahrungstasche unter dem Sitz ist \u00e4u\u00dferst praktisch zur Aufbewahrung all Ihrer Ausr\u00fcstung. Der Horizon l\u00e4sst sich flach zusammenklappen, und der mitgelieferte Tragegurt erleichtert den Transport und die Lagerung des Hockers erheblich.   <\/p>\n<p>\u2022 360\u00b0-Drehsitz<\/p>\n<p>\u2022 Pulverbeschichteter Stahlrahmen<\/p>\n<p>\u2022 Aufbewahrungstasche unter dem Sitz<\/p>\n<p>\u2022 Gepolsterter Schultertrageriemen<\/p>\n<table border=\"3\">\n<tbody>\n<tr align=\"CENTER\">\n<td><b>Sitzdurchmesser<\/b><\/td>\n<td>38,1 cm<\/td>\n<\/tr>\n<tr align=\"CENTER\">\n<td><b>Sitzh\u00f6he<\/b><\/td>\n<td>55,88 cm<\/td>\n<\/tr>\n<tr align=\"CENTER\">\n<td><b>Zusammengeklappte Gr\u00f6\u00dfe<\/b><\/td>\n<td>61 cm L x 43,18 cm B x 17,78 cm H<\/td>\n<\/tr>\n<tr align=\"CENTER\">\n<td><b>Gewicht<\/b><\/td>\n<td>4,76 kg <\/td>\n<\/tr>\n<tr align=\"CENTER\">\n<td><b>Gewichtskapazit\u00e4t<\/b><\/td>\n<td>136,08 kg<\/td>\n<\/tr>\n<\/tbody>\n<\/table>\n","protected":false},"excerpt":{"rendered":"<p>Farbe &#8211; Mossy Oak Shadow Grass Habitat Wenn Sie stets \u00fcber alles in Ihrer Umgebung im Bilde sein m\u00f6chten, ist der Horizon der perfekte Hocker f\u00fcr Sie. Mit dem Horizon, der eine 360-Grad-Drehung erm\u00f6glicht, werden Sie sich nie in einer ung\u00fcnstigen Position befinden. Die Aufbewahrungstasche unter dem Sitz ist \u00e4u\u00dferst praktisch zur Aufbewahrung all Ihrer [&#8230;]\n","protected":false},"featured_media":246160,"comment_status":"open","ping_status":"closed","template":"","meta":[],"product_brand":[],"product_cat":[2574,1312],"product_tag":[],"class_list":{"0":"post-281665","1":"product","2":"type-product","3":"status-publish","4":"has-post-thumbnail","6":"product_cat-stolar-och-pallar-for-gomslen","7":"product_cat-blind-chairs","8":"product_shipping_class-medium-de","10":"first","11":"outofstock","12":"taxable","13":"shipping-taxable","14":"purchasable","15":"product-type-simple"},"composite_virtual":false,"composite_layout":"","composite_add_to_cart_form_location":"","composite_editable_in_cart":false,"composite_sold_individually_context":"","composite_shop_price_calc":"","composite_components":[],"composite_scenarios":[],"group_of_quantity":0,"min_quantity":0,"max_quantity":"","exclude_order_quantity_value_rules":"no","exclude_category_quantity_rules":"no","combine_variations":"no","exclude_global_add_ons":[],"addons":[],"_links":{"self":[{"href":"https:\/\/www.huntersfriend.eu\/de\/wp-json\/wp\/v2\/product\/281665","targetHints":{"allow":["GET"]}}],"collection":[{"href":"https:\/\/www.huntersfriend.eu\/de\/wp-json\/wp\/v2\/product"}],"about":[{"href":"https:\/\/www.huntersfriend.eu\/de\/wp-json\/wp\/v2\/types\/product"}],"replies":[{"embeddable":true,"href":"https:\/\/www.huntersfriend.eu\/de\/wp-json\/wp\/v2\/comments?post=281665"}],"wp:featuredmedia":[{"embeddable":true,"href":"https:\/\/www.huntersfriend.eu\/de\/wp-json\/wp\/v2\/media\/246160"}],"wp:attachment":[{"href":"https:\/\/www.huntersfriend.eu\/de\/wp-json\/wp\/v2\/media?parent=281665"}],"wp:term":[{"taxonomy":"product_brand","embeddable":true,"href":"https:\/\/www.huntersfriend.eu\/de\/wp-json\/wp\/v2\/product_brand?post=281665"},{"taxonomy":"product_cat","embeddable":true,"href":"https:\/\/www.huntersfriend.eu\/de\/wp-json\/wp\/v2\/product_cat?post=281665"},{"taxonomy":"product_tag","embeddable":true,"href":"https:\/\/www.huntersfriend.eu\/de\/wp-json\/wp\/v2\/product_tag?post=281665"}],"curies":[{"name":"wp","href":"https:\/\/api.w.org\/{rel}","templated":true}]}}