{"id":281661,"date":"2023-03-16T13:15:20","date_gmt":"2025-06-23T10:23:10","guid":{"rendered":"https:\/\/www.huntersfriend.eu\/product\/alps-outdoorz-zubehoer-fernglastasche\/"},"modified":"2025-08-03T05:26:25","modified_gmt":"2025-08-03T03:26:25","slug":"alps-outdoorz-zubehoer-fernglastasche","status":"publish","type":"product","link":"https:\/\/www.huntersfriend.eu\/de\/produkt\/alps-outdoorz-zubehoer-fernglastasche\/","title":{"rendered":"Alps outdoorz Zubeh\u00f6r-Fernglastasche"},"content":{"rendered":"<p>Farbe &#8211; Realtree Edge<\/p>\n<p>Die Zubeh\u00f6r-Fernglastasche ist perfekt f\u00fcr jede Reise, bei der Sie Ihr Fernglas mitnehmen und es zug\u00e4nglich sowie gesch\u00fctzt aufbewahren m\u00f6chten. Es gibt eine magnetische Klappe, sodass das Fernglas leicht herausgenommen und wieder eingesteckt werden kann, w\u00e4hrend Sie im Wald ger\u00e4uschlos bleiben. Da Sie Ihr Fernglas m\u00f6glicherweise mehrmals w\u00e4hrend Ihrer Reise ben\u00f6tigen, ist es \u00e4u\u00dferst praktisch, es direkt griffbereit zu haben. Die Fernglastasche ist kompatibel mit den Rucks\u00e4cken <a href=\"https:\/\/alpsoutdoorz.com\/modular-lumbar-pack-little-bear.html\">Little Bear<\/a>, <a href=\"https:\/\/alpsoutdoorz.com\/expandable-day-pack-big-bear.html\">Big Bear<\/a> und <a href=\"https:\/\/alpsoutdoorz.com\/expandable-day-pack-pathfinder.html\">Pathfinder<\/a>.   <\/p>\n<p>\u2022 Gepolstertes Hauptfach<\/p>\n<p>\u2022 Ultraleise Magnete sichern den oberen Deckel<\/p>\n<p>\u2022 Schneller und einfacher Zugriff<\/p>\n<p>\u2022 H\u00e4lt das Fernglas sicher und sauber<\/p>\n<p>\u2022 Passt gut zu <a href=\"https:\/\/alpsoutdoorz.com\/modular-lumbar-pack-little-bear.html\">Little Bear<\/a>, <a href=\"https:\/\/alpsoutdoorz.com\/expandable-day-pack-big-bear.html\">Big Bear<\/a> oder <a href=\"https:\/\/alpsoutdoorz.com\/expandable-day-pack-pathfinder.html\">Pathfinder<\/a><\/p>\n<table border=\"3\">\n<tbody>\n<tr align=\"CENTER\">\n<td><b>Taschengr\u00f6\u00dfe<\/b><\/td>\n<td>15,24 cm H x 15,24 cm B x 5,72 cm T<\/td>\n<\/tr>\n<tr align=\"CENTER\">\n<td><b>Produktgewicht<\/b><\/td>\n<td>226,8 g<\/td>\n<\/tr>\n<\/tbody>\n<\/table>\n","protected":false},"excerpt":{"rendered":"<p>Farbe &#8211; Realtree Edge Die Zubeh\u00f6r-Fernglastasche ist perfekt f\u00fcr jede Reise, bei der Sie Ihr Fernglas mitnehmen und es zug\u00e4nglich sowie gesch\u00fctzt aufbewahren m\u00f6chten. Es gibt eine magnetische Klappe, sodass das Fernglas leicht herausgenommen und wieder eingesteckt werden kann, w\u00e4hrend Sie im Wald ger\u00e4uschlos bleiben. Da Sie Ihr Fernglas m\u00f6glicherweise mehrmals w\u00e4hrend Ihrer Reise ben\u00f6tigen, [&#8230;]\n","protected":false},"featured_media":246180,"comment_status":"open","ping_status":"closed","template":"","meta":[],"product_brand":[],"product_cat":[1773],"product_tag":[],"class_list":{"0":"post-281661","1":"product","2":"type-product","3":"status-publish","4":"has-post-thumbnail","6":"product_cat-bino-harnesses-de","8":"first","9":"outofstock","10":"taxable","11":"shipping-taxable","12":"purchasable","13":"product-type-simple"},"composite_virtual":false,"composite_layout":"","composite_add_to_cart_form_location":"","composite_editable_in_cart":false,"composite_sold_individually_context":"","composite_shop_price_calc":"","composite_components":[],"composite_scenarios":[],"group_of_quantity":0,"min_quantity":0,"max_quantity":"","exclude_order_quantity_value_rules":"no","exclude_category_quantity_rules":"no","combine_variations":"no","exclude_global_add_ons":[],"addons":[],"_links":{"self":[{"href":"https:\/\/www.huntersfriend.eu\/de\/wp-json\/wp\/v2\/product\/281661","targetHints":{"allow":["GET"]}}],"collection":[{"href":"https:\/\/www.huntersfriend.eu\/de\/wp-json\/wp\/v2\/product"}],"about":[{"href":"https:\/\/www.huntersfriend.eu\/de\/wp-json\/wp\/v2\/types\/product"}],"replies":[{"embeddable":true,"href":"https:\/\/www.huntersfriend.eu\/de\/wp-json\/wp\/v2\/comments?post=281661"}],"wp:featuredmedia":[{"embeddable":true,"href":"https:\/\/www.huntersfriend.eu\/de\/wp-json\/wp\/v2\/media\/246180"}],"wp:attachment":[{"href":"https:\/\/www.huntersfriend.eu\/de\/wp-json\/wp\/v2\/media?parent=281661"}],"wp:term":[{"taxonomy":"product_brand","embeddable":true,"href":"https:\/\/www.huntersfriend.eu\/de\/wp-json\/wp\/v2\/product_brand?post=281661"},{"taxonomy":"product_cat","embeddable":true,"href":"https:\/\/www.huntersfriend.eu\/de\/wp-json\/wp\/v2\/product_cat?post=281661"},{"taxonomy":"product_tag","embeddable":true,"href":"https:\/\/www.huntersfriend.eu\/de\/wp-json\/wp\/v2\/product_tag?post=281661"}],"curies":[{"name":"wp","href":"https:\/\/api.w.org\/{rel}","templated":true}]}}