{"id":281660,"date":"2023-03-16T13:15:23","date_gmt":"2025-06-23T10:23:09","guid":{"rendered":"https:\/\/www.huntersfriend.eu\/product\/alps-outdoorz-ambush-sling-pack\/"},"modified":"2025-06-23T12:23:09","modified_gmt":"2025-06-23T10:23:09","slug":"alps-outdoorz-ambush-sling-pack","status":"publish","type":"product","link":"https:\/\/www.huntersfriend.eu\/de\/produkt\/alps-outdoorz-ambush-sling-pack\/","title":{"rendered":"Alps outdoorz Ambush Sling Pack"},"content":{"rendered":"<p>Mossy Oak Obsession<\/p>\n<p>Der Ambush Sling Pack ist ein leichter, schnell einsatzbereiter Rucksack, der \u00fcber einen ambidextrischen Schulterriemen verf\u00fcgt. Er weist auf beiden Seiten ein MOLLE-System auf, das es erm\u00f6glicht, die ThermaCELL\u00ae-Tasche an beiden Seiten des Trageriemens zu befestigen. Mit einem Gewicht von lediglich einem Pfund und mehreren F\u00e4chern bietet dieser Sling alles Notwendige f\u00fcr einen Tag der Truthahnjagd.  <\/p>\n<p>\u2022 Leichtes, schnell einsatzbereites Design<\/p>\n<p>\u2022 Ambidextrischer, vielseitig positionierbarer Schulterriemen<\/p>\n<p>\u2022 Verstellbare ThermaCELL\u00ae-Zubeh\u00f6rtasche<\/p>\n<p>\u2022 MOLLE-System auf beiden Seiten f\u00fcr Befestigungspunkte<\/p>\n<p>\u2022 Innenliegende Netztaschen<\/p>\n<p>\u2022 Tasche f\u00fcr zwei Schiefertafeln und drei Schlagst\u00f6cke<\/p>\n<p>\u2022 Abnehmbare, sch\u00fctzende Tasche f\u00fcr Membranlocker<\/p>\n<p>\u2022 Ger\u00e4uschlose Tasche f\u00fcr Kastenlockpfeife<\/p>\n<p>\u2022 Patronenschlaufen am Schulterriemen<\/p>\n<p>\u2022 \u00c4u\u00dfere, mit Rei\u00dfverschluss versehene Netztasche<\/p>\n<p>\u2022 <a href=\"https:\/\/www.americanoutdoor.guide\/news\/easy-carry\/\">American outdoor guide boundless review<\/a><\/p>\n<table border=\"3\">\n<tbody>\n<tr align=\"CENTER\">\n<td><b>Abmessungen<\/b><\/td>\n<td>30,48 cm H x 26,67 cm B x 6,35 cm T<\/td>\n<\/tr>\n<tr align=\"CENTER\">\n<td><b>Gewicht<\/b><\/td>\n<td>0,45 kg<\/td>\n<\/tr>\n<\/tbody>\n<\/table>\n","protected":false},"excerpt":{"rendered":"<p>Mossy Oak Obsession Der Ambush Sling Pack ist ein leichter, schnell einsatzbereiter Rucksack, der \u00fcber einen ambidextrischen Schulterriemen verf\u00fcgt. Er weist auf beiden Seiten ein MOLLE-System auf, das es erm\u00f6glicht, die ThermaCELL\u00ae-Tasche an beiden Seiten des Trageriemens zu befestigen. Mit einem Gewicht von lediglich einem Pfund und mehreren F\u00e4chern bietet dieser Sling alles Notwendige f\u00fcr [&#8230;]\n","protected":false},"featured_media":246091,"comment_status":"open","ping_status":"closed","template":"","meta":[],"product_brand":[],"product_cat":[1406,1774],"product_tag":[],"class_list":{"0":"post-281660","1":"product","2":"type-product","3":"status-publish","4":"has-post-thumbnail","6":"product_cat-jagdtaschen-und-rucksacke","7":"product_cat-jagd-rucksacke","9":"first","10":"outofstock","11":"taxable","12":"shipping-taxable","13":"purchasable","14":"product-type-simple"},"composite_virtual":false,"composite_layout":"","composite_add_to_cart_form_location":"","composite_editable_in_cart":false,"composite_sold_individually_context":"","composite_shop_price_calc":"","composite_components":[],"composite_scenarios":[],"group_of_quantity":0,"min_quantity":0,"max_quantity":"","exclude_order_quantity_value_rules":"no","exclude_category_quantity_rules":"no","combine_variations":"no","exclude_global_add_ons":[],"addons":[],"_links":{"self":[{"href":"https:\/\/www.huntersfriend.eu\/de\/wp-json\/wp\/v2\/product\/281660","targetHints":{"allow":["GET"]}}],"collection":[{"href":"https:\/\/www.huntersfriend.eu\/de\/wp-json\/wp\/v2\/product"}],"about":[{"href":"https:\/\/www.huntersfriend.eu\/de\/wp-json\/wp\/v2\/types\/product"}],"replies":[{"embeddable":true,"href":"https:\/\/www.huntersfriend.eu\/de\/wp-json\/wp\/v2\/comments?post=281660"}],"wp:featuredmedia":[{"embeddable":true,"href":"https:\/\/www.huntersfriend.eu\/de\/wp-json\/wp\/v2\/media\/246091"}],"wp:attachment":[{"href":"https:\/\/www.huntersfriend.eu\/de\/wp-json\/wp\/v2\/media?parent=281660"}],"wp:term":[{"taxonomy":"product_brand","embeddable":true,"href":"https:\/\/www.huntersfriend.eu\/de\/wp-json\/wp\/v2\/product_brand?post=281660"},{"taxonomy":"product_cat","embeddable":true,"href":"https:\/\/www.huntersfriend.eu\/de\/wp-json\/wp\/v2\/product_cat?post=281660"},{"taxonomy":"product_tag","embeddable":true,"href":"https:\/\/www.huntersfriend.eu\/de\/wp-json\/wp\/v2\/product_tag?post=281660"}],"curies":[{"name":"wp","href":"https:\/\/api.w.org\/{rel}","templated":true}]}}