{"id":281659,"date":"2023-03-16T13:15:19","date_gmt":"2025-06-23T10:23:09","guid":{"rendered":"https:\/\/www.huntersfriend.eu\/product\/alps-outdoorz-covert-2-0\/"},"modified":"2026-02-25T10:36:31","modified_gmt":"2026-02-25T08:36:31","slug":"alps-outdoorz-covert-2-0","status":"publish","type":"product","link":"https:\/\/www.huntersfriend.eu\/de\/produkt\/alps-outdoorz-covert-2-0\/","title":{"rendered":"Alps outdoorz covert 2.0"},"content":{"rendered":"<p>Farbe &#8211; Realtree Edge<\/p>\n<p>Der Covert-Rucksack wurde f\u00fcr Komfort und Vielseitigkeit entwickelt. Von der Gro\u00dfwildjagd bis zur Wasserwildjagd und allem dazwischen ist der Covert perfekt f\u00fcr den J\u00e4ger, der leicht packen, aber dennoch essentielle Ausr\u00fcstung mitf\u00fchren m\u00f6chte. <\/p>\n<p>Komfort steht beim Covert-Rucksack an oberster Stelle. Der breite und gepolsterte H\u00fcftgurt ist vollst\u00e4ndig verstellbar und so konzipiert, dass er das Gewicht um den Torso verteilt. F\u00fcr Komfort bei kaltem Wetter k\u00f6nnen Sie den Rucksack vor Ihrem Oberk\u00f6rper platzieren und den integrierten Handw\u00e4rmer-Kanal zwischen dem Gurt und dem Hauptfach nutzen.  <\/p>\n<p>F\u00fcr die prim\u00e4re Aufbewahrung von Ausr\u00fcstung verf\u00fcgt der Covert \u00fcber ein gro\u00dfz\u00fcgiges Hauptfach mit 8L\/500in<sup>3<\/sup>. Um die Ausr\u00fcstung organisiert und leicht zug\u00e4nglich zu halten, enth\u00e4lt das Hauptfach mit Rei\u00dfverschluss oben mehrere Aufbewahrungstaschen, die ideal f\u00fcr die sichere Aufbewahrung von Messern, Lampen, Ersatzbatterien, Schl\u00fcsseln und anderen kleinen Gegenst\u00e4nden sind. F\u00fcr schnell zu erreichende Gegenst\u00e4nde ist der Covert mit einer kleinen Rei\u00dfverschlusstasche auf der linken und rechten Seite des H\u00fcftgurts ausgestattet. Zus\u00e4tzlich gibt es ein gesichertes Aufbewahrungsfach auf der rechten Seite des Rucksacks, das perfekt f\u00fcr einen Entfernungsmesser geeignet ist, und eine Wasserflaschentasche auf der gegen\u00fcberliegenden Seite des Rucksacks. Eine durchsichtige Smartphone-Tasche am Deckel des Hauptfachs bietet eine sichere Aufbewahrung f\u00fcr Ihr mobiles Ger\u00e4t.    <\/p>\n<p>Schlie\u00dflich bieten zus\u00e4tzliche Befestigungspunkte und ein duales Schnellverschluss-System mit Schnallen und Riemen eine sichere Befestigung f\u00fcr zus\u00e4tzliche Ausr\u00fcstung oder Kleidung.<\/p>\n<p>\u2022 Lendenwirbels\u00e4ulen-Rucksack mit integrierter, verborgener, erweiterbarer Handw\u00e4rmertasche<\/p>\n<p>\u2022 Das Hauptfach mit internen Organisationstaschen eignet sich hervorragend f\u00fcr den passionierten Wei\u00dfwedelhirschj\u00e4ger<\/p>\n<p>\u2022 Durchsichtige Smartphone-Tasche innerhalb des Hauptfachs<\/p>\n<p>\u2022 Seitliche Wasserflaschentasche und seitliche Aufbewahrungstasche<\/p>\n<p>\u2022 Fach zum Hinzuf\u00fcgen von Handw\u00e4rmern<\/p>\n<p>\u2022 Externe Befestigungspunkte und Befestigungsriemen f\u00fcr zus\u00e4tzliche Ausr\u00fcstung<\/p>\n<p>\u2022 Zwei H\u00fcftgurttaschen<\/p>\n<p>\u2022 Strapazierf\u00e4higes und leises geb\u00fcrstetes Trikot-Au\u00dfenmaterial<\/p>\n<table border=\"3\">\n<tbody>\n<tr align=\"CENTER\">\n<td><b>Kapazit\u00e4t<\/b><\/td>\n<td>500 in\u00b3 \/ 8 L<\/td>\n<\/tr>\n<tr align=\"CENTER\">\n<td><b>Hauptfach-Abmessungen<\/b><\/td>\n<td>7&#8243; H x 12&#8243; B x 4&#8243; T<\/td>\n<\/tr>\n<tr align=\"CENTER\">\n<td><b>H\u00fcftgurtl\u00e4nge<\/b><\/td>\n<td>31 \u201e- 58\u201c<\/td>\n<\/tr>\n<tr align=\"CENTER\">\n<td><b>Gewicht<\/b><\/td>\n<td>0,79 kg <\/td>\n<\/tr>\n<\/tbody>\n<\/table>\n","protected":false},"excerpt":{"rendered":"<p>Farbe &#8211; Realtree Edge Der Covert-Rucksack wurde f\u00fcr Komfort und Vielseitigkeit entwickelt. Von der Gro\u00dfwildjagd bis zur Wasserwildjagd und allem dazwischen ist der Covert perfekt f\u00fcr den J\u00e4ger, der leicht packen, aber dennoch essentielle Ausr\u00fcstung mitf\u00fchren m\u00f6chte. Komfort steht beim Covert-Rucksack an oberster Stelle. Der breite und gepolsterte H\u00fcftgurt ist vollst\u00e4ndig verstellbar und so konzipiert, [&#8230;]\n","protected":false},"featured_media":246187,"comment_status":"open","ping_status":"closed","template":"","meta":[],"product_brand":[],"product_cat":[2565,2566,1496],"product_tag":[],"class_list":{"0":"post-281659","1":"product","2":"type-product","3":"status-publish","4":"has-post-thumbnail","6":"product_cat-jaktryggsackar","7":"product_cat-jaktvaskor","8":"product_cat-hunting-bags","9":"product_shipping_class-medium-de","11":"first","12":"instock","13":"taxable","14":"shipping-taxable","15":"purchasable","16":"product-type-simple"},"composite_virtual":false,"composite_layout":"","composite_add_to_cart_form_location":"","composite_editable_in_cart":false,"composite_sold_individually_context":"","composite_shop_price_calc":"","composite_components":[],"composite_scenarios":[],"group_of_quantity":0,"min_quantity":0,"max_quantity":"","exclude_order_quantity_value_rules":"no","exclude_category_quantity_rules":"no","combine_variations":"no","exclude_global_add_ons":[],"addons":[],"_links":{"self":[{"href":"https:\/\/www.huntersfriend.eu\/de\/wp-json\/wp\/v2\/product\/281659","targetHints":{"allow":["GET"]}}],"collection":[{"href":"https:\/\/www.huntersfriend.eu\/de\/wp-json\/wp\/v2\/product"}],"about":[{"href":"https:\/\/www.huntersfriend.eu\/de\/wp-json\/wp\/v2\/types\/product"}],"replies":[{"embeddable":true,"href":"https:\/\/www.huntersfriend.eu\/de\/wp-json\/wp\/v2\/comments?post=281659"}],"wp:featuredmedia":[{"embeddable":true,"href":"https:\/\/www.huntersfriend.eu\/de\/wp-json\/wp\/v2\/media\/246187"}],"wp:attachment":[{"href":"https:\/\/www.huntersfriend.eu\/de\/wp-json\/wp\/v2\/media?parent=281659"}],"wp:term":[{"taxonomy":"product_brand","embeddable":true,"href":"https:\/\/www.huntersfriend.eu\/de\/wp-json\/wp\/v2\/product_brand?post=281659"},{"taxonomy":"product_cat","embeddable":true,"href":"https:\/\/www.huntersfriend.eu\/de\/wp-json\/wp\/v2\/product_cat?post=281659"},{"taxonomy":"product_tag","embeddable":true,"href":"https:\/\/www.huntersfriend.eu\/de\/wp-json\/wp\/v2\/product_tag?post=281659"}],"curies":[{"name":"wp","href":"https:\/\/api.w.org\/{rel}","templated":true}]}}