{"id":281658,"date":"2023-03-16T13:15:18","date_gmt":"2025-06-23T10:23:06","guid":{"rendered":"https:\/\/www.huntersfriend.eu\/product\/alps-outdoorz-zubehoer-lockinstrument-wildbeutel\/"},"modified":"2025-11-19T10:43:25","modified_gmt":"2025-11-19T08:43:25","slug":"alps-outdoorz-zubehoer-lockinstrument-wildbeutel","status":"publish","type":"product","link":"https:\/\/www.huntersfriend.eu\/de\/produkt\/alps-outdoorz-zubehoer-lockinstrument-wildbeutel\/","title":{"rendered":"Alps outdoorz Zubeh\u00f6r Lockinstrument &amp; Wildbeutel"},"content":{"rendered":"<p>Farbe &#8211; Realtree Edge<\/p>\n<p>Lockinstrument-Taschen \/ Wildbeutel &#8212; Verf\u00fcgen Sie \u00fcber Raubwildlocker, Reibungslocker, Schl\u00e4ger, Zwerchfelllocker, Ortungslocker und einen Kastenschl\u00e4ger? Es klingt, als ben\u00f6tigten Sie eine Lockinstrument-Tasche, um all diese sicher und organisiert aufzubewahren. Mit der ALPS OutdoorZ Truthahn-Lockinstrument-Tasche werden Ihre Lockinstrumente stets griffbereit sein, wenn Sie sie ben\u00f6tigen. Zudem erhalten Sie einen abnehmbaren Wildbeutel, der sich hervorragend zum Transport von K\u00f6dern oder Ihrem erlegten Wild eignet. Der Wildbeutel verf\u00fcgt \u00fcber einen signalorangefarbenen Streifen, der Ihnen zus\u00e4tzliche Sichtbarkeit verleiht, sollten Sie diese ben\u00f6tigen. Die Truthahn-Lockinstrument-Taschen \/ Wildbeutel sind kompatibel mit den Rucks\u00e4cken <a href=\"https:\/\/alpsoutdoorz.com\/modular-lumbar-pack-little-bear.html\">Little Bear<\/a>, <a href=\"https:\/\/alpsoutdoorz.com\/expandable-day-pack-big-bear.html\">Big Bear<\/a> und <a href=\"https:\/\/alpsoutdoorz.com\/expandable-day-pack-pathfinder.html\">Pathfinder<\/a>.     <\/p>\n<p>\u2022 Zwei Taschen f\u00fcr Reibungslocker\/kleine Ferngl\u00e4ser<\/p>\n<p>\u2022 Drei Halterungen f\u00fcr Schl\u00e4ger<\/p>\n<p>\u2022 Zwei Taschen f\u00fcr Zwerchfelllocker<\/p>\n<p>\u2022 Zwei Halterungen f\u00fcr Ortungslocker<\/p>\n<p>\u2022 Eine Halterung f\u00fcr Kastenschl\u00e4ger<\/p>\n<p>\u2022 Passt gut zu <a href=\"https:\/\/alpsoutdoorz.com\/modular-lumbar-pack-little-bear.html\">Little Bear<\/a>, <a href=\"https:\/\/alpsoutdoorz.com\/expandable-day-pack-big-bear.html\">Big Bear<\/a> oder <a href=\"https:\/\/alpsoutdoorz.com\/expandable-day-pack-pathfinder.html\">Pathfinder<\/a><\/p>\n<table border=\"3\">\n<tbody>\n<tr align=\"CENTER\">\n<td><b>Abmessungen des Wildbeutels<\/b><\/td>\n<td>50,8 cm H x 38,1 cm B x 17,8 cm T<\/td>\n<\/tr>\n<tr align=\"CENTER\">\n<td><b>Abmessungen der Lockinstrument-Tasche<\/b><\/td>\n<td>26,7 cm H x 12,7 cm B x 6,35 cm T<\/td>\n<\/tr>\n<tr align=\"CENTER\">\n<td><b>Produktgewicht<\/b><\/td>\n<td>283,5 g<\/td>\n<\/tr>\n<\/tbody>\n<\/table>\n","protected":false},"excerpt":{"rendered":"<p>Farbe &#8211; Realtree Edge Lockinstrument-Taschen \/ Wildbeutel &#8212; Verf\u00fcgen Sie \u00fcber Raubwildlocker, Reibungslocker, Schl\u00e4ger, Zwerchfelllocker, Ortungslocker und einen Kastenschl\u00e4ger? Es klingt, als ben\u00f6tigten Sie eine Lockinstrument-Tasche, um all diese sicher und organisiert aufzubewahren. Mit der ALPS OutdoorZ Truthahn-Lockinstrument-Tasche werden Ihre Lockinstrumente stets griffbereit sein, wenn Sie sie ben\u00f6tigen. Zudem erhalten Sie einen abnehmbaren Wildbeutel, der [&#8230;]\n","protected":false},"featured_media":246203,"comment_status":"open","ping_status":"closed","template":"","meta":[],"product_brand":[],"product_cat":[1774],"product_tag":[],"class_list":{"0":"post-281658","1":"product","2":"type-product","3":"status-publish","4":"has-post-thumbnail","6":"product_cat-jagd-rucksacke","8":"first","9":"instock","10":"taxable","11":"shipping-taxable","12":"purchasable","13":"product-type-simple"},"composite_virtual":false,"composite_layout":"","composite_add_to_cart_form_location":"","composite_editable_in_cart":false,"composite_sold_individually_context":"","composite_shop_price_calc":"","composite_components":[],"composite_scenarios":[],"group_of_quantity":0,"min_quantity":0,"max_quantity":"","exclude_order_quantity_value_rules":"no","exclude_category_quantity_rules":"no","combine_variations":"no","exclude_global_add_ons":[],"addons":[],"_links":{"self":[{"href":"https:\/\/www.huntersfriend.eu\/de\/wp-json\/wp\/v2\/product\/281658","targetHints":{"allow":["GET"]}}],"collection":[{"href":"https:\/\/www.huntersfriend.eu\/de\/wp-json\/wp\/v2\/product"}],"about":[{"href":"https:\/\/www.huntersfriend.eu\/de\/wp-json\/wp\/v2\/types\/product"}],"replies":[{"embeddable":true,"href":"https:\/\/www.huntersfriend.eu\/de\/wp-json\/wp\/v2\/comments?post=281658"}],"wp:featuredmedia":[{"embeddable":true,"href":"https:\/\/www.huntersfriend.eu\/de\/wp-json\/wp\/v2\/media\/246203"}],"wp:attachment":[{"href":"https:\/\/www.huntersfriend.eu\/de\/wp-json\/wp\/v2\/media?parent=281658"}],"wp:term":[{"taxonomy":"product_brand","embeddable":true,"href":"https:\/\/www.huntersfriend.eu\/de\/wp-json\/wp\/v2\/product_brand?post=281658"},{"taxonomy":"product_cat","embeddable":true,"href":"https:\/\/www.huntersfriend.eu\/de\/wp-json\/wp\/v2\/product_cat?post=281658"},{"taxonomy":"product_tag","embeddable":true,"href":"https:\/\/www.huntersfriend.eu\/de\/wp-json\/wp\/v2\/product_tag?post=281658"}],"curies":[{"name":"wp","href":"https:\/\/api.w.org\/{rel}","templated":true}]}}