{"id":281657,"date":"2023-03-16T13:15:12","date_gmt":"2025-06-23T10:23:06","guid":{"rendered":"https:\/\/www.huntersfriend.eu\/product\/alps-outdoorz-elite-1800-rucksack-gestell\/"},"modified":"2025-11-19T10:43:24","modified_gmt":"2025-11-19T08:43:24","slug":"alps-outdoorz-elite-1800-rucksack-gestell","status":"publish","type":"product","link":"https:\/\/www.huntersfriend.eu\/de\/produkt\/alps-outdoorz-elite-1800-rucksack-gestell\/","title":{"rendered":"Alps outdoorz elite 1800 Rucksack + Gestell"},"content":{"rendered":"<p>Farbe &#8211; Steingrau<\/p>\n<p>Der Elite 1800 ist Ihr Rucksack der Wahl f\u00fcr kurze Reisen oder ultraleichte Biwaks. Das Hauptfach verf\u00fcgt \u00fcber Rei\u00dfverschl\u00fcsse entlang beider Seiten des Rucksacks, sodass das Fach vollst\u00e4ndig ge\u00f6ffnet werden kann, um auf Gegenst\u00e4nde \u00fcberall in der Tasche zuzugreifen, ohne \u201eherumw\u00fchlen\u201c und Ausr\u00fcstung herausziehen zu m\u00fcssen (im Gegensatz zu typischen Toploader-Taschen). Im Hauptfach befinden sich f\u00fcnf Netztaschen, um kleinere Gegenst\u00e4nde organisiert und leicht erreichbar aufzubewahren. Zus\u00e4tzlich verf\u00fcgen die Taschen \u00fcber ein Rei\u00dfverschlussfach oben f\u00fcr die Aufbewahrung von schnell zug\u00e4nglichen Gegenst\u00e4nden und drei \u00e4u\u00dfere Stretch-Stofftaschen mit Schnallenverstellriemen zur Sicherung gr\u00f6\u00dferer, unhandlicherer Gegenst\u00e4nde.   <\/p>\n<p>Der Elite-Rahmen und die Packtasche verdanken ihre Leichtigkeit und \u201eabenteuerbereit\u201c Robustheit dem 500D Cordura-Gewebe. Dieses leichte Material ist au\u00dfergew\u00f6hnlich stark und abriebfest und ist PU-beschichtet, um es hochgradig wasserdicht und schnell trocknend zu machen. Dieses System wurde so konzipiert, dass der Rahmen als eigenst\u00e4ndige L\u00f6sung zum Transport von Fleisch oder mit der Packtasche verwendet werden kann, um den spezifischen Bed\u00fcrfnissen von Wildnisj\u00e4gern gerecht zu werden.  <\/p>\n<p>\u2022 <a href=\"https:\/\/alpsoutdoorz.com\/media\/wysiwyg\/media\/Elite_2023_golden_bullseye_award.pdf\">2023 NRA Golden Bullseye Award<\/a><\/p>\n<p>\u2022 <a href=\"https:\/\/alpsoutdoorz.com\/media\/wysiwyg\/PHEliteAward.pdf\">Petersen&#8217;s Hunting Redaktionswahl<\/a><\/p>\n<p>\u2022 Das neu konstruierte, ergonomische Design des Elite-Rahmens nutzt<br \/>\neinen hochleistungsf\u00e4higen thermoplastischen Verbundwerkstoff, um<br \/>\n<b>30% weniger Gewicht UND 30% mehr Festigkeit<\/b><br \/>\nim Vergleich zu unserem bestehenden, branchenerprobten Rahmen zu erreichen<\/p>\n<p>\u2022 500D Nylon CORDURA\u00ae ist PU-beschichtet und hochgradig wasserabweisend<\/p>\n<p>\u2022 Konturiertes Lumbaldesign verspricht ELITE-NIVEAU-Unterst\u00fctzung und Komfort<\/p>\n<p>\u2022 Ultraleise, atmungsaktive 3D-Luftmaschensuspension mit rutschfestem Lumbalpolster<\/p>\n<p>\u2022 Integriertes, hochgradig verstellbares Laschen-System<\/p>\n<p>\u2022 Abnehmbare Schultergurte bieten vielseitige 6-Positionen-Torso-Anpassung<\/p>\n<p>\u2022 MOLLE-System am H\u00fcftg\u00fcrtel mit abnehmbaren H\u00fcfttaschen erm\u00f6glicht maximale Anpassung<\/p>\n<p>\u2022 Lastenheber und Anti-Schwank-H\u00fcftgurtriemen<\/p>\n<p>\u2022 2 Verl\u00e4ngerungslaschen inklusive<\/p>\n<p>\u2022 Rucksacktasche wird mittels einer Reihe von Kompressionsriemen am Rahmen befestigt<\/p>\n<p>\u2022 Rei\u00dfverschluss f\u00fcr vollst\u00e4ndigen Zugang zum Hauptfach<\/p>\n<p>\u2022 Ger\u00e4umiges Hauptfach verf\u00fcgt \u00fcber 5 Netzorganisationstaschen<\/p>\n<p>\u2022 Obere Rei\u00dfverschlusstasche sichert schnellen Zugang zu Wertsachen oder anderer leichter Ausr\u00fcstung<\/p>\n<p>\u2022 Hydratationskompatibel mit zwei seitlichen Ausgangs\u00f6ffnungen<\/p>\n<p>\u2022 Herunterklappbare Tasche f\u00fcr Gewehr und Bogen<\/p>\n<p>\u2022 Packtasche verf\u00fcgt \u00fcber seitliche Kompressionsriemen und einen oberen Kompressionsriemen<\/p>\n<p>\u2022 3 Kompressionstaschen<\/p>\n<p>\u2022 Die Regenabdeckung ist ordentlich in einer Rei\u00dfverschlusstasche am Boden des Rucksacks verstaut, bis sie ben\u00f6tigt wird<\/p>\n<table border=\"3\">\n<tbody>\n<tr align=\"CENTER\">\n<td><b>Fassungsverm\u00f6gen<\/b><\/td>\n<td>1800 in\u00b3 \/ 30 L<\/td>\n<\/tr>\n<tr align=\"CENTER\">\n<td><b>Rahmenabmessungen<\/b><\/td>\n<td>24 \u201eH x 12,5\u201c B<\/td>\n<\/tr>\n<tr align=\"CENTER\">\n<td><b>Hauptfachabmessungen<\/b><\/td>\n<td>20&#8243; H x 10,5&#8243; B x 7,5&#8243; T<\/td>\n<\/tr>\n<tr align=\"CENTER\">\n<td><b>Torsobereich<\/b><\/td>\n<td>14 \u201e- 20\u201c<\/td>\n<\/tr>\n<tr align=\"CENTER\">\n<td><b>Standardgr\u00f6\u00dfe des H\u00fcftgurts<\/b><\/td>\n<td>31 \u201e- 55\u201c<\/td>\n<\/tr>\n<tr align=\"CENTER\">\n<td><b>Minimalgewicht<\/b><\/td>\n<td>5 lbs. 2 oz. <\/td>\n<\/tr>\n<\/tbody>\n<\/table>\n","protected":false},"excerpt":{"rendered":"<p>Farbe &#8211; Steingrau Der Elite 1800 ist Ihr Rucksack der Wahl f\u00fcr kurze Reisen oder ultraleichte Biwaks. Das Hauptfach verf\u00fcgt \u00fcber Rei\u00dfverschl\u00fcsse entlang beider Seiten des Rucksacks, sodass das Fach vollst\u00e4ndig ge\u00f6ffnet werden kann, um auf Gegenst\u00e4nde \u00fcberall in der Tasche zuzugreifen, ohne \u201eherumw\u00fchlen\u201c und Ausr\u00fcstung herausziehen zu m\u00fcssen (im Gegensatz zu typischen Toploader-Taschen). Im [&#8230;]\n","protected":false},"featured_media":246316,"comment_status":"open","ping_status":"closed","template":"","meta":[],"product_brand":[],"product_cat":[1407],"product_tag":[],"class_list":{"0":"post-281657","1":"product","2":"type-product","3":"status-publish","4":"has-post-thumbnail","6":"product_cat-jagdrucksacke","7":"product_shipping_class-big-de","9":"first","10":"instock","11":"taxable","12":"shipping-taxable","13":"purchasable","14":"product-type-simple"},"composite_virtual":false,"composite_layout":"","composite_add_to_cart_form_location":"","composite_editable_in_cart":false,"composite_sold_individually_context":"","composite_shop_price_calc":"","composite_components":[],"composite_scenarios":[],"group_of_quantity":0,"min_quantity":0,"max_quantity":"","exclude_order_quantity_value_rules":"no","exclude_category_quantity_rules":"no","combine_variations":"no","exclude_global_add_ons":[],"addons":[],"_links":{"self":[{"href":"https:\/\/www.huntersfriend.eu\/de\/wp-json\/wp\/v2\/product\/281657","targetHints":{"allow":["GET"]}}],"collection":[{"href":"https:\/\/www.huntersfriend.eu\/de\/wp-json\/wp\/v2\/product"}],"about":[{"href":"https:\/\/www.huntersfriend.eu\/de\/wp-json\/wp\/v2\/types\/product"}],"replies":[{"embeddable":true,"href":"https:\/\/www.huntersfriend.eu\/de\/wp-json\/wp\/v2\/comments?post=281657"}],"wp:featuredmedia":[{"embeddable":true,"href":"https:\/\/www.huntersfriend.eu\/de\/wp-json\/wp\/v2\/media\/246316"}],"wp:attachment":[{"href":"https:\/\/www.huntersfriend.eu\/de\/wp-json\/wp\/v2\/media?parent=281657"}],"wp:term":[{"taxonomy":"product_brand","embeddable":true,"href":"https:\/\/www.huntersfriend.eu\/de\/wp-json\/wp\/v2\/product_brand?post=281657"},{"taxonomy":"product_cat","embeddable":true,"href":"https:\/\/www.huntersfriend.eu\/de\/wp-json\/wp\/v2\/product_cat?post=281657"},{"taxonomy":"product_tag","embeddable":true,"href":"https:\/\/www.huntersfriend.eu\/de\/wp-json\/wp\/v2\/product_tag?post=281657"}],"curies":[{"name":"wp","href":"https:\/\/api.w.org\/{rel}","templated":true}]}}