{"id":281656,"date":"2023-03-16T13:15:18","date_gmt":"2023-03-16T11:15:18","guid":{"rendered":"https:\/\/www.huntersfriend.eu\/product\/alps-outdoorz-pathfinder\/"},"modified":"2026-03-18T22:00:23","modified_gmt":"2026-03-18T20:00:23","slug":"alps-outdoorz-pathfinder","status":"publish","type":"product","link":"https:\/\/www.huntersfriend.eu\/de\/produkt\/alps-outdoorz-pathfinder\/","title":{"rendered":"Alps outdoorz pathfinder"},"content":{"rendered":"<p>Farbe &#8211; Realtree Edge<\/p>\n<p>Ben\u00f6tigen Sie einen Rucksack f\u00fcr den Transport von K\u00f6dern, Ausr\u00fcstung und zus\u00e4tzlicher Regenkleidung? M\u00f6chten Sie einen Bogen mitnehmen? Ben\u00f6tigen Sie eine H\u00fcfttasche? Wie w\u00e4re es auch mit einem Tagesrucksack? Und Sie m\u00f6chten zudem Ihr erlegtes Wild abtransportieren? Niemand m\u00f6chte f\u00fcnf verschiedene Rucks\u00e4cke f\u00fcr all diese unterschiedlichen Anforderungen erwerben, weshalb ALPS OutdoorZ Ihnen einen Rucksack pr\u00e4sentiert, der all Ihre jagdlichen Bed\u00fcrfnisse in einem einzigen Produkt vereint &#8211; lassen Sie uns Ihnen unseren bisher vielseitigsten Rucksack vorstellen: den Pathfinder. Der Pathfinder wurde von J\u00e4gern f\u00fcr J\u00e4ger konzipiert. Beim Erkunden des Gel\u00e4ndes oder auf dem Weg zum Hochsitz ist der H\u00fcfttaschenmodus ideal, um das Wesentliche mitzuf\u00fchren. Ein komfortabel gepolsterter H\u00fcftgurt und ein Schultergurtsystem sorgen f\u00fcr einen angenehmen Tragekomfort des Pathfinders und helfen bei der Gewichtsverteilung. Wenn mehr Stauraum ben\u00f6tigt wird, k\u00f6nnen Sie einfach den Tagesrucksackmodus aus der H\u00fcfttasche ausrollen und erhalten so zus\u00e4tzliche 1100 Kubikzoll Platz. Sobald der Tagesrucksackmodus aktiviert ist, haben Sie die Option, den Pathfinder im Transportmodus oder im Bogentransportmodus zu verwenden. Der Transportmodus verf\u00fcgt \u00fcber zus\u00e4tzliches Material und Riemen, die zusammenwirken, um weiteren Raum f\u00fcr zus\u00e4tzliche Ausr\u00fcstung zu schaffen. Nicht zuletzt gibt es eine Bogentasche, die f\u00fcr eine Vielzahl von Compoundb\u00f6gen geeignet ist. Sobald der Bogen mit den Befestigungsriemen gesichert ist, ist er sicher verstaut und Ihre H\u00e4nde bleiben frei! Ein weiteres hervorragendes Merkmal dieses Rucksacks ist seine Kompatibilit\u00e4t mit den Zubeh\u00f6rtaschen (Fernglastasche und Jagdrufertaschen), sodass Sie die Taschen vorne am Tragesystem befestigen und Ihre wichtigste Ausr\u00fcstung griffbereit haben k\u00f6nnen, wenn Sie sie ben\u00f6tigen. Die Zubeh\u00f6rtaschen sind ebenfalls mit dem <a href=\"https:\/\/alpsoutdoorz.com\/modular-lumbar-pack-little-bear.html\">Little Bear<\/a> und <a href=\"https:\/\/alpsoutdoorz.com\/expandable-day-pack-big-bear.html\">Big Bear<\/a> kompatibel.               <\/p>\n<p>\u2022 Universelles Design, das f\u00fcr eine Vielzahl von Compoundb\u00f6gen geeignet ist<\/p>\n<p>\u2022 Herunterklappbare Tasche f\u00fcr den sicheren Transport von Gewehr oder Bogen<\/p>\n<p>\u2022 Tragesystem konzipiert f\u00fcr zus\u00e4tzliche Ausr\u00fcstung<\/p>\n<p>\u2022 Entwickelt, um schwere Lasten sicher und komfortabel zu transportieren<\/p>\n<p>\u2022 Zus\u00e4tzliche Befestigungsriemen f\u00fcr besonders gro\u00dfe Ladungen inbegriffen<\/p>\n<p>\u2022 Lendentasche erweitert sich zum Tagesrucksack<\/p>\n<p>\u2022 Hydrationssystem-kompatibel<\/p>\n<p>\u2022 Verstellbares Schultergurtsystem<\/p>\n<p>\u2022 Kompatibel mit <a href=\"https:\/\/alpsoutdoorz.com\/accessory-binocular-pocket.html\">Zubeh\u00f6r-Fernglastasche<\/a> und <a href=\"https:\/\/alpsoutdoorz.com\/accessory-call-pockets.html\">Zubeh\u00f6r-Jagdruftaschen<\/a> (separat erh\u00e4ltlich)<\/p>\n<p>\u2022 Gepolsterter H\u00fcftgurt mit leicht zug\u00e4nglichen Taschen<\/p>\n<p>\u2022 Hauptfach, zwei Seitentaschen, eine Vordertasche und eine Tagesrucksacktasche<\/p>\n<table border=\"3\">\n<tbody>\n<tr align=\"CENTER\">\n<td><b>Gesamtkapazit\u00e4t<\/b><\/td>\n<td>2700 in\u00b3 \/ 44 L<\/td>\n<\/tr>\n<tr align=\"CENTER\">\n<td><b>H\u00fcfttaschenkapazit\u00e4t<\/b><\/td>\n<td>800 in\u00b3 \/ 13 L<\/td>\n<\/tr>\n<tr align=\"CENTER\">\n<td><b>Kapazit\u00e4t des Tagesrucksacks<\/b><\/td>\n<td>1900 in\u00b3 \/ 31 L<\/td>\n<\/tr>\n<tr align=\"CENTER\">\n<td><b>H\u00fcfttaschenabmessungen<\/b><\/td>\n<td>22,9 cm H x 34,3 cm B x 15,2 cm T<\/td>\n<\/tr>\n<tr align=\"CENTER\">\n<td><b>Tagesrucksackabmessungen<\/b><\/td>\n<td>38,1 cm H x 34,3 cm B x 15,2 cm T<\/td>\n<\/tr>\n<tr align=\"CENTER\">\n<td><b>H\u00fcftgurtbereich<\/b><\/td>\n<td>81,3 cm \u201e- 142,2 cm\u201c<\/td>\n<\/tr>\n<tr align=\"CENTER\">\n<td><b>Gesamtgewicht<\/b><\/td>\n<td>2,27 kg<\/td>\n<\/tr>\n<\/tbody>\n<\/table>\n","protected":false},"excerpt":{"rendered":"<p>Farbe &#8211; Realtree Edge Ben\u00f6tigen Sie einen Rucksack f\u00fcr den Transport von K\u00f6dern, Ausr\u00fcstung und zus\u00e4tzlicher Regenkleidung? M\u00f6chten Sie einen Bogen mitnehmen? Ben\u00f6tigen Sie eine H\u00fcfttasche? Wie w\u00e4re es auch mit einem Tagesrucksack? Und Sie m\u00f6chten zudem Ihr erlegtes Wild abtransportieren? Niemand m\u00f6chte f\u00fcnf verschiedene Rucks\u00e4cke f\u00fcr all diese unterschiedlichen Anforderungen erwerben, weshalb ALPS OutdoorZ [&#8230;]\n","protected":false},"featured_media":246214,"comment_status":"open","ping_status":"closed","template":"","meta":[],"product_brand":[],"product_cat":[1774],"product_tag":[],"class_list":{"0":"post-281656","1":"product","2":"type-product","3":"status-publish","4":"has-post-thumbnail","6":"product_cat-jagd-rucksacke","8":"first","9":"instock","10":"taxable","11":"shipping-taxable","12":"purchasable","13":"product-type-simple"},"composite_virtual":false,"composite_layout":"","composite_add_to_cart_form_location":"","composite_editable_in_cart":false,"composite_sold_individually_context":"","composite_shop_price_calc":"","composite_components":[],"composite_scenarios":[],"group_of_quantity":0,"min_quantity":0,"max_quantity":"","exclude_order_quantity_value_rules":"no","exclude_category_quantity_rules":"no","combine_variations":"no","exclude_global_add_ons":[],"addons":[],"_links":{"self":[{"href":"https:\/\/www.huntersfriend.eu\/de\/wp-json\/wp\/v2\/product\/281656","targetHints":{"allow":["GET"]}}],"collection":[{"href":"https:\/\/www.huntersfriend.eu\/de\/wp-json\/wp\/v2\/product"}],"about":[{"href":"https:\/\/www.huntersfriend.eu\/de\/wp-json\/wp\/v2\/types\/product"}],"replies":[{"embeddable":true,"href":"https:\/\/www.huntersfriend.eu\/de\/wp-json\/wp\/v2\/comments?post=281656"}],"wp:featuredmedia":[{"embeddable":true,"href":"https:\/\/www.huntersfriend.eu\/de\/wp-json\/wp\/v2\/media\/246214"}],"wp:attachment":[{"href":"https:\/\/www.huntersfriend.eu\/de\/wp-json\/wp\/v2\/media?parent=281656"}],"wp:term":[{"taxonomy":"product_brand","embeddable":true,"href":"https:\/\/www.huntersfriend.eu\/de\/wp-json\/wp\/v2\/product_brand?post=281656"},{"taxonomy":"product_cat","embeddable":true,"href":"https:\/\/www.huntersfriend.eu\/de\/wp-json\/wp\/v2\/product_cat?post=281656"},{"taxonomy":"product_tag","embeddable":true,"href":"https:\/\/www.huntersfriend.eu\/de\/wp-json\/wp\/v2\/product_tag?post=281656"}],"curies":[{"name":"wp","href":"https:\/\/api.w.org\/{rel}","templated":true}]}}