{"id":281653,"date":"2023-03-16T13:15:17","date_gmt":"2023-03-16T11:15:17","guid":{"rendered":"https:\/\/www.huntersfriend.eu\/product\/alps-outdoorz-big-bear\/"},"modified":"2026-03-18T22:00:23","modified_gmt":"2026-03-18T20:00:23","slug":"alps-outdoorz-big-bear","status":"publish","type":"product","link":"https:\/\/www.huntersfriend.eu\/de\/produkt\/alps-outdoorz-big-bear\/","title":{"rendered":"Alps outdoorz Big Bear"},"content":{"rendered":"<p>Farbe &#8211; Realtree Edge<\/p>\n<p>Der Big Bear ist unser bisher modularster Rucksack &#8211; er kann als H\u00fcfttasche, Tagesrucksack oder beides verwendet werden! Die H\u00fcfttasche verf\u00fcgt \u00fcber einen gro\u00dfen erweiterbaren Tagesrucksack, der sich aus der H\u00fcfttasche heraus entfaltet und Ihnen zus\u00e4tzliche 1.900 Kubikzoll Stauraum bietet. Wenn Sie nur einen kurzen Ausflug unternehmen und lediglich die Kapazit\u00e4t der H\u00fcfttasche ben\u00f6tigen, kann der erweiterbare Tagesrucksack-Bereich verstaut werden. Sie k\u00f6nnen auch optionale Taschen an der Vorderseite des Schultergurts befestigen. Es gibt eine Fernglastasche oder eine Jagdruf-Tasche, die am Gurt unseres Big Bear-Rucksacks befestigt werden kann. Diese Taschen sind auch mit dem Little Bear kompatibel. Die H\u00fcfttasche verf\u00fcgt \u00fcber ein gro\u00dfes Hauptfach, 2 Seitentaschen und eine Vordertasche, die Ihnen ausreichend Platz bieten, um Ihre Ausr\u00fcstung zu organisieren. Der Big Bear wird mit einem gepolsterten, abnehmbaren H\u00fcftgurt geliefert, der \u00fcber eine leicht zug\u00e4ngliche Tasche verf\u00fcgt, um Ihre kleineren Gegenst\u00e4nde griffbereit zu halten. Mit so vielen Optionen und Verwendungsm\u00f6glichkeiten wird der Big Bear sicherlich schnell zu Ihrem Lieblingsrucksack werden.        <\/p>\n<p>\u2022 <a href=\"https:\/\/alpsoutdoorz.com\/media\/wysiwyg\/Big_Bear_Pack_-_Field_and_Stream.pdf\">Field &amp; Stream &#8211; Bester Jagd-Tagesrucksack<\/a><\/p>\n<p>\u2022 Zwei Rucks\u00e4cke in einem<\/p>\n<p>\u2022 Lendentasche erweitert sich zum Tagesrucksack<\/p>\n<p>\u2022 Verstellbares Schultergurtsystem<\/p>\n<p>\u2022 Kompatibel mit <a href=\"https:\/\/alpsoutdoorz.com\/accessory-binocular-pocket.html\">Zubeh\u00f6r-Fernglastasche<\/a> und <a href=\"https:\/\/alpsoutdoorz.com\/accessory-call-pockets.html\">Zubeh\u00f6r-Jagdruftaschen<\/a> (separat erh\u00e4ltlich)<\/p>\n<p>\u2022 Gepolsterter H\u00fcftgurt mit leicht zug\u00e4nglichen Taschen<\/p>\n<p>\u2022 Hauptfach, zwei seitliche Zubeh\u00f6rtaschen und eine Vordertasche<\/p>\n<table border=\"3\">\n<tbody>\n<tr align=\"CENTER\">\n<td><b>Gesamtkapazit\u00e4t<\/b><\/td>\n<td>2700 in\u00b3 \/ 44 L<\/td>\n<\/tr>\n<tr align=\"CENTER\">\n<td><b>Kapazit\u00e4t der Lendentasche<\/b><\/td>\n<td>800 in\u00b3 \/ 13 L<\/td>\n<\/tr>\n<tr align=\"CENTER\">\n<td><b>Kapazit\u00e4t des Tagesrucksacks<\/b><\/td>\n<td>1900 in\u00b3 \/ 31 L<\/td>\n<\/tr>\n<tr align=\"CENTER\">\n<td><b>Abmessungen der Lendentasche<\/b><\/td>\n<td>19,05 cm H x 31,75 cm B x 13,97 cm T<\/td>\n<\/tr>\n<tr align=\"CENTER\">\n<td><b>Abmessungen des Tagesrucksacks<\/b><\/td>\n<td>40,64 cm H x 33,02 cm B x 13,97 cm T<\/td>\n<\/tr>\n<tr align=\"CENTER\">\n<td><b>L\u00e4nge des H\u00fcftgurts<\/b><\/td>\n<td>76,2 \u201e- 152,4\u201c<\/td>\n<\/tr>\n<tr align=\"CENTER\">\n<td><b>Gesamtgewicht<\/b><\/td>\n<td>1,42 kg <\/td>\n<\/tr>\n<\/tbody>\n<\/table>\n","protected":false},"excerpt":{"rendered":"<p>Farbe &#8211; Realtree Edge Der Big Bear ist unser bisher modularster Rucksack &#8211; er kann als H\u00fcfttasche, Tagesrucksack oder beides verwendet werden! Die H\u00fcfttasche verf\u00fcgt \u00fcber einen gro\u00dfen erweiterbaren Tagesrucksack, der sich aus der H\u00fcfttasche heraus entfaltet und Ihnen zus\u00e4tzliche 1.900 Kubikzoll Stauraum bietet. Wenn Sie nur einen kurzen Ausflug unternehmen und lediglich die Kapazit\u00e4t [&#8230;]\n","protected":false},"featured_media":246241,"comment_status":"open","ping_status":"closed","template":"","meta":[],"product_brand":[],"product_cat":[1774,1407],"product_tag":[],"class_list":{"0":"post-281653","1":"product","2":"type-product","3":"status-publish","4":"has-post-thumbnail","6":"product_cat-jagd-rucksacke","7":"product_cat-jagdrucksacke","9":"first","10":"instock","11":"taxable","12":"shipping-taxable","13":"purchasable","14":"product-type-simple"},"composite_virtual":false,"composite_layout":"","composite_add_to_cart_form_location":"","composite_editable_in_cart":false,"composite_sold_individually_context":"","composite_shop_price_calc":"","composite_components":[],"composite_scenarios":[],"group_of_quantity":0,"min_quantity":0,"max_quantity":"","exclude_order_quantity_value_rules":"no","exclude_category_quantity_rules":"no","combine_variations":"no","exclude_global_add_ons":[],"addons":[],"_links":{"self":[{"href":"https:\/\/www.huntersfriend.eu\/de\/wp-json\/wp\/v2\/product\/281653","targetHints":{"allow":["GET"]}}],"collection":[{"href":"https:\/\/www.huntersfriend.eu\/de\/wp-json\/wp\/v2\/product"}],"about":[{"href":"https:\/\/www.huntersfriend.eu\/de\/wp-json\/wp\/v2\/types\/product"}],"replies":[{"embeddable":true,"href":"https:\/\/www.huntersfriend.eu\/de\/wp-json\/wp\/v2\/comments?post=281653"}],"wp:featuredmedia":[{"embeddable":true,"href":"https:\/\/www.huntersfriend.eu\/de\/wp-json\/wp\/v2\/media\/246241"}],"wp:attachment":[{"href":"https:\/\/www.huntersfriend.eu\/de\/wp-json\/wp\/v2\/media?parent=281653"}],"wp:term":[{"taxonomy":"product_brand","embeddable":true,"href":"https:\/\/www.huntersfriend.eu\/de\/wp-json\/wp\/v2\/product_brand?post=281653"},{"taxonomy":"product_cat","embeddable":true,"href":"https:\/\/www.huntersfriend.eu\/de\/wp-json\/wp\/v2\/product_cat?post=281653"},{"taxonomy":"product_tag","embeddable":true,"href":"https:\/\/www.huntersfriend.eu\/de\/wp-json\/wp\/v2\/product_tag?post=281653"}],"curies":[{"name":"wp","href":"https:\/\/api.w.org\/{rel}","templated":true}]}}