{"id":281652,"date":"2023-03-16T13:14:53","date_gmt":"2025-06-23T10:23:00","guid":{"rendered":"https:\/\/www.huntersfriend.eu\/product\/alps-outdoorz-zephyr-1-personenzelt\/"},"modified":"2025-06-23T12:23:00","modified_gmt":"2025-06-23T10:23:00","slug":"alps-outdoorz-zephyr-1-personenzelt","status":"publish","type":"product","link":"https:\/\/www.huntersfriend.eu\/de\/produkt\/alps-outdoorz-zephyr-1-personenzelt\/","title":{"rendered":"Alps outdoorz Zephyr 1 Personenzelt"},"content":{"rendered":"<p>Farbe &#8211; Grau\/Marineblau<\/p>\n<p>Das Zephyr-Modell ist ideal f\u00fcr jene schw\u00fclen, feuchten N\u00e4chte, in denen Sie eine Brise in Ihrem Zelt sp\u00fcren m\u00f6chten. Die W\u00e4nde bestehen vollst\u00e4ndig aus Netzstoff, was maximale Bel\u00fcftung und Frischluftzufuhr erm\u00f6glicht. Das einzigartige 2-Stangen-Design bietet Ihnen mehr Kopfraum zum Aufsitzen, ohne sich beengt zu f\u00fchlen. Das Zephyr verf\u00fcgt \u00fcber Zeltststangen aus Flugzeugaluminium, die sowohl robust als auch leicht sind. Es gibt eine T\u00fcr am Ende, die den Ein- und Ausstieg erleichtert, sowie eine Apsis \u00fcber der T\u00fcr, die einen hervorragenden Platz f\u00fcr die Aufbewahrung zus\u00e4tzlicher Ausr\u00fcstung bietet. Das \u00dcberzelt wird am Zelt festgeschnallt, was im Vergleich zu elastischen Schn\u00fcren eine wesentlich sicherere Befestigung gew\u00e4hrleistet. Au\u00dfergew\u00f6hnliche Bel\u00fcftung, gro\u00dfz\u00fcgiger Kopfraum und geringes Gewicht&#8230; eine gro\u00dfartige Kombination, die ein hochwertiges Zelt kreiert.      <\/p>\n<p>\u2022 Freistehende Konstruktion mit Aluminiumstangen der Serie 7000<\/p>\n<p>\u2022 Neugestaltete Rahmenform vergr\u00f6\u00dfert den nutzbaren Raum bei gleichbleibenden Bodenabmessungen<\/p>\n<p>\u2022 Einfache Montage mit Stangenclips, die sich schnell \u00fcber die Zeltstangen schnappen lassen<\/p>\n<p>\u2022 75D 185T Polyester-\u00dcberzelt mit 1500mm Beschichtung widersteht UV-Sch\u00e4den und bleibt straff<\/p>\n<p>\u2022 Werkseitig versiegelte \u00dcberzelt- und Bodenn\u00e4hte bieten optimalen Wetterschutz<\/p>\n<p>\u2022 75D 185T Poly-Taft-Boden mit 3000mm Beschichtung<\/p>\n<p>\u2022 #8 Rei\u00dfverschl\u00fcsse<\/p>\n<p>\u2022 Hervorragende Bel\u00fcftung durch vollst\u00e4ndige Netzw\u00e4nde<\/p>\n<p>\u2022 Apsis f\u00fcr Ausr\u00fcstungsaufbewahrung und zus\u00e4tzlichen Wetterschutz<\/p>\n<p>\u2022 Wetterfeste Au\u00dfenzeltschnallen f\u00fcr maximale Anpassungsf\u00e4higkeit und Schutz<\/p>\n<p>\u2022 Netzaufbewahrungstasche, Dachablage, 7075 Aluminiumheringe und Abspannseile inklusive<\/p>\n<p>\u2022 Eine T\u00fcr und eine Apsis<\/p>\n<table border=\"3\">\n<tbody>\n<tr align=\"CENTER\">\n<th colspan=\"2\">Zephyr 1 Zelt<\/th>\n<\/tr>\n<tr align=\"CENTER\">\n<td><b>Grundma\u00dfe<\/b><\/td>\n<td>218,44 cm \u201eL x 111,76 cm\u201c B<\/td>\n<\/tr>\n<tr align=\"CENTER\">\n<td><b>Firsth\u00f6he<\/b><\/td>\n<td>0,91 m<\/td>\n<\/tr>\n<tr align=\"CENTER\">\n<td><b>Apsis-Tiefe<\/b><\/td>\n<td>58,42 cm<\/td>\n<\/tr>\n<tr align=\"CENTER\">\n<td><b>Zeltfl\u00e4che<\/b><\/td>\n<td>2,14 m\u00b2<\/td>\n<\/tr>\n<tr align=\"CENTER\">\n<td><b>Apsisfl\u00e4che<\/b><\/td>\n<td>0,51 m\u00b2<\/td>\n<\/tr>\n<tr align=\"CENTER\">\n<td><b>Mindestgewicht<\/b><\/td>\n<td>1,79 kg <\/td>\n<\/tr>\n<tr align=\"CENTER\">\n<td><b>Gesamtgewicht<\/b><\/td>\n<td>4 lbs. 12 oz. <\/td>\n<\/tr>\n<tr align=\"CENTER\">\n<td><b>Packma\u00df<\/b><\/td>\n<td>40,64 cm \u201eL x 12,7 cm\u201c D<\/td>\n<\/tr>\n<tr align=\"CENTER\">\n<td><b>Stangendurchmesser<\/b><\/td>\n<td>7,9 mm AL<\/td>\n<\/tr>\n<\/tbody>\n<\/table>\n","protected":false},"excerpt":{"rendered":"<p>Farbe &#8211; Grau\/Marineblau Das Zephyr-Modell ist ideal f\u00fcr jene schw\u00fclen, feuchten N\u00e4chte, in denen Sie eine Brise in Ihrem Zelt sp\u00fcren m\u00f6chten. Die W\u00e4nde bestehen vollst\u00e4ndig aus Netzstoff, was maximale Bel\u00fcftung und Frischluftzufuhr erm\u00f6glicht. Das einzigartige 2-Stangen-Design bietet Ihnen mehr Kopfraum zum Aufsitzen, ohne sich beengt zu f\u00fchlen. Das Zephyr verf\u00fcgt \u00fcber Zeltststangen aus Flugzeugaluminium, [&#8230;]\n","protected":false},"featured_media":245971,"comment_status":"open","ping_status":"closed","template":"","meta":[],"product_brand":[],"product_cat":[2114],"product_tag":[],"class_list":{"0":"post-281652","1":"product","2":"type-product","3":"status-publish","4":"has-post-thumbnail","6":"product_cat-zelte","7":"product_shipping_class-medium-de","9":"first","10":"outofstock","11":"taxable","12":"shipping-taxable","13":"purchasable","14":"product-type-simple"},"composite_virtual":false,"composite_layout":"","composite_add_to_cart_form_location":"","composite_editable_in_cart":false,"composite_sold_individually_context":"","composite_shop_price_calc":"","composite_components":[],"composite_scenarios":[],"group_of_quantity":0,"min_quantity":0,"max_quantity":"","exclude_order_quantity_value_rules":"no","exclude_category_quantity_rules":"no","combine_variations":"no","exclude_global_add_ons":[],"addons":[],"_links":{"self":[{"href":"https:\/\/www.huntersfriend.eu\/de\/wp-json\/wp\/v2\/product\/281652","targetHints":{"allow":["GET"]}}],"collection":[{"href":"https:\/\/www.huntersfriend.eu\/de\/wp-json\/wp\/v2\/product"}],"about":[{"href":"https:\/\/www.huntersfriend.eu\/de\/wp-json\/wp\/v2\/types\/product"}],"replies":[{"embeddable":true,"href":"https:\/\/www.huntersfriend.eu\/de\/wp-json\/wp\/v2\/comments?post=281652"}],"wp:featuredmedia":[{"embeddable":true,"href":"https:\/\/www.huntersfriend.eu\/de\/wp-json\/wp\/v2\/media\/245971"}],"wp:attachment":[{"href":"https:\/\/www.huntersfriend.eu\/de\/wp-json\/wp\/v2\/media?parent=281652"}],"wp:term":[{"taxonomy":"product_brand","embeddable":true,"href":"https:\/\/www.huntersfriend.eu\/de\/wp-json\/wp\/v2\/product_brand?post=281652"},{"taxonomy":"product_cat","embeddable":true,"href":"https:\/\/www.huntersfriend.eu\/de\/wp-json\/wp\/v2\/product_cat?post=281652"},{"taxonomy":"product_tag","embeddable":true,"href":"https:\/\/www.huntersfriend.eu\/de\/wp-json\/wp\/v2\/product_tag?post=281652"}],"curies":[{"name":"wp","href":"https:\/\/api.w.org\/{rel}","templated":true}]}}