{"id":281651,"date":"2023-03-16T13:15:14","date_gmt":"2023-03-16T11:15:14","guid":{"rendered":"https:\/\/www.huntersfriend.eu\/product\/alps-outdoorz-enforcer\/"},"modified":"2025-11-16T21:40:11","modified_gmt":"2025-11-16T19:40:11","slug":"alps-outdoorz-enforcer","status":"publish","type":"product","link":"https:\/\/www.huntersfriend.eu\/de\/produkt\/alps-outdoorz-enforcer\/","title":{"rendered":"Alps outdoorz enforcer"},"content":{"rendered":"<p>Farbe &#8211; Realtree Edge<\/p>\n<p>Suchen Sie nach dem ultimativen Rucksack f\u00fcr die Raubwildjagd? Die ALPS OutdoorZ Enforcer Raubwild-Weste wurde mit Blick auf au\u00dfergew\u00f6hnliche Leistung und Komfort konzipiert. Mit einem abnehmbaren, \u00fcberall einsetzbaren Kickstand-Rahmen mit verstellbaren Beinen und Schnellverriegelungstechnologie sind Sie jederzeit bereit, Position zu beziehen. Bei weniger als perfekten Bedingungen stabilisieren breite Schwenkf\u00fc\u00dfe und verhindern das Einsinken. Ein abnehmbarer, dicker, gepolsterter Klappsitz aus Memory-Schaum und ein gepolstertes R\u00fcckenteil bieten \u00fcberragenden Halt und Komfort. Das gro\u00dfe Packfach bietet ausreichend Platz f\u00fcr elektronische Lockmittel oder zus\u00e4tzliche Ausr\u00fcstung. Weitere Merkmale sind sechs Schrotpatronenhalter, 12 Zentralfeuerpatronenhalter, abnehmbare Vordertaschen und eine Hydrationstasche mit Anschluss. Der Enforcer ist eine einzigartige Weste, die bereit ist, zu liefern!       <\/p>\n<p>\u2022 Konzipiert f\u00fcr die Raubwildjagd<\/p>\n<p>\u2022 \u00dcberall einsetzbarer, abnehmbarer Kickstand-Rahmen<\/p>\n<p>\u2022 Verstellbare Beine und Schnellverriegelungstechnologie<\/p>\n<p>\u2022 Schwenkf\u00fc\u00dfe stabilisieren und helfen, das Einsinken zu verhindern<\/p>\n<p>\u2022 Abnehmbarer Klappsitz aus Memory-Schaum<\/p>\n<p>\u2022 Gro\u00dfes Packfach zum Aufbewahren und Transportieren von elektronischen Lockmitteln oder zus\u00e4tzlicher Ausr\u00fcstung<\/p>\n<p>\u2022 6 Schrotpatronenhalter<\/p>\n<p>\u2022 12 Zentralfeuerpatronenhalter<\/p>\n<p>\u2022 Abnehmbare Vordertaschen<\/p>\n<p>\u2022 Hydrationssystem-kompatibel<\/p>\n<table border=\"3\">\n<tbody>\n<tr align=\"CENTER\">\n<td><b>Fassungsverm\u00f6gen<\/b><\/td>\n<td>800 in\u00b3 \/ 13 L<\/td>\n<\/tr>\n<tr align=\"CENTER\">\n<td><b>Abmessungen des Hauptfaches<\/b><\/td>\n<td>16&#8243; H x 11,5&#8243; B x 4,5&#8243; T<\/td>\n<\/tr>\n<tr align=\"CENTER\">\n<td><b>Abmessungen der Vordertasche<\/b><\/td>\n<td>9&#8243; H x 7,5&#8243; B x 2&#8243; T<\/td>\n<\/tr>\n<tr align=\"CENTER\">\n<td><b>H\u00fcftgurtbereich<\/b><\/td>\n<td>38 \u201e- 68\u201c<\/td>\n<\/tr>\n<tr align=\"CENTER\">\n<td><b>Gewicht<\/b><\/td>\n<td>3,4 kg <\/td>\n<\/tr>\n<\/tbody>\n<\/table>\n","protected":false},"excerpt":{"rendered":"<p>Farbe &#8211; Realtree Edge Suchen Sie nach dem ultimativen Rucksack f\u00fcr die Raubwildjagd? Die ALPS OutdoorZ Enforcer Raubwild-Weste wurde mit Blick auf au\u00dfergew\u00f6hnliche Leistung und Komfort konzipiert. Mit einem abnehmbaren, \u00fcberall einsetzbaren Kickstand-Rahmen mit verstellbaren Beinen und Schnellverriegelungstechnologie sind Sie jederzeit bereit, Position zu beziehen. Bei weniger als perfekten Bedingungen stabilisieren breite Schwenkf\u00fc\u00dfe und verhindern [&#8230;]\n","protected":false},"featured_media":246296,"comment_status":"open","ping_status":"closed","template":"","meta":[],"product_brand":[],"product_cat":[1145],"product_tag":[],"class_list":{"0":"post-281651","1":"product","2":"type-product","3":"status-publish","4":"has-post-thumbnail","6":"product_cat-sonstiges","7":"product_shipping_class-medium-de","9":"first","10":"outofstock","11":"taxable","12":"shipping-taxable","13":"purchasable","14":"product-type-simple"},"composite_virtual":false,"composite_layout":"","composite_add_to_cart_form_location":"","composite_editable_in_cart":false,"composite_sold_individually_context":"","composite_shop_price_calc":"","composite_components":[],"composite_scenarios":[],"group_of_quantity":0,"min_quantity":0,"max_quantity":"","exclude_order_quantity_value_rules":"no","exclude_category_quantity_rules":"no","combine_variations":"no","exclude_global_add_ons":[],"addons":[],"_links":{"self":[{"href":"https:\/\/www.huntersfriend.eu\/de\/wp-json\/wp\/v2\/product\/281651","targetHints":{"allow":["GET"]}}],"collection":[{"href":"https:\/\/www.huntersfriend.eu\/de\/wp-json\/wp\/v2\/product"}],"about":[{"href":"https:\/\/www.huntersfriend.eu\/de\/wp-json\/wp\/v2\/types\/product"}],"replies":[{"embeddable":true,"href":"https:\/\/www.huntersfriend.eu\/de\/wp-json\/wp\/v2\/comments?post=281651"}],"wp:featuredmedia":[{"embeddable":true,"href":"https:\/\/www.huntersfriend.eu\/de\/wp-json\/wp\/v2\/media\/246296"}],"wp:attachment":[{"href":"https:\/\/www.huntersfriend.eu\/de\/wp-json\/wp\/v2\/media?parent=281651"}],"wp:term":[{"taxonomy":"product_brand","embeddable":true,"href":"https:\/\/www.huntersfriend.eu\/de\/wp-json\/wp\/v2\/product_brand?post=281651"},{"taxonomy":"product_cat","embeddable":true,"href":"https:\/\/www.huntersfriend.eu\/de\/wp-json\/wp\/v2\/product_cat?post=281651"},{"taxonomy":"product_tag","embeddable":true,"href":"https:\/\/www.huntersfriend.eu\/de\/wp-json\/wp\/v2\/product_tag?post=281651"}],"curies":[{"name":"wp","href":"https:\/\/api.w.org\/{rel}","templated":true}]}}