{"id":281649,"date":"2023-03-16T13:15:13","date_gmt":"2025-06-23T10:22:57","guid":{"rendered":"https:\/\/www.huntersfriend.eu\/product\/alps-outdoorz-extreme-vital-x\/"},"modified":"2025-11-19T10:43:24","modified_gmt":"2025-11-19T08:43:24","slug":"alps-outdoorz-extreme-vital-x","status":"publish","type":"product","link":"https:\/\/www.huntersfriend.eu\/de\/produkt\/alps-outdoorz-extreme-vital-x\/","title":{"rendered":"Alps outdoorz extreme vital x"},"content":{"rendered":"<p>Farbe &#8211; Kojote Braun<\/p>\n<p>Anstatt in Ihrem Jagdrucksack nach dem vergrabenen Entfernungsmesser zu suchen, verlassen Sie sich auf den Vital X, der stets f\u00fcr das Unerwartete bereit ist. Der Vital X-Entfernungsmesserbeutel, der aus strapazierf\u00e4higem Gewebe f\u00fcr un\u00fcbertroffene St\u00e4rke und Haltbarkeit gefertigt ist, wurde speziell f\u00fcr Benutzerfreundlichkeit und Vielseitigkeit bei der Jagd oder auf dem Schie\u00dfstand konzipiert. Ein einfaches Befestigungssystem mit einem Druckknopf macht den Vital X kompatibel mit dem renommierten Bino Harness X sowie einer Vielzahl von ALPS OutdoorZ-Rucks\u00e4cken. Das gepolsterte Hauptfach &#8211; welches den h\u00e4rtesten Bedingungen standh\u00e4lt &#8211; bietet sicheren, kompakten Stauraum f\u00fcr Ihren Entfernungsmesser. Der ultraleise, magnetische Deckel des Vital X erm\u00f6glicht einen schnellen und einfachen Zugriff auf Ihren Entfernungsmesser, wenn Sie sich Ihrem Ziel n\u00e4hern und jede Sekunde z\u00e4hlt. Mit einem Gewicht von nur 85 Gramm ist das Vital X-Zubeh\u00f6rteil eine selbstverst\u00e4ndliche, essentielle Erg\u00e4nzung f\u00fcr das Arsenal eines jeden J\u00e4gers.     <\/p>\n<ul>\n<li>Strapazierf\u00e4higes Gewebe<\/li>\n<li>Einfaches und vielseitiges Befestigungssystem<\/li>\n<li>SR-Schnallenbefestigung f\u00fcr Kompatibilit\u00e4t mit Bino Harness X und einer Vielzahl von Rucks\u00e4cken<\/li>\n<li>Gepolstertes Hauptfach<\/li>\n<li>Ultraleise Magnete sichern den oberen Deckel<\/li>\n<li>Schneller und einfacher Zugriff<\/li>\n<\/ul>\n<table border=\"3\">\n<tbody>\n<tr align=\"CENTER\">\n<td><b>Abmessungen<\/b><\/td>\n<td>12,7 cm x 7,6 cm x 3,8 cm<\/td>\n<\/tr>\n<tr align=\"CENTER\">\n<td><b>Gewicht<\/b><\/td>\n<td>85 g<\/td>\n<\/tr>\n<\/tbody>\n<\/table>\n<p>&nbsp;<\/p>\n","protected":false},"excerpt":{"rendered":"<p>Farbe &#8211; Kojote Braun Anstatt in Ihrem Jagdrucksack nach dem vergrabenen Entfernungsmesser zu suchen, verlassen Sie sich auf den Vital X, der stets f\u00fcr das Unerwartete bereit ist. Der Vital X-Entfernungsmesserbeutel, der aus strapazierf\u00e4higem Gewebe f\u00fcr un\u00fcbertroffene St\u00e4rke und Haltbarkeit gefertigt ist, wurde speziell f\u00fcr Benutzerfreundlichkeit und Vielseitigkeit bei der Jagd oder auf dem Schie\u00dfstand [&#8230;]\n","protected":false},"featured_media":246300,"comment_status":"open","ping_status":"closed","template":"","meta":[],"product_brand":[],"product_cat":[1412],"product_tag":[],"class_list":{"0":"post-281649","1":"product","2":"type-product","3":"status-publish","4":"has-post-thumbnail","6":"product_cat-fernglaszubehor","8":"first","9":"instock","10":"taxable","11":"shipping-taxable","12":"purchasable","13":"product-type-simple"},"composite_virtual":false,"composite_layout":"","composite_add_to_cart_form_location":"","composite_editable_in_cart":false,"composite_sold_individually_context":"","composite_shop_price_calc":"","composite_components":[],"composite_scenarios":[],"group_of_quantity":0,"min_quantity":0,"max_quantity":"","exclude_order_quantity_value_rules":"no","exclude_category_quantity_rules":"no","combine_variations":"no","exclude_global_add_ons":[],"addons":[],"_links":{"self":[{"href":"https:\/\/www.huntersfriend.eu\/de\/wp-json\/wp\/v2\/product\/281649","targetHints":{"allow":["GET"]}}],"collection":[{"href":"https:\/\/www.huntersfriend.eu\/de\/wp-json\/wp\/v2\/product"}],"about":[{"href":"https:\/\/www.huntersfriend.eu\/de\/wp-json\/wp\/v2\/types\/product"}],"replies":[{"embeddable":true,"href":"https:\/\/www.huntersfriend.eu\/de\/wp-json\/wp\/v2\/comments?post=281649"}],"wp:featuredmedia":[{"embeddable":true,"href":"https:\/\/www.huntersfriend.eu\/de\/wp-json\/wp\/v2\/media\/246300"}],"wp:attachment":[{"href":"https:\/\/www.huntersfriend.eu\/de\/wp-json\/wp\/v2\/media?parent=281649"}],"wp:term":[{"taxonomy":"product_brand","embeddable":true,"href":"https:\/\/www.huntersfriend.eu\/de\/wp-json\/wp\/v2\/product_brand?post=281649"},{"taxonomy":"product_cat","embeddable":true,"href":"https:\/\/www.huntersfriend.eu\/de\/wp-json\/wp\/v2\/product_cat?post=281649"},{"taxonomy":"product_tag","embeddable":true,"href":"https:\/\/www.huntersfriend.eu\/de\/wp-json\/wp\/v2\/product_tag?post=281649"}],"curies":[{"name":"wp","href":"https:\/\/api.w.org\/{rel}","templated":true}]}}